{"id":7496,"date":"2024-07-13T09:50:27","date_gmt":"2024-07-13T09:50:27","guid":{"rendered":"https:\/\/ogofurniture.com\/?post_type=product&#038;p=7496"},"modified":"2026-04-09T09:22:52","modified_gmt":"2026-04-09T09:22:52","slug":"puf-pool-table-copia-2","status":"publish","type":"product","link":"https:\/\/ogofurniture.com\/es\/producto\/puf-pool-table-copia-2\/","title":{"rendered":"Tray Table"},"content":{"rendered":"\r\n<p><strong>Handcrafted in Spain.\u200e<\/strong><\/p>\r\n<p>Realizamos env\u00edos de mobiliario outdoor premium a toda Europa y mercados internacionales.<\/p>\r\n<p>G1- 3D fabrics, 100% breathable and drainable, which allow water to enter the interior, and then drain properly after each use. Cleaning is recommended after each use for a longer lifespan.<br \/><a href=\"http:\/\/ogofurniture.com\/wp-content\/uploads\/2024\/06\/OGO-FABRICS-Care-Maintenance.zip\">For any more information about maintenance, click here <img decoding=\"async\" data-src=\"https:\/\/static.vecteezy.com\/system\/resources\/thumbnails\/028\/727\/876\/small_2x\/click-finger-icon-emoji-sticker-free-png.png\" alt=\"clique dedo \u00edcone emoji adesivo 28727876 PNG\" width=\"14\" height=\"19\" src=\"data:image\/svg+xml;base64,PHN2ZyB3aWR0aD0iMSIgaGVpZ2h0PSIxIiB4bWxucz0iaHR0cDovL3d3dy53My5vcmcvMjAwMC9zdmciPjwvc3ZnPg==\" class=\"lazyload\" style=\"--smush-placeholder-width: 14px; --smush-placeholder-aspect-ratio: 14\/19;\" \/><\/a><\/p>\r\n<p>Filling: 100% BIOPS polystyrene beads suitable for outdoor and pool use.<\/p>\r\n<p>The total measurements shown in this form can vary between 5 cm +\/-.<\/p>\r\n<p>The weight of the items increases in contact with water, so, depending on the size of the product, assistance from two people may be necessary to remove it from the water.<\/p>\r\n<p>Product not harmful to health.<\/p>\r\n<p>Should not be used by children without adult supervision.<\/p>\r\n<p>OGO is not responsible for improper use of the product.<\/p>\r\n","protected":false},"excerpt":{"rendered":"<p data-start=\"51\" data-end=\"259\">La mesa Tray es la combinaci\u00f3n perfecta de estilo y funcionalidad en un formato compacto. Con su dise\u00f1o bajo y vers\u00e1til, se adapta sin esfuerzo a cualquier espacio, tanto en interiores como en exteriores.<\/p>\n<p data-start=\"261\" data-end=\"431\" data-is-last-node=\"\" data-is-only-node=\"\">Ideal para apoyar bebidas, snacks u objetos peque\u00f1os, tambi\u00e9n puede usarse como bandeja o elemento decorativo. \u00a1Ll\u00e9vala contigo y dale un nuevo uso dondequiera que vayas!<\/p>\n","protected":false},"featured_media":7449,"comment_status":"open","ping_status":"closed","template":"","meta":[],"family":[],"product_brand":[],"product_cat":[30],"product_tag":[],"class_list":{"0":"post-7496","1":"product","2":"type-product","3":"status-publish","4":"has-post-thumbnail","6":"product_cat-sin-categorizar","8":"first","9":"instock","10":"taxable","11":"shipping-taxable","12":"product-type-variable"},"acf":[],"yoast_head":"<!-- This site is optimized with the Yoast SEO plugin v27.4 - https:\/\/yoast.com\/product\/yoast-seo-wordpress\/ -->\n<title>Tray Table - ogofurniture<\/title>\n<meta name=\"robots\" content=\"index, follow, max-snippet:-1, max-image-preview:large, max-video-preview:-1\" \/>\n<link rel=\"canonical\" href=\"https:\/\/ogofurniture.com\/es\/producto\/puf-pool-table-copia-2\/\" \/>\n<meta property=\"og:locale\" content=\"es_ES\" \/>\n<meta property=\"og:type\" content=\"article\" \/>\n<meta property=\"og:title\" content=\"Tray Table - ogofurniture\" \/>\n<meta property=\"og:description\" content=\"La mesa Tray es la combinaci\u00f3n perfecta de estilo y funcionalidad en un formato compacto. Con su dise\u00f1o bajo y vers\u00e1til, se adapta sin esfuerzo a cualquier espacio, tanto en interiores como en exteriores. Ideal para apoyar bebidas, snacks u objetos peque\u00f1os, tambi\u00e9n puede usarse como bandeja o elemento decorativo. \u00a1Ll\u00e9vala contigo y dale un nuevo uso dondequiera que vayas!\" \/>\n<meta property=\"og:url\" content=\"https:\/\/ogofurniture.com\/es\/producto\/puf-pool-table-copia-2\/\" \/>\n<meta property=\"og:site_name\" content=\"ogofurniture\" \/>\n<meta property=\"article:modified_time\" content=\"2026-04-09T09:22:52+00:00\" \/>\n<meta property=\"og:image\" content=\"https:\/\/ogofurniture.com\/wp-content\/uploads\/2025\/07\/OGO-2025-5-ASF_3775-683x1024.jpeg\" \/>\n\t<meta property=\"og:image:width\" content=\"683\" \/>\n\t<meta property=\"og:image:height\" content=\"1024\" \/>\n\t<meta property=\"og:image:type\" content=\"image\/jpeg\" \/>\n<meta name=\"twitter:card\" content=\"summary_large_image\" \/>\n<meta name=\"twitter:label1\" content=\"Tiempo de lectura\" \/>\n\t<meta name=\"twitter:data1\" content=\"1 minuto\" \/>\n<script type=\"application\/ld+json\" class=\"yoast-schema-graph\">{\"@context\":\"https:\\\/\\\/schema.org\",\"@graph\":[{\"@type\":[\"WebPage\",\"ItemPage\"],\"@id\":\"https:\\\/\\\/ogofurniture.com\\\/es\\\/producto\\\/puf-pool-table-copia-2\\\/\",\"url\":\"https:\\\/\\\/ogofurniture.com\\\/es\\\/producto\\\/puf-pool-table-copia-2\\\/\",\"name\":\"Tray Table - ogofurniture\",\"isPartOf\":{\"@id\":\"https:\\\/\\\/ogofurniture.com\\\/es\\\/#website\"},\"primaryImageOfPage\":{\"@id\":\"https:\\\/\\\/ogofurniture.com\\\/es\\\/producto\\\/puf-pool-table-copia-2\\\/#primaryimage\"},\"image\":{\"@id\":\"https:\\\/\\\/ogofurniture.com\\\/es\\\/producto\\\/puf-pool-table-copia-2\\\/#primaryimage\"},\"thumbnailUrl\":\"https:\\\/\\\/ogofurniture.com\\\/wp-content\\\/uploads\\\/2025\\\/07\\\/OGO-2025-5-ASF_3775.jpeg\",\"datePublished\":\"2024-07-13T09:50:27+00:00\",\"dateModified\":\"2026-04-09T09:22:52+00:00\",\"breadcrumb\":{\"@id\":\"https:\\\/\\\/ogofurniture.com\\\/es\\\/producto\\\/puf-pool-table-copia-2\\\/#breadcrumb\"},\"inLanguage\":\"es\",\"potentialAction\":[{\"@type\":\"ReadAction\",\"target\":[\"https:\\\/\\\/ogofurniture.com\\\/es\\\/producto\\\/puf-pool-table-copia-2\\\/\"]}]},{\"@type\":\"ImageObject\",\"inLanguage\":\"es\",\"@id\":\"https:\\\/\\\/ogofurniture.com\\\/es\\\/producto\\\/puf-pool-table-copia-2\\\/#primaryimage\",\"url\":\"https:\\\/\\\/ogofurniture.com\\\/wp-content\\\/uploads\\\/2025\\\/07\\\/OGO-2025-5-ASF_3775.jpeg\",\"contentUrl\":\"https:\\\/\\\/ogofurniture.com\\\/wp-content\\\/uploads\\\/2025\\\/07\\\/OGO-2025-5-ASF_3775.jpeg\",\"width\":5311,\"height\":7962},{\"@type\":\"BreadcrumbList\",\"@id\":\"https:\\\/\\\/ogofurniture.com\\\/es\\\/producto\\\/puf-pool-table-copia-2\\\/#breadcrumb\",\"itemListElement\":[{\"@type\":\"ListItem\",\"position\":1,\"name\":\"Tienda\",\"item\":\"https:\\\/\\\/ogofurniture.com\\\/es\\\/tienda\\\/\"},{\"@type\":\"ListItem\",\"position\":2,\"name\":\"Tray Table\"}]},{\"@type\":\"WebSite\",\"@id\":\"https:\\\/\\\/ogofurniture.com\\\/es\\\/#website\",\"url\":\"https:\\\/\\\/ogofurniture.com\\\/es\\\/\",\"name\":\"ogofurniture\",\"description\":\"In &amp; Out Furniture\",\"potentialAction\":[{\"@type\":\"SearchAction\",\"target\":{\"@type\":\"EntryPoint\",\"urlTemplate\":\"https:\\\/\\\/ogofurniture.com\\\/es\\\/?s={search_term_string}\"},\"query-input\":{\"@type\":\"PropertyValueSpecification\",\"valueRequired\":true,\"valueName\":\"search_term_string\"}}],\"inLanguage\":\"es\"}]}<\/script>\n<!-- \/ Yoast SEO plugin. -->","yoast_head_json":{"title":"Tray Table - ogofurniture","robots":{"index":"index","follow":"follow","max-snippet":"max-snippet:-1","max-image-preview":"max-image-preview:large","max-video-preview":"max-video-preview:-1"},"canonical":"https:\/\/ogofurniture.com\/es\/producto\/puf-pool-table-copia-2\/","og_locale":"es_ES","og_type":"article","og_title":"Tray Table - ogofurniture","og_description":"La mesa Tray es la combinaci\u00f3n perfecta de estilo y funcionalidad en un formato compacto. Con su dise\u00f1o bajo y vers\u00e1til, se adapta sin esfuerzo a cualquier espacio, tanto en interiores como en exteriores. Ideal para apoyar bebidas, snacks u objetos peque\u00f1os, tambi\u00e9n puede usarse como bandeja o elemento decorativo. \u00a1Ll\u00e9vala contigo y dale un nuevo uso dondequiera que vayas!","og_url":"https:\/\/ogofurniture.com\/es\/producto\/puf-pool-table-copia-2\/","og_site_name":"ogofurniture","article_modified_time":"2026-04-09T09:22:52+00:00","og_image":[{"width":683,"height":1024,"url":"https:\/\/ogofurniture.com\/wp-content\/uploads\/2025\/07\/OGO-2025-5-ASF_3775-683x1024.jpeg","type":"image\/jpeg"}],"twitter_card":"summary_large_image","twitter_misc":{"Tiempo de lectura":"1 minuto"},"schema":{"@context":"https:\/\/schema.org","@graph":[{"@type":["WebPage","ItemPage"],"@id":"https:\/\/ogofurniture.com\/es\/producto\/puf-pool-table-copia-2\/","url":"https:\/\/ogofurniture.com\/es\/producto\/puf-pool-table-copia-2\/","name":"Tray Table - ogofurniture","isPartOf":{"@id":"https:\/\/ogofurniture.com\/es\/#website"},"primaryImageOfPage":{"@id":"https:\/\/ogofurniture.com\/es\/producto\/puf-pool-table-copia-2\/#primaryimage"},"image":{"@id":"https:\/\/ogofurniture.com\/es\/producto\/puf-pool-table-copia-2\/#primaryimage"},"thumbnailUrl":"https:\/\/ogofurniture.com\/wp-content\/uploads\/2025\/07\/OGO-2025-5-ASF_3775.jpeg","datePublished":"2024-07-13T09:50:27+00:00","dateModified":"2026-04-09T09:22:52+00:00","breadcrumb":{"@id":"https:\/\/ogofurniture.com\/es\/producto\/puf-pool-table-copia-2\/#breadcrumb"},"inLanguage":"es","potentialAction":[{"@type":"ReadAction","target":["https:\/\/ogofurniture.com\/es\/producto\/puf-pool-table-copia-2\/"]}]},{"@type":"ImageObject","inLanguage":"es","@id":"https:\/\/ogofurniture.com\/es\/producto\/puf-pool-table-copia-2\/#primaryimage","url":"https:\/\/ogofurniture.com\/wp-content\/uploads\/2025\/07\/OGO-2025-5-ASF_3775.jpeg","contentUrl":"https:\/\/ogofurniture.com\/wp-content\/uploads\/2025\/07\/OGO-2025-5-ASF_3775.jpeg","width":5311,"height":7962},{"@type":"BreadcrumbList","@id":"https:\/\/ogofurniture.com\/es\/producto\/puf-pool-table-copia-2\/#breadcrumb","itemListElement":[{"@type":"ListItem","position":1,"name":"Tienda","item":"https:\/\/ogofurniture.com\/es\/tienda\/"},{"@type":"ListItem","position":2,"name":"Tray Table"}]},{"@type":"WebSite","@id":"https:\/\/ogofurniture.com\/es\/#website","url":"https:\/\/ogofurniture.com\/es\/","name":"ogofurniture","description":"In &amp; Out Furniture","potentialAction":[{"@type":"SearchAction","target":{"@type":"EntryPoint","urlTemplate":"https:\/\/ogofurniture.com\/es\/?s={search_term_string}"},"query-input":{"@type":"PropertyValueSpecification","valueRequired":true,"valueName":"search_term_string"}}],"inLanguage":"es"}]}},"jetpack_sharing_enabled":true,"_links":{"self":[{"href":"https:\/\/ogofurniture.com\/es\/wp-json\/wp\/v2\/product\/7496","targetHints":{"allow":["GET"]}}],"collection":[{"href":"https:\/\/ogofurniture.com\/es\/wp-json\/wp\/v2\/product"}],"about":[{"href":"https:\/\/ogofurniture.com\/es\/wp-json\/wp\/v2\/types\/product"}],"replies":[{"embeddable":true,"href":"https:\/\/ogofurniture.com\/es\/wp-json\/wp\/v2\/comments?post=7496"}],"wp:featuredmedia":[{"embeddable":true,"href":"https:\/\/ogofurniture.com\/es\/wp-json\/wp\/v2\/media\/7449"}],"wp:attachment":[{"href":"https:\/\/ogofurniture.com\/es\/wp-json\/wp\/v2\/media?parent=7496"}],"wp:term":[{"taxonomy":"family","embeddable":true,"href":"https:\/\/ogofurniture.com\/es\/wp-json\/wp\/v2\/family?post=7496"},{"taxonomy":"product_brand","embeddable":true,"href":"https:\/\/ogofurniture.com\/es\/wp-json\/wp\/v2\/product_brand?post=7496"},{"taxonomy":"product_cat","embeddable":true,"href":"https:\/\/ogofurniture.com\/es\/wp-json\/wp\/v2\/product_cat?post=7496"},{"taxonomy":"product_tag","embeddable":true,"href":"https:\/\/ogofurniture.com\/es\/wp-json\/wp\/v2\/product_tag?post=7496"}],"curies":[{"name":"wp","href":"https:\/\/api.w.org\/{rel}","templated":true}]}}