{"id":5880,"date":"2025-07-06T11:00:43","date_gmt":"2025-07-06T11:00:43","guid":{"rendered":"https:\/\/ogofurniture.com\/producto\/starfish-s\/"},"modified":"2026-03-05T13:00:44","modified_gmt":"2026-03-05T13:00:44","slug":"ogofurniture-com-starfish-luxury-puf","status":"publish","type":"product","link":"https:\/\/ogofurniture.com\/es\/producto\/ogofurniture-com-starfish-luxury-puf\/","title":{"rendered":"Starfish"},"content":{"rendered":"<p data-start=\"98\" data-end=\"149\"><strong data-start=\"98\" data-end=\"149\">Starfish S Luxury Puf &#8211; Hecho a mano en Espa\u00f1a<\/strong><\/p>\n<p data-start=\"151\" data-end=\"426\">G1- Tejidos 3D, 100% transpirables y drenables, que permiten que el agua entre en el interior y luego se drene correctamente despu\u00e9s de cada uso. Se recomienda limpiar despu\u00e9s de cada uso para prolongar su vida \u00fatil.<br data-start=\"367\" data-end=\"370\" \/><a href=\"http:\/\/ogofurniture.com\/wp-content\/uploads\/2024\/06\/OGO-FABRICS-Care-Maintenance.zip\">Para m\u00e1s informaci\u00f3n de mantenimiento, clica aqu\u00ed.<img decoding=\"async\" data-src=\"https:\/\/static.vecteezy.com\/system\/resources\/thumbnails\/028\/727\/876\/small_2x\/click-finger-icon-emoji-sticker-free-png.png\" alt=\"clique dedo \u00edcone emoji adesivo 28727876 PNG\" width=\"14\" height=\"19\" src=\"data:image\/svg+xml;base64,PHN2ZyB3aWR0aD0iMSIgaGVpZ2h0PSIxIiB4bWxucz0iaHR0cDovL3d3dy53My5vcmcvMjAwMC9zdmciPjwvc3ZnPg==\" class=\"lazyload\" style=\"--smush-placeholder-width: 14px; --smush-placeholder-aspect-ratio: 14\/19;\" \/><\/a><\/p>\n<p data-start=\"428\" data-end=\"519\">Relleno: Bolitas de poliestireno 100% BIOPS, aptas para uso en exteriores y en piscina.<\/p>\n<p data-start=\"521\" data-end=\"593\">Las medidas totales mostradas en este formulario pueden variar +\/- 5 cm.<\/p>\n<p data-start=\"595\" data-end=\"754\">El peso del producto aumenta en contacto con el agua, por lo que, dependiendo del tama\u00f1o, puede ser necesaria la ayuda de dos personas para retirarlo del agua.<\/p>\n<p data-start=\"756\" data-end=\"789\">Producto no da\u00f1ino para la salud.<\/p>\n<p data-start=\"791\" data-end=\"855\">No debe ser utilizado por ni\u00f1os sin la supervisi\u00f3n de un adulto.<\/p>\n<p data-start=\"857\" data-end=\"917\">OGO no se responsabiliza por el uso incorrecto del producto.<\/p>\n<p data-start=\"919\" data-end=\"1072\">Experimenta la comodidad y calidad del Starfish S Luxury Puf &#8211; Hecho a mano en Espa\u00f1a, dise\u00f1ado para elevar tu relax al aire libre y junto a la piscina.<\/p>\n<p data-start=\"1074\" data-end=\"1129\">Vis\u00edtanos en Instagram y descubre m\u00e1s en <a href=\"https:\/\/www.instagram.com\/ogo_furniture\/\">@ogo_furniture<\/a><\/p>\n","protected":false},"excerpt":{"rendered":"<p>Un viaje a las estrellas puede oler a mar. El puf con dise\u00f1o de estrella de mar siempre se convierte en el centro de atenci\u00f3n gracias a su dise\u00f1o evocador e innovador. Perfecto para espacios exteriores y \u00e1reas junto a la piscina, el Starfish combina estilo y funcionalidad. Sin duda, es nuestro producto estrella.<\/p>\n","protected":false},"featured_media":15267,"comment_status":"open","ping_status":"closed","template":"","meta":[],"family":[82],"product_brand":[],"product_cat":[30],"product_tag":[],"class_list":{"0":"post-5880","1":"product","2":"type-product","3":"status-publish","4":"has-post-thumbnail","6":"family-splash","7":"product_cat-sin-categorizar","9":"first","10":"instock","11":"taxable","12":"shipping-taxable","13":"purchasable","14":"product-type-variable"},"acf":[],"yoast_head":"<!-- This site is optimized with the Yoast SEO plugin v27.3 - https:\/\/yoast.com\/product\/yoast-seo-wordpress\/ -->\n<title>Starfish Luxury Puf | OGO Furniture Starfish - ogofurniture<\/title>\n<meta name=\"description\" content=\"Starfish Luxury Pouf. Dise\u00f1o mediterr\u00e1neo, confort ilimitado y estilo para tu piscina o terraza. Producto hecho a mano, fabricado para ti en Espa\u00f1a.\" \/>\n<meta name=\"robots\" content=\"index, follow, max-snippet:-1, max-image-preview:large, max-video-preview:-1\" \/>\n<link rel=\"canonical\" href=\"https:\/\/ogofurniture.com\/es\/producto\/ogofurniture-com-starfish-luxury-puf\/\" \/>\n<meta property=\"og:locale\" content=\"es_ES\" \/>\n<meta property=\"og:type\" content=\"article\" \/>\n<meta property=\"og:title\" content=\"Starfish Luxury Puf | OGO Furniture Starfish - ogofurniture\" \/>\n<meta property=\"og:description\" content=\"Starfish Luxury Pouf. Dise\u00f1o mediterr\u00e1neo, confort ilimitado y estilo para tu piscina o terraza. Producto hecho a mano, fabricado para ti en Espa\u00f1a.\" \/>\n<meta property=\"og:url\" content=\"https:\/\/ogofurniture.com\/es\/producto\/ogofurniture-com-starfish-luxury-puf\/\" \/>\n<meta property=\"og:site_name\" content=\"ogofurniture\" \/>\n<meta property=\"article:modified_time\" content=\"2026-03-05T13:00:44+00:00\" \/>\n<meta property=\"og:image\" content=\"https:\/\/ogofurniture.com\/wp-content\/uploads\/2024\/07\/STARFISH-S.jpg\" \/>\n\t<meta property=\"og:image:width\" content=\"500\" \/>\n\t<meta property=\"og:image:height\" content=\"500\" \/>\n\t<meta property=\"og:image:type\" content=\"image\/jpeg\" \/>\n<meta name=\"twitter:card\" content=\"summary_large_image\" \/>\n<meta name=\"twitter:label1\" content=\"Tiempo de lectura\" \/>\n\t<meta name=\"twitter:data1\" content=\"2 minutos\" \/>\n<script type=\"application\/ld+json\" class=\"yoast-schema-graph\">{\"@context\":\"https:\\\/\\\/schema.org\",\"@graph\":[{\"@type\":[\"WebPage\",\"ItemPage\"],\"@id\":\"https:\\\/\\\/ogofurniture.com\\\/es\\\/producto\\\/ogofurniture-com-starfish-luxury-puf\\\/\",\"url\":\"https:\\\/\\\/ogofurniture.com\\\/es\\\/producto\\\/ogofurniture-com-starfish-luxury-puf\\\/\",\"name\":\"Starfish Luxury Puf | OGO Furniture Starfish - ogofurniture\",\"isPartOf\":{\"@id\":\"https:\\\/\\\/ogofurniture.com\\\/es\\\/#website\"},\"primaryImageOfPage\":{\"@id\":\"https:\\\/\\\/ogofurniture.com\\\/es\\\/producto\\\/ogofurniture-com-starfish-luxury-puf\\\/#primaryimage\"},\"image\":{\"@id\":\"https:\\\/\\\/ogofurniture.com\\\/es\\\/producto\\\/ogofurniture-com-starfish-luxury-puf\\\/#primaryimage\"},\"thumbnailUrl\":\"https:\\\/\\\/ogofurniture.com\\\/wp-content\\\/uploads\\\/2025\\\/07\\\/STARFISH_OGO_CasaSardinera-3-e1772782149932.jpg\",\"datePublished\":\"2025-07-06T11:00:43+00:00\",\"dateModified\":\"2026-03-05T13:00:44+00:00\",\"description\":\"Starfish Luxury Pouf. Dise\u00f1o mediterr\u00e1neo, confort ilimitado y estilo para tu piscina o terraza. Producto hecho a mano, fabricado para ti en Espa\u00f1a.\",\"breadcrumb\":{\"@id\":\"https:\\\/\\\/ogofurniture.com\\\/es\\\/producto\\\/ogofurniture-com-starfish-luxury-puf\\\/#breadcrumb\"},\"inLanguage\":\"es\",\"potentialAction\":[{\"@type\":\"ReadAction\",\"target\":[\"https:\\\/\\\/ogofurniture.com\\\/es\\\/producto\\\/ogofurniture-com-starfish-luxury-puf\\\/\"]}]},{\"@type\":\"ImageObject\",\"inLanguage\":\"es\",\"@id\":\"https:\\\/\\\/ogofurniture.com\\\/es\\\/producto\\\/ogofurniture-com-starfish-luxury-puf\\\/#primaryimage\",\"url\":\"https:\\\/\\\/ogofurniture.com\\\/wp-content\\\/uploads\\\/2025\\\/07\\\/STARFISH_OGO_CasaSardinera-3-e1772782149932.jpg\",\"contentUrl\":\"https:\\\/\\\/ogofurniture.com\\\/wp-content\\\/uploads\\\/2025\\\/07\\\/STARFISH_OGO_CasaSardinera-3-e1772782149932.jpg\",\"width\":1275,\"height\":1890},{\"@type\":\"BreadcrumbList\",\"@id\":\"https:\\\/\\\/ogofurniture.com\\\/es\\\/producto\\\/ogofurniture-com-starfish-luxury-puf\\\/#breadcrumb\",\"itemListElement\":[{\"@type\":\"ListItem\",\"position\":1,\"name\":\"Tienda\",\"item\":\"https:\\\/\\\/ogofurniture.com\\\/es\\\/tienda\\\/\"},{\"@type\":\"ListItem\",\"position\":2,\"name\":\"Starfish\"}]},{\"@type\":\"WebSite\",\"@id\":\"https:\\\/\\\/ogofurniture.com\\\/es\\\/#website\",\"url\":\"https:\\\/\\\/ogofurniture.com\\\/es\\\/\",\"name\":\"ogofurniture\",\"description\":\"In &amp; Out Furniture\",\"potentialAction\":[{\"@type\":\"SearchAction\",\"target\":{\"@type\":\"EntryPoint\",\"urlTemplate\":\"https:\\\/\\\/ogofurniture.com\\\/es\\\/?s={search_term_string}\"},\"query-input\":{\"@type\":\"PropertyValueSpecification\",\"valueRequired\":true,\"valueName\":\"search_term_string\"}}],\"inLanguage\":\"es\"}]}<\/script>\n<!-- \/ Yoast SEO plugin. -->","yoast_head_json":{"title":"Starfish Luxury Puf | OGO Furniture Starfish - ogofurniture","description":"Starfish Luxury Pouf. Dise\u00f1o mediterr\u00e1neo, confort ilimitado y estilo para tu piscina o terraza. Producto hecho a mano, fabricado para ti en Espa\u00f1a.","robots":{"index":"index","follow":"follow","max-snippet":"max-snippet:-1","max-image-preview":"max-image-preview:large","max-video-preview":"max-video-preview:-1"},"canonical":"https:\/\/ogofurniture.com\/es\/producto\/ogofurniture-com-starfish-luxury-puf\/","og_locale":"es_ES","og_type":"article","og_title":"Starfish Luxury Puf | OGO Furniture Starfish - ogofurniture","og_description":"Starfish Luxury Pouf. Dise\u00f1o mediterr\u00e1neo, confort ilimitado y estilo para tu piscina o terraza. Producto hecho a mano, fabricado para ti en Espa\u00f1a.","og_url":"https:\/\/ogofurniture.com\/es\/producto\/ogofurniture-com-starfish-luxury-puf\/","og_site_name":"ogofurniture","article_modified_time":"2026-03-05T13:00:44+00:00","og_image":[{"width":500,"height":500,"url":"https:\/\/ogofurniture.com\/wp-content\/uploads\/2024\/07\/STARFISH-S.jpg","type":"image\/jpeg"}],"twitter_card":"summary_large_image","twitter_misc":{"Tiempo de lectura":"2 minutos"},"schema":{"@context":"https:\/\/schema.org","@graph":[{"@type":["WebPage","ItemPage"],"@id":"https:\/\/ogofurniture.com\/es\/producto\/ogofurniture-com-starfish-luxury-puf\/","url":"https:\/\/ogofurniture.com\/es\/producto\/ogofurniture-com-starfish-luxury-puf\/","name":"Starfish Luxury Puf | OGO Furniture Starfish - ogofurniture","isPartOf":{"@id":"https:\/\/ogofurniture.com\/es\/#website"},"primaryImageOfPage":{"@id":"https:\/\/ogofurniture.com\/es\/producto\/ogofurniture-com-starfish-luxury-puf\/#primaryimage"},"image":{"@id":"https:\/\/ogofurniture.com\/es\/producto\/ogofurniture-com-starfish-luxury-puf\/#primaryimage"},"thumbnailUrl":"https:\/\/ogofurniture.com\/wp-content\/uploads\/2025\/07\/STARFISH_OGO_CasaSardinera-3-e1772782149932.jpg","datePublished":"2025-07-06T11:00:43+00:00","dateModified":"2026-03-05T13:00:44+00:00","description":"Starfish Luxury Pouf. Dise\u00f1o mediterr\u00e1neo, confort ilimitado y estilo para tu piscina o terraza. Producto hecho a mano, fabricado para ti en Espa\u00f1a.","breadcrumb":{"@id":"https:\/\/ogofurniture.com\/es\/producto\/ogofurniture-com-starfish-luxury-puf\/#breadcrumb"},"inLanguage":"es","potentialAction":[{"@type":"ReadAction","target":["https:\/\/ogofurniture.com\/es\/producto\/ogofurniture-com-starfish-luxury-puf\/"]}]},{"@type":"ImageObject","inLanguage":"es","@id":"https:\/\/ogofurniture.com\/es\/producto\/ogofurniture-com-starfish-luxury-puf\/#primaryimage","url":"https:\/\/ogofurniture.com\/wp-content\/uploads\/2025\/07\/STARFISH_OGO_CasaSardinera-3-e1772782149932.jpg","contentUrl":"https:\/\/ogofurniture.com\/wp-content\/uploads\/2025\/07\/STARFISH_OGO_CasaSardinera-3-e1772782149932.jpg","width":1275,"height":1890},{"@type":"BreadcrumbList","@id":"https:\/\/ogofurniture.com\/es\/producto\/ogofurniture-com-starfish-luxury-puf\/#breadcrumb","itemListElement":[{"@type":"ListItem","position":1,"name":"Tienda","item":"https:\/\/ogofurniture.com\/es\/tienda\/"},{"@type":"ListItem","position":2,"name":"Starfish"}]},{"@type":"WebSite","@id":"https:\/\/ogofurniture.com\/es\/#website","url":"https:\/\/ogofurniture.com\/es\/","name":"ogofurniture","description":"In &amp; Out Furniture","potentialAction":[{"@type":"SearchAction","target":{"@type":"EntryPoint","urlTemplate":"https:\/\/ogofurniture.com\/es\/?s={search_term_string}"},"query-input":{"@type":"PropertyValueSpecification","valueRequired":true,"valueName":"search_term_string"}}],"inLanguage":"es"}]}},"jetpack_sharing_enabled":true,"_links":{"self":[{"href":"https:\/\/ogofurniture.com\/es\/wp-json\/wp\/v2\/product\/5880","targetHints":{"allow":["GET"]}}],"collection":[{"href":"https:\/\/ogofurniture.com\/es\/wp-json\/wp\/v2\/product"}],"about":[{"href":"https:\/\/ogofurniture.com\/es\/wp-json\/wp\/v2\/types\/product"}],"replies":[{"embeddable":true,"href":"https:\/\/ogofurniture.com\/es\/wp-json\/wp\/v2\/comments?post=5880"}],"wp:featuredmedia":[{"embeddable":true,"href":"https:\/\/ogofurniture.com\/es\/wp-json\/wp\/v2\/media\/15267"}],"wp:attachment":[{"href":"https:\/\/ogofurniture.com\/es\/wp-json\/wp\/v2\/media?parent=5880"}],"wp:term":[{"taxonomy":"family","embeddable":true,"href":"https:\/\/ogofurniture.com\/es\/wp-json\/wp\/v2\/family?post=5880"},{"taxonomy":"product_brand","embeddable":true,"href":"https:\/\/ogofurniture.com\/es\/wp-json\/wp\/v2\/product_brand?post=5880"},{"taxonomy":"product_cat","embeddable":true,"href":"https:\/\/ogofurniture.com\/es\/wp-json\/wp\/v2\/product_cat?post=5880"},{"taxonomy":"product_tag","embeddable":true,"href":"https:\/\/ogofurniture.com\/es\/wp-json\/wp\/v2\/product_tag?post=5880"}],"curies":[{"name":"wp","href":"https:\/\/api.w.org\/{rel}","templated":true}]}}