{"id":5574,"date":"2024-03-11T07:00:09","date_gmt":"2024-03-11T07:00:09","guid":{"rendered":"https:\/\/ogofurniture.com\/producto\/bloom-base\/"},"modified":"2025-11-06T10:41:12","modified_gmt":"2025-11-06T10:41:12","slug":"bloom-base","status":"publish","type":"product","link":"https:\/\/ogofurniture.com\/es\/producto\/bloom-base\/","title":{"rendered":"Bloom Base"},"content":{"rendered":"<p>Dise\u00f1ado por Ad\u00e1n D. Modesto.<\/p>\n<p>Fabricado artesanalmente en Espa\u00f1a.<\/p>\n<p>Hecho de hierro, con pintura texturizada para exterior en blanco perla.<\/p>\n<p>Producto no nocivo para la salud.<\/p>\n<p>No debe ser utilizado por ni\u00f1os sin la supervisi\u00f3n de un adulto.<\/p>\n<p>OGO no se hace responsable del uso inadecuado del producto.<\/p>\n","protected":false},"excerpt":{"rendered":"<p>El complemento perfecto para elevar tu Don Out L a una nueva dimensi\u00f3n de estilo y confort. Con un dise\u00f1o fresco inspirado en la delicadeza de las flores, OGO Furniture presenta la Base Bloom dise\u00f1ada por Ad\u00e1n D. Modesto: un sof\u00e1 mecedor c\u00f3modo y vers\u00e1til que transforma tu espacio, a\u00f1adiendo un toque \u00fanico de creatividad y distinci\u00f3n. \u00a1Triunfa con nuestra Base Bloom y eleva tu Don Out!<\/p>\n<p>(Don Out L no incluido)<\/p>\n","protected":false},"featured_media":6862,"comment_status":"open","ping_status":"closed","template":"","meta":[],"family":[83,85],"product_brand":[],"product_cat":[30],"product_tag":[],"class_list":{"0":"post-5574","1":"product","2":"type-product","3":"status-publish","4":"has-post-thumbnail","6":"family-collective","7":"family-lab","8":"product_cat-sin-categorizar","10":"first","11":"instock","12":"taxable","13":"shipping-taxable","14":"product-type-simple"},"acf":[],"yoast_head":"<!-- This site is optimized with the Yoast SEO plugin v27.3 - https:\/\/yoast.com\/product\/yoast-seo-wordpress\/ -->\n<title>Bloom Base - ogofurniture<\/title>\n<meta name=\"robots\" content=\"index, follow, max-snippet:-1, max-image-preview:large, max-video-preview:-1\" \/>\n<link rel=\"canonical\" href=\"https:\/\/ogofurniture.com\/es\/producto\/bloom-base\/\" \/>\n<meta property=\"og:locale\" content=\"es_ES\" \/>\n<meta property=\"og:type\" content=\"article\" \/>\n<meta property=\"og:title\" content=\"Bloom Base - ogofurniture\" \/>\n<meta property=\"og:description\" content=\"El complemento perfecto para elevar tu Don Out L a una nueva dimensi\u00f3n de estilo y confort. Con un dise\u00f1o fresco inspirado en la delicadeza de las flores, OGO Furniture presenta la Base Bloom dise\u00f1ada por Ad\u00e1n D. Modesto: un sof\u00e1 mecedor c\u00f3modo y vers\u00e1til que transforma tu espacio, a\u00f1adiendo un toque \u00fanico de creatividad y distinci\u00f3n. \u00a1Triunfa con nuestra Base Bloom y eleva tu Don Out!  (Don Out L no incluido)\" \/>\n<meta property=\"og:url\" content=\"https:\/\/ogofurniture.com\/es\/producto\/bloom-base\/\" \/>\n<meta property=\"og:site_name\" content=\"ogofurniture\" \/>\n<meta property=\"article:modified_time\" content=\"2025-11-06T10:41:12+00:00\" \/>\n<meta property=\"og:image\" content=\"https:\/\/ogofurniture.com\/wp-content\/uploads\/2025\/01\/BLOOM-BASE-.-1-1-scaled.jpg\" \/>\n\t<meta property=\"og:image:width\" content=\"2560\" \/>\n\t<meta property=\"og:image:height\" content=\"1707\" \/>\n\t<meta property=\"og:image:type\" content=\"image\/jpeg\" \/>\n<meta name=\"twitter:card\" content=\"summary_large_image\" \/>\n<meta name=\"twitter:label1\" content=\"Tiempo de lectura\" \/>\n\t<meta name=\"twitter:data1\" content=\"1 minuto\" \/>\n<script type=\"application\/ld+json\" class=\"yoast-schema-graph\">{\"@context\":\"https:\\\/\\\/schema.org\",\"@graph\":[{\"@type\":[\"WebPage\",\"ItemPage\"],\"@id\":\"https:\\\/\\\/ogofurniture.com\\\/es\\\/producto\\\/bloom-base\\\/\",\"url\":\"https:\\\/\\\/ogofurniture.com\\\/es\\\/producto\\\/bloom-base\\\/\",\"name\":\"Bloom Base - ogofurniture\",\"isPartOf\":{\"@id\":\"https:\\\/\\\/ogofurniture.com\\\/es\\\/#website\"},\"primaryImageOfPage\":{\"@id\":\"https:\\\/\\\/ogofurniture.com\\\/es\\\/producto\\\/bloom-base\\\/#primaryimage\"},\"image\":{\"@id\":\"https:\\\/\\\/ogofurniture.com\\\/es\\\/producto\\\/bloom-base\\\/#primaryimage\"},\"thumbnailUrl\":\"https:\\\/\\\/ogofurniture.com\\\/wp-content\\\/uploads\\\/2025\\\/01\\\/BLOOM-BASE-.-1-1-scaled.jpg\",\"datePublished\":\"2024-03-11T07:00:09+00:00\",\"dateModified\":\"2025-11-06T10:41:12+00:00\",\"breadcrumb\":{\"@id\":\"https:\\\/\\\/ogofurniture.com\\\/es\\\/producto\\\/bloom-base\\\/#breadcrumb\"},\"inLanguage\":\"es\",\"potentialAction\":[{\"@type\":\"ReadAction\",\"target\":[\"https:\\\/\\\/ogofurniture.com\\\/es\\\/producto\\\/bloom-base\\\/\"]}]},{\"@type\":\"ImageObject\",\"inLanguage\":\"es\",\"@id\":\"https:\\\/\\\/ogofurniture.com\\\/es\\\/producto\\\/bloom-base\\\/#primaryimage\",\"url\":\"https:\\\/\\\/ogofurniture.com\\\/wp-content\\\/uploads\\\/2025\\\/01\\\/BLOOM-BASE-.-1-1-scaled.jpg\",\"contentUrl\":\"https:\\\/\\\/ogofurniture.com\\\/wp-content\\\/uploads\\\/2025\\\/01\\\/BLOOM-BASE-.-1-1-scaled.jpg\",\"width\":2560,\"height\":1707,\"caption\":\"Bloom Base, a versatile and comfortable piece with an organic design\"},{\"@type\":\"BreadcrumbList\",\"@id\":\"https:\\\/\\\/ogofurniture.com\\\/es\\\/producto\\\/bloom-base\\\/#breadcrumb\",\"itemListElement\":[{\"@type\":\"ListItem\",\"position\":1,\"name\":\"Tienda\",\"item\":\"https:\\\/\\\/ogofurniture.com\\\/es\\\/tienda\\\/\"},{\"@type\":\"ListItem\",\"position\":2,\"name\":\"Bloom Base\"}]},{\"@type\":\"WebSite\",\"@id\":\"https:\\\/\\\/ogofurniture.com\\\/es\\\/#website\",\"url\":\"https:\\\/\\\/ogofurniture.com\\\/es\\\/\",\"name\":\"ogofurniture\",\"description\":\"In &amp; Out Furniture\",\"potentialAction\":[{\"@type\":\"SearchAction\",\"target\":{\"@type\":\"EntryPoint\",\"urlTemplate\":\"https:\\\/\\\/ogofurniture.com\\\/es\\\/?s={search_term_string}\"},\"query-input\":{\"@type\":\"PropertyValueSpecification\",\"valueRequired\":true,\"valueName\":\"search_term_string\"}}],\"inLanguage\":\"es\"}]}<\/script>\n<!-- \/ Yoast SEO plugin. -->","yoast_head_json":{"title":"Bloom Base - ogofurniture","robots":{"index":"index","follow":"follow","max-snippet":"max-snippet:-1","max-image-preview":"max-image-preview:large","max-video-preview":"max-video-preview:-1"},"canonical":"https:\/\/ogofurniture.com\/es\/producto\/bloom-base\/","og_locale":"es_ES","og_type":"article","og_title":"Bloom Base - ogofurniture","og_description":"El complemento perfecto para elevar tu Don Out L a una nueva dimensi\u00f3n de estilo y confort. Con un dise\u00f1o fresco inspirado en la delicadeza de las flores, OGO Furniture presenta la Base Bloom dise\u00f1ada por Ad\u00e1n D. Modesto: un sof\u00e1 mecedor c\u00f3modo y vers\u00e1til que transforma tu espacio, a\u00f1adiendo un toque \u00fanico de creatividad y distinci\u00f3n. \u00a1Triunfa con nuestra Base Bloom y eleva tu Don Out!  (Don Out L no incluido)","og_url":"https:\/\/ogofurniture.com\/es\/producto\/bloom-base\/","og_site_name":"ogofurniture","article_modified_time":"2025-11-06T10:41:12+00:00","og_image":[{"width":2560,"height":1707,"url":"https:\/\/ogofurniture.com\/wp-content\/uploads\/2025\/01\/BLOOM-BASE-.-1-1-scaled.jpg","type":"image\/jpeg"}],"twitter_card":"summary_large_image","twitter_misc":{"Tiempo de lectura":"1 minuto"},"schema":{"@context":"https:\/\/schema.org","@graph":[{"@type":["WebPage","ItemPage"],"@id":"https:\/\/ogofurniture.com\/es\/producto\/bloom-base\/","url":"https:\/\/ogofurniture.com\/es\/producto\/bloom-base\/","name":"Bloom Base - ogofurniture","isPartOf":{"@id":"https:\/\/ogofurniture.com\/es\/#website"},"primaryImageOfPage":{"@id":"https:\/\/ogofurniture.com\/es\/producto\/bloom-base\/#primaryimage"},"image":{"@id":"https:\/\/ogofurniture.com\/es\/producto\/bloom-base\/#primaryimage"},"thumbnailUrl":"https:\/\/ogofurniture.com\/wp-content\/uploads\/2025\/01\/BLOOM-BASE-.-1-1-scaled.jpg","datePublished":"2024-03-11T07:00:09+00:00","dateModified":"2025-11-06T10:41:12+00:00","breadcrumb":{"@id":"https:\/\/ogofurniture.com\/es\/producto\/bloom-base\/#breadcrumb"},"inLanguage":"es","potentialAction":[{"@type":"ReadAction","target":["https:\/\/ogofurniture.com\/es\/producto\/bloom-base\/"]}]},{"@type":"ImageObject","inLanguage":"es","@id":"https:\/\/ogofurniture.com\/es\/producto\/bloom-base\/#primaryimage","url":"https:\/\/ogofurniture.com\/wp-content\/uploads\/2025\/01\/BLOOM-BASE-.-1-1-scaled.jpg","contentUrl":"https:\/\/ogofurniture.com\/wp-content\/uploads\/2025\/01\/BLOOM-BASE-.-1-1-scaled.jpg","width":2560,"height":1707,"caption":"Bloom Base, a versatile and comfortable piece with an organic design"},{"@type":"BreadcrumbList","@id":"https:\/\/ogofurniture.com\/es\/producto\/bloom-base\/#breadcrumb","itemListElement":[{"@type":"ListItem","position":1,"name":"Tienda","item":"https:\/\/ogofurniture.com\/es\/tienda\/"},{"@type":"ListItem","position":2,"name":"Bloom Base"}]},{"@type":"WebSite","@id":"https:\/\/ogofurniture.com\/es\/#website","url":"https:\/\/ogofurniture.com\/es\/","name":"ogofurniture","description":"In &amp; Out Furniture","potentialAction":[{"@type":"SearchAction","target":{"@type":"EntryPoint","urlTemplate":"https:\/\/ogofurniture.com\/es\/?s={search_term_string}"},"query-input":{"@type":"PropertyValueSpecification","valueRequired":true,"valueName":"search_term_string"}}],"inLanguage":"es"}]}},"jetpack_sharing_enabled":true,"_links":{"self":[{"href":"https:\/\/ogofurniture.com\/es\/wp-json\/wp\/v2\/product\/5574","targetHints":{"allow":["GET"]}}],"collection":[{"href":"https:\/\/ogofurniture.com\/es\/wp-json\/wp\/v2\/product"}],"about":[{"href":"https:\/\/ogofurniture.com\/es\/wp-json\/wp\/v2\/types\/product"}],"replies":[{"embeddable":true,"href":"https:\/\/ogofurniture.com\/es\/wp-json\/wp\/v2\/comments?post=5574"}],"wp:featuredmedia":[{"embeddable":true,"href":"https:\/\/ogofurniture.com\/es\/wp-json\/wp\/v2\/media\/6862"}],"wp:attachment":[{"href":"https:\/\/ogofurniture.com\/es\/wp-json\/wp\/v2\/media?parent=5574"}],"wp:term":[{"taxonomy":"family","embeddable":true,"href":"https:\/\/ogofurniture.com\/es\/wp-json\/wp\/v2\/family?post=5574"},{"taxonomy":"product_brand","embeddable":true,"href":"https:\/\/ogofurniture.com\/es\/wp-json\/wp\/v2\/product_brand?post=5574"},{"taxonomy":"product_cat","embeddable":true,"href":"https:\/\/ogofurniture.com\/es\/wp-json\/wp\/v2\/product_cat?post=5574"},{"taxonomy":"product_tag","embeddable":true,"href":"https:\/\/ogofurniture.com\/es\/wp-json\/wp\/v2\/product_tag?post=5574"}],"curies":[{"name":"wp","href":"https:\/\/api.w.org\/{rel}","templated":true}]}}