{"id":5557,"date":"2025-01-20T13:22:49","date_gmt":"2025-01-20T13:22:49","guid":{"rendered":"https:\/\/ogofurniture.com\/producto\/biops-pearls-refill\/"},"modified":"2026-02-25T12:13:01","modified_gmt":"2026-02-25T12:13:01","slug":"biops-pearls-refill","status":"publish","type":"product","link":"https:\/\/ogofurniture.com\/es\/producto\/biops-pearls-refill\/","title":{"rendered":"BIOPS pearls refill"},"content":{"rendered":"<p>Relleno para nuestros productos Splash!<\/p>\n<p>Relleno de poliestireno expandido extra\u00eddo de una biomasa a partir de deshechos vegetales sin da\u00f1ar los ecosistemas.<\/p>\n<p>Producto no nocivo para la salud.<\/p>\n<p>No debe ser utilizado por ni\u00f1os sin la supervisi\u00f3n de un adulto.<\/p>\n<p>OGO no se hace responsable del uso inadecuado del producto.<\/p>\n","protected":false},"excerpt":{"rendered":"<p>\u00bfTus productos de Splash est\u00e1n un poco vac\u00edos despu\u00e9s de usarlos todo el verano con tus seres queridos? \u00a1No te preocupes! \u00a1Con nuestras perlitas BIOPS puedes rellenarlos y la diversi\u00f3n empezar\u00e1 otra vez! Nuestras perlitas son respetuosas con el medioamiente y reducen la huella de carbono en un 30 %. \u00a1Combina el amor por nuestros productos con el amor por nuestro planeta!<\/p>\n<p>&nbsp;<\/p>\n","protected":false},"featured_media":5404,"comment_status":"open","ping_status":"closed","template":"","meta":[],"family":[],"product_brand":[],"product_cat":[30],"product_tag":[],"class_list":{"0":"post-5557","1":"product","2":"type-product","3":"status-publish","4":"has-post-thumbnail","6":"product_cat-sin-categorizar","8":"first","9":"instock","10":"taxable","11":"shipping-taxable","12":"product-type-simple"},"acf":[],"yoast_head":"<!-- This site is optimized with the Yoast SEO plugin v27.3 - https:\/\/yoast.com\/product\/yoast-seo-wordpress\/ -->\n<title>BIOPS pearls refill - ogofurniture<\/title>\n<meta name=\"robots\" content=\"index, follow, max-snippet:-1, max-image-preview:large, max-video-preview:-1\" \/>\n<link rel=\"canonical\" href=\"https:\/\/ogofurniture.com\/es\/producto\/biops-pearls-refill\/\" \/>\n<meta property=\"og:locale\" content=\"es_ES\" \/>\n<meta property=\"og:type\" content=\"article\" \/>\n<meta property=\"og:title\" content=\"BIOPS pearls refill - ogofurniture\" \/>\n<meta property=\"og:description\" content=\"\u00bfTus productos de Splash est\u00e1n un poco vac\u00edos despu\u00e9s de usarlos todo el verano con tus seres queridos? \u00a1No te preocupes! \u00a1Con nuestras perlitas BIOPS puedes rellenarlos y la diversi\u00f3n empezar\u00e1 otra vez! Nuestras perlitas son respetuosas con el medioamiente y reducen la huella de carbono en un 30 %. \u00a1Combina el amor por nuestros productos con el amor por nuestro planeta!  &nbsp;\" \/>\n<meta property=\"og:url\" content=\"https:\/\/ogofurniture.com\/es\/producto\/biops-pearls-refill\/\" \/>\n<meta property=\"og:site_name\" content=\"ogofurniture\" \/>\n<meta property=\"article:modified_time\" content=\"2026-02-25T12:13:01+00:00\" \/>\n<meta property=\"og:image\" content=\"https:\/\/ogofurniture.com\/wp-content\/uploads\/2025\/01\/image00009-scaled.jpeg\" \/>\n\t<meta property=\"og:image:width\" content=\"1920\" \/>\n\t<meta property=\"og:image:height\" content=\"2560\" \/>\n\t<meta property=\"og:image:type\" content=\"image\/jpeg\" \/>\n<meta name=\"twitter:card\" content=\"summary_large_image\" \/>\n<meta name=\"twitter:label1\" content=\"Tiempo de lectura\" \/>\n\t<meta name=\"twitter:data1\" content=\"1 minuto\" \/>\n<script type=\"application\/ld+json\" class=\"yoast-schema-graph\">{\"@context\":\"https:\\\/\\\/schema.org\",\"@graph\":[{\"@type\":[\"WebPage\",\"ItemPage\"],\"@id\":\"https:\\\/\\\/ogofurniture.com\\\/es\\\/producto\\\/biops-pearls-refill\\\/\",\"url\":\"https:\\\/\\\/ogofurniture.com\\\/es\\\/producto\\\/biops-pearls-refill\\\/\",\"name\":\"BIOPS pearls refill - ogofurniture\",\"isPartOf\":{\"@id\":\"https:\\\/\\\/ogofurniture.com\\\/es\\\/#website\"},\"primaryImageOfPage\":{\"@id\":\"https:\\\/\\\/ogofurniture.com\\\/es\\\/producto\\\/biops-pearls-refill\\\/#primaryimage\"},\"image\":{\"@id\":\"https:\\\/\\\/ogofurniture.com\\\/es\\\/producto\\\/biops-pearls-refill\\\/#primaryimage\"},\"thumbnailUrl\":\"https:\\\/\\\/ogofurniture.com\\\/wp-content\\\/uploads\\\/2025\\\/01\\\/image00009-scaled.jpeg\",\"datePublished\":\"2025-01-20T13:22:49+00:00\",\"dateModified\":\"2026-02-25T12:13:01+00:00\",\"breadcrumb\":{\"@id\":\"https:\\\/\\\/ogofurniture.com\\\/es\\\/producto\\\/biops-pearls-refill\\\/#breadcrumb\"},\"inLanguage\":\"es\",\"potentialAction\":[{\"@type\":\"ReadAction\",\"target\":[\"https:\\\/\\\/ogofurniture.com\\\/es\\\/producto\\\/biops-pearls-refill\\\/\"]}]},{\"@type\":\"ImageObject\",\"inLanguage\":\"es\",\"@id\":\"https:\\\/\\\/ogofurniture.com\\\/es\\\/producto\\\/biops-pearls-refill\\\/#primaryimage\",\"url\":\"https:\\\/\\\/ogofurniture.com\\\/wp-content\\\/uploads\\\/2025\\\/01\\\/image00009-scaled.jpeg\",\"contentUrl\":\"https:\\\/\\\/ogofurniture.com\\\/wp-content\\\/uploads\\\/2025\\\/01\\\/image00009-scaled.jpeg\",\"width\":1920,\"height\":2560},{\"@type\":\"BreadcrumbList\",\"@id\":\"https:\\\/\\\/ogofurniture.com\\\/es\\\/producto\\\/biops-pearls-refill\\\/#breadcrumb\",\"itemListElement\":[{\"@type\":\"ListItem\",\"position\":1,\"name\":\"Tienda\",\"item\":\"https:\\\/\\\/ogofurniture.com\\\/es\\\/tienda\\\/\"},{\"@type\":\"ListItem\",\"position\":2,\"name\":\"BIOPS pearls refill\"}]},{\"@type\":\"WebSite\",\"@id\":\"https:\\\/\\\/ogofurniture.com\\\/es\\\/#website\",\"url\":\"https:\\\/\\\/ogofurniture.com\\\/es\\\/\",\"name\":\"ogofurniture\",\"description\":\"In &amp; Out Furniture\",\"potentialAction\":[{\"@type\":\"SearchAction\",\"target\":{\"@type\":\"EntryPoint\",\"urlTemplate\":\"https:\\\/\\\/ogofurniture.com\\\/es\\\/?s={search_term_string}\"},\"query-input\":{\"@type\":\"PropertyValueSpecification\",\"valueRequired\":true,\"valueName\":\"search_term_string\"}}],\"inLanguage\":\"es\"}]}<\/script>\n<!-- \/ Yoast SEO plugin. -->","yoast_head_json":{"title":"BIOPS pearls refill - ogofurniture","robots":{"index":"index","follow":"follow","max-snippet":"max-snippet:-1","max-image-preview":"max-image-preview:large","max-video-preview":"max-video-preview:-1"},"canonical":"https:\/\/ogofurniture.com\/es\/producto\/biops-pearls-refill\/","og_locale":"es_ES","og_type":"article","og_title":"BIOPS pearls refill - ogofurniture","og_description":"\u00bfTus productos de Splash est\u00e1n un poco vac\u00edos despu\u00e9s de usarlos todo el verano con tus seres queridos? \u00a1No te preocupes! \u00a1Con nuestras perlitas BIOPS puedes rellenarlos y la diversi\u00f3n empezar\u00e1 otra vez! Nuestras perlitas son respetuosas con el medioamiente y reducen la huella de carbono en un 30 %. \u00a1Combina el amor por nuestros productos con el amor por nuestro planeta!  &nbsp;","og_url":"https:\/\/ogofurniture.com\/es\/producto\/biops-pearls-refill\/","og_site_name":"ogofurniture","article_modified_time":"2026-02-25T12:13:01+00:00","og_image":[{"width":1920,"height":2560,"url":"https:\/\/ogofurniture.com\/wp-content\/uploads\/2025\/01\/image00009-scaled.jpeg","type":"image\/jpeg"}],"twitter_card":"summary_large_image","twitter_misc":{"Tiempo de lectura":"1 minuto"},"schema":{"@context":"https:\/\/schema.org","@graph":[{"@type":["WebPage","ItemPage"],"@id":"https:\/\/ogofurniture.com\/es\/producto\/biops-pearls-refill\/","url":"https:\/\/ogofurniture.com\/es\/producto\/biops-pearls-refill\/","name":"BIOPS pearls refill - ogofurniture","isPartOf":{"@id":"https:\/\/ogofurniture.com\/es\/#website"},"primaryImageOfPage":{"@id":"https:\/\/ogofurniture.com\/es\/producto\/biops-pearls-refill\/#primaryimage"},"image":{"@id":"https:\/\/ogofurniture.com\/es\/producto\/biops-pearls-refill\/#primaryimage"},"thumbnailUrl":"https:\/\/ogofurniture.com\/wp-content\/uploads\/2025\/01\/image00009-scaled.jpeg","datePublished":"2025-01-20T13:22:49+00:00","dateModified":"2026-02-25T12:13:01+00:00","breadcrumb":{"@id":"https:\/\/ogofurniture.com\/es\/producto\/biops-pearls-refill\/#breadcrumb"},"inLanguage":"es","potentialAction":[{"@type":"ReadAction","target":["https:\/\/ogofurniture.com\/es\/producto\/biops-pearls-refill\/"]}]},{"@type":"ImageObject","inLanguage":"es","@id":"https:\/\/ogofurniture.com\/es\/producto\/biops-pearls-refill\/#primaryimage","url":"https:\/\/ogofurniture.com\/wp-content\/uploads\/2025\/01\/image00009-scaled.jpeg","contentUrl":"https:\/\/ogofurniture.com\/wp-content\/uploads\/2025\/01\/image00009-scaled.jpeg","width":1920,"height":2560},{"@type":"BreadcrumbList","@id":"https:\/\/ogofurniture.com\/es\/producto\/biops-pearls-refill\/#breadcrumb","itemListElement":[{"@type":"ListItem","position":1,"name":"Tienda","item":"https:\/\/ogofurniture.com\/es\/tienda\/"},{"@type":"ListItem","position":2,"name":"BIOPS pearls refill"}]},{"@type":"WebSite","@id":"https:\/\/ogofurniture.com\/es\/#website","url":"https:\/\/ogofurniture.com\/es\/","name":"ogofurniture","description":"In &amp; Out Furniture","potentialAction":[{"@type":"SearchAction","target":{"@type":"EntryPoint","urlTemplate":"https:\/\/ogofurniture.com\/es\/?s={search_term_string}"},"query-input":{"@type":"PropertyValueSpecification","valueRequired":true,"valueName":"search_term_string"}}],"inLanguage":"es"}]}},"jetpack_sharing_enabled":true,"_links":{"self":[{"href":"https:\/\/ogofurniture.com\/es\/wp-json\/wp\/v2\/product\/5557","targetHints":{"allow":["GET"]}}],"collection":[{"href":"https:\/\/ogofurniture.com\/es\/wp-json\/wp\/v2\/product"}],"about":[{"href":"https:\/\/ogofurniture.com\/es\/wp-json\/wp\/v2\/types\/product"}],"replies":[{"embeddable":true,"href":"https:\/\/ogofurniture.com\/es\/wp-json\/wp\/v2\/comments?post=5557"}],"wp:featuredmedia":[{"embeddable":true,"href":"https:\/\/ogofurniture.com\/es\/wp-json\/wp\/v2\/media\/5404"}],"wp:attachment":[{"href":"https:\/\/ogofurniture.com\/es\/wp-json\/wp\/v2\/media?parent=5557"}],"wp:term":[{"taxonomy":"family","embeddable":true,"href":"https:\/\/ogofurniture.com\/es\/wp-json\/wp\/v2\/family?post=5557"},{"taxonomy":"product_brand","embeddable":true,"href":"https:\/\/ogofurniture.com\/es\/wp-json\/wp\/v2\/product_brand?post=5557"},{"taxonomy":"product_cat","embeddable":true,"href":"https:\/\/ogofurniture.com\/es\/wp-json\/wp\/v2\/product_cat?post=5557"},{"taxonomy":"product_tag","embeddable":true,"href":"https:\/\/ogofurniture.com\/es\/wp-json\/wp\/v2\/product_tag?post=5557"}],"curies":[{"name":"wp","href":"https:\/\/api.w.org\/{rel}","templated":true}]}}