{"id":5547,"date":"2025-03-08T08:00:45","date_gmt":"2025-03-08T08:00:45","guid":{"rendered":"https:\/\/ogofurniture.com\/producto\/cactus-l\/"},"modified":"2026-04-09T09:17:16","modified_gmt":"2026-04-09T09:17:16","slug":"cactus-l","status":"publish","type":"product","link":"https:\/\/ogofurniture.com\/es\/producto\/cactus-l\/","title":{"rendered":"Cactus"},"content":{"rendered":"<p>Dise\u00f1ado por OGO Furniture.<\/p>\n<p>Fabricado artesanalmente en Espa\u00f1a.<\/p>\n<p>Realizamos env\u00edos de mobiliario outdoor premium a toda Europa y mercados internacionales.<\/p>\n<p>Disponible en tallas L, XL y XXL. Base de madera fen\u00f3lica (para 2 o 3 Cactus).<\/p>\n<p>Pieza decorativa, no requiere mantenimiento o limpieza.<\/p>\n<p>Producto no nocivo para la salud.<\/p>\n<p>OGO no se hace responsable del uso inadecuado del producto.<\/p>\n","protected":false},"excerpt":{"rendered":"<p>No se te dan bien las plantas? \u00a1No te preocupes! Nuestros Cactus no necesitan riego ni jardinero. Ponlos en tu terraza y, simplemente, \u00a1disfruta de las vistas!<\/p>\n<p>Pedido m\u00ednimo: 2 Cactus. Pedido m\u00e1ximo: 3 Cactus (puedes combinarlos en diferentes tallas).<\/p>\n<p>Base de madera fen\u00f3lica incluida por cada 2\/3 Cactus pedidos. Si pides 2 Cactus, se enviar\u00e1 base para 2 Cactus. Si pides 3 Cactus, se enviar\u00e1 base para 3 Cactus.<\/p>\n","protected":false},"featured_media":5078,"comment_status":"open","ping_status":"closed","template":"","meta":[],"family":[],"product_brand":[],"product_cat":[30],"product_tag":[],"class_list":{"0":"post-5547","1":"product","2":"type-product","3":"status-publish","4":"has-post-thumbnail","6":"product_cat-sin-categorizar","8":"first","9":"instock","10":"taxable","11":"shipping-taxable","12":"purchasable","13":"product-type-variable"},"acf":[],"yoast_head":"<!-- This site is optimized with the Yoast SEO plugin v27.4 - https:\/\/yoast.com\/product\/yoast-seo-wordpress\/ -->\n<title>Cactus - ogofurniture<\/title>\n<meta name=\"robots\" content=\"index, follow, max-snippet:-1, max-image-preview:large, max-video-preview:-1\" \/>\n<link rel=\"canonical\" href=\"https:\/\/ogofurniture.com\/es\/producto\/cactus-l\/\" \/>\n<meta property=\"og:locale\" content=\"es_ES\" \/>\n<meta property=\"og:type\" content=\"article\" \/>\n<meta property=\"og:title\" content=\"Cactus - ogofurniture\" \/>\n<meta property=\"og:description\" content=\"No se te dan bien las plantas? \u00a1No te preocupes! Nuestros Cactus no necesitan riego ni jardinero. Ponlos en tu terraza y, simplemente, \u00a1disfruta de las vistas!  Pedido m\u00ednimo: 2 Cactus. Pedido m\u00e1ximo: 3 Cactus (puedes combinarlos en diferentes tallas).  Base de madera fen\u00f3lica incluida por cada 2\/3 Cactus pedidos. Si pides 2 Cactus, se enviar\u00e1 base para 2 Cactus. Si pides 3 Cactus, se enviar\u00e1 base para 3 Cactus.\" \/>\n<meta property=\"og:url\" content=\"https:\/\/ogofurniture.com\/es\/producto\/cactus-l\/\" \/>\n<meta property=\"og:site_name\" content=\"ogofurniture\" \/>\n<meta property=\"article:modified_time\" content=\"2026-04-09T09:17:16+00:00\" \/>\n<meta property=\"og:image\" content=\"https:\/\/ogofurniture.com\/wp-content\/uploads\/2025\/01\/MNT1063-scaled.jpg\" \/>\n\t<meta property=\"og:image:width\" content=\"1707\" \/>\n\t<meta property=\"og:image:height\" content=\"2560\" \/>\n\t<meta property=\"og:image:type\" content=\"image\/jpeg\" \/>\n<meta name=\"twitter:card\" content=\"summary_large_image\" \/>\n<meta name=\"twitter:label1\" content=\"Tiempo de lectura\" \/>\n\t<meta name=\"twitter:data1\" content=\"1 minuto\" \/>\n<script type=\"application\/ld+json\" class=\"yoast-schema-graph\">{\"@context\":\"https:\\\/\\\/schema.org\",\"@graph\":[{\"@type\":[\"WebPage\",\"ItemPage\"],\"@id\":\"https:\\\/\\\/ogofurniture.com\\\/es\\\/producto\\\/cactus-l\\\/\",\"url\":\"https:\\\/\\\/ogofurniture.com\\\/es\\\/producto\\\/cactus-l\\\/\",\"name\":\"Cactus - ogofurniture\",\"isPartOf\":{\"@id\":\"https:\\\/\\\/ogofurniture.com\\\/es\\\/#website\"},\"primaryImageOfPage\":{\"@id\":\"https:\\\/\\\/ogofurniture.com\\\/es\\\/producto\\\/cactus-l\\\/#primaryimage\"},\"image\":{\"@id\":\"https:\\\/\\\/ogofurniture.com\\\/es\\\/producto\\\/cactus-l\\\/#primaryimage\"},\"thumbnailUrl\":\"https:\\\/\\\/ogofurniture.com\\\/wp-content\\\/uploads\\\/2025\\\/01\\\/MNT1063-scaled.jpg\",\"datePublished\":\"2025-03-08T08:00:45+00:00\",\"dateModified\":\"2026-04-09T09:17:16+00:00\",\"breadcrumb\":{\"@id\":\"https:\\\/\\\/ogofurniture.com\\\/es\\\/producto\\\/cactus-l\\\/#breadcrumb\"},\"inLanguage\":\"es\",\"potentialAction\":[{\"@type\":\"ReadAction\",\"target\":[\"https:\\\/\\\/ogofurniture.com\\\/es\\\/producto\\\/cactus-l\\\/\"]}]},{\"@type\":\"ImageObject\",\"inLanguage\":\"es\",\"@id\":\"https:\\\/\\\/ogofurniture.com\\\/es\\\/producto\\\/cactus-l\\\/#primaryimage\",\"url\":\"https:\\\/\\\/ogofurniture.com\\\/wp-content\\\/uploads\\\/2025\\\/01\\\/MNT1063-scaled.jpg\",\"contentUrl\":\"https:\\\/\\\/ogofurniture.com\\\/wp-content\\\/uploads\\\/2025\\\/01\\\/MNT1063-scaled.jpg\",\"width\":1707,\"height\":2560,\"caption\":\"Cactus XL, a large, comfortable outdoor seating piece with a distinctive design.\"},{\"@type\":\"BreadcrumbList\",\"@id\":\"https:\\\/\\\/ogofurniture.com\\\/es\\\/producto\\\/cactus-l\\\/#breadcrumb\",\"itemListElement\":[{\"@type\":\"ListItem\",\"position\":1,\"name\":\"Tienda\",\"item\":\"https:\\\/\\\/ogofurniture.com\\\/es\\\/tienda\\\/\"},{\"@type\":\"ListItem\",\"position\":2,\"name\":\"Cactus\"}]},{\"@type\":\"WebSite\",\"@id\":\"https:\\\/\\\/ogofurniture.com\\\/es\\\/#website\",\"url\":\"https:\\\/\\\/ogofurniture.com\\\/es\\\/\",\"name\":\"ogofurniture\",\"description\":\"In &amp; Out Furniture\",\"potentialAction\":[{\"@type\":\"SearchAction\",\"target\":{\"@type\":\"EntryPoint\",\"urlTemplate\":\"https:\\\/\\\/ogofurniture.com\\\/es\\\/?s={search_term_string}\"},\"query-input\":{\"@type\":\"PropertyValueSpecification\",\"valueRequired\":true,\"valueName\":\"search_term_string\"}}],\"inLanguage\":\"es\"}]}<\/script>\n<!-- \/ Yoast SEO plugin. -->","yoast_head_json":{"title":"Cactus - ogofurniture","robots":{"index":"index","follow":"follow","max-snippet":"max-snippet:-1","max-image-preview":"max-image-preview:large","max-video-preview":"max-video-preview:-1"},"canonical":"https:\/\/ogofurniture.com\/es\/producto\/cactus-l\/","og_locale":"es_ES","og_type":"article","og_title":"Cactus - ogofurniture","og_description":"No se te dan bien las plantas? \u00a1No te preocupes! Nuestros Cactus no necesitan riego ni jardinero. Ponlos en tu terraza y, simplemente, \u00a1disfruta de las vistas!  Pedido m\u00ednimo: 2 Cactus. Pedido m\u00e1ximo: 3 Cactus (puedes combinarlos en diferentes tallas).  Base de madera fen\u00f3lica incluida por cada 2\/3 Cactus pedidos. Si pides 2 Cactus, se enviar\u00e1 base para 2 Cactus. Si pides 3 Cactus, se enviar\u00e1 base para 3 Cactus.","og_url":"https:\/\/ogofurniture.com\/es\/producto\/cactus-l\/","og_site_name":"ogofurniture","article_modified_time":"2026-04-09T09:17:16+00:00","og_image":[{"width":1707,"height":2560,"url":"https:\/\/ogofurniture.com\/wp-content\/uploads\/2025\/01\/MNT1063-scaled.jpg","type":"image\/jpeg"}],"twitter_card":"summary_large_image","twitter_misc":{"Tiempo de lectura":"1 minuto"},"schema":{"@context":"https:\/\/schema.org","@graph":[{"@type":["WebPage","ItemPage"],"@id":"https:\/\/ogofurniture.com\/es\/producto\/cactus-l\/","url":"https:\/\/ogofurniture.com\/es\/producto\/cactus-l\/","name":"Cactus - ogofurniture","isPartOf":{"@id":"https:\/\/ogofurniture.com\/es\/#website"},"primaryImageOfPage":{"@id":"https:\/\/ogofurniture.com\/es\/producto\/cactus-l\/#primaryimage"},"image":{"@id":"https:\/\/ogofurniture.com\/es\/producto\/cactus-l\/#primaryimage"},"thumbnailUrl":"https:\/\/ogofurniture.com\/wp-content\/uploads\/2025\/01\/MNT1063-scaled.jpg","datePublished":"2025-03-08T08:00:45+00:00","dateModified":"2026-04-09T09:17:16+00:00","breadcrumb":{"@id":"https:\/\/ogofurniture.com\/es\/producto\/cactus-l\/#breadcrumb"},"inLanguage":"es","potentialAction":[{"@type":"ReadAction","target":["https:\/\/ogofurniture.com\/es\/producto\/cactus-l\/"]}]},{"@type":"ImageObject","inLanguage":"es","@id":"https:\/\/ogofurniture.com\/es\/producto\/cactus-l\/#primaryimage","url":"https:\/\/ogofurniture.com\/wp-content\/uploads\/2025\/01\/MNT1063-scaled.jpg","contentUrl":"https:\/\/ogofurniture.com\/wp-content\/uploads\/2025\/01\/MNT1063-scaled.jpg","width":1707,"height":2560,"caption":"Cactus XL, a large, comfortable outdoor seating piece with a distinctive design."},{"@type":"BreadcrumbList","@id":"https:\/\/ogofurniture.com\/es\/producto\/cactus-l\/#breadcrumb","itemListElement":[{"@type":"ListItem","position":1,"name":"Tienda","item":"https:\/\/ogofurniture.com\/es\/tienda\/"},{"@type":"ListItem","position":2,"name":"Cactus"}]},{"@type":"WebSite","@id":"https:\/\/ogofurniture.com\/es\/#website","url":"https:\/\/ogofurniture.com\/es\/","name":"ogofurniture","description":"In &amp; Out Furniture","potentialAction":[{"@type":"SearchAction","target":{"@type":"EntryPoint","urlTemplate":"https:\/\/ogofurniture.com\/es\/?s={search_term_string}"},"query-input":{"@type":"PropertyValueSpecification","valueRequired":true,"valueName":"search_term_string"}}],"inLanguage":"es"}]}},"jetpack_sharing_enabled":true,"_links":{"self":[{"href":"https:\/\/ogofurniture.com\/es\/wp-json\/wp\/v2\/product\/5547","targetHints":{"allow":["GET"]}}],"collection":[{"href":"https:\/\/ogofurniture.com\/es\/wp-json\/wp\/v2\/product"}],"about":[{"href":"https:\/\/ogofurniture.com\/es\/wp-json\/wp\/v2\/types\/product"}],"replies":[{"embeddable":true,"href":"https:\/\/ogofurniture.com\/es\/wp-json\/wp\/v2\/comments?post=5547"}],"wp:featuredmedia":[{"embeddable":true,"href":"https:\/\/ogofurniture.com\/es\/wp-json\/wp\/v2\/media\/5078"}],"wp:attachment":[{"href":"https:\/\/ogofurniture.com\/es\/wp-json\/wp\/v2\/media?parent=5547"}],"wp:term":[{"taxonomy":"family","embeddable":true,"href":"https:\/\/ogofurniture.com\/es\/wp-json\/wp\/v2\/family?post=5547"},{"taxonomy":"product_brand","embeddable":true,"href":"https:\/\/ogofurniture.com\/es\/wp-json\/wp\/v2\/product_brand?post=5547"},{"taxonomy":"product_cat","embeddable":true,"href":"https:\/\/ogofurniture.com\/es\/wp-json\/wp\/v2\/product_cat?post=5547"},{"taxonomy":"product_tag","embeddable":true,"href":"https:\/\/ogofurniture.com\/es\/wp-json\/wp\/v2\/product_tag?post=5547"}],"curies":[{"name":"wp","href":"https:\/\/api.w.org\/{rel}","templated":true}]}}