{"id":15035,"date":"2025-06-27T09:14:01","date_gmt":"2025-06-27T09:14:01","guid":{"rendered":"https:\/\/ogofurniture.com\/producto\/bloom-out\/"},"modified":"2026-04-09T09:08:36","modified_gmt":"2026-04-09T09:08:36","slug":"bloom-out","status":"publish","type":"product","link":"https:\/\/ogofurniture.com\/es\/producto\/bloom-out\/","title":{"rendered":"Bloom Out"},"content":{"rendered":"<p><strong>Hecho artesanalmente en Espa\u00f1a<\/strong><\/p>\n<p>Realizamos env\u00edos de mobiliario outdoor premium a toda Europa y mercados internacionales.<\/p>\n<p>G1- Tejidos 3D, 100% transpirables y drenables, que permiten la entrada de agua en su interior, para luego dejar escurrir correctamente despu\u00e9s de cada uso. Se recomienda su enjuague despu\u00e9s de cada uso para una mayor vida \u00fatil.<\/p>\n<p><a href=\"http:\/\/ogofurniture.com\/wp-content\/uploads\/2024\/06\/OGO-FABRICS-Care-Maintenance.zip\">Para m\u00e1s informaci\u00f3n de mantenimiento, clica aqu\u00ed\u00a0<\/a><\/p>\n<p>Relleno: 100% perlas de poliestireno BIOPS apto para uso exterior y piscina.<\/p>\n<p>Las medidas totales que se muestran en este formulario pueden variar entre 5 cm +\/-<\/p>\n<p>seg\u00fan el tipo de producto y el tipo de tejido utilizado.<\/p>\n<p>El peso de los art\u00edculos aumenta en contacto con el agua, por lo que, dependiendo del tama\u00f1o del producto, puede ser necesaria la asistencia de dos personas para sacarlo del agua.<\/p>\n<p>Producto no nocivo para la salud.<\/p>\n<p>No debe ser utilizado por ni\u00f1os sin la supervisi\u00f3n de un adulto.<\/p>\n<p>OGO no se hace responsable del uso indebido del producto.<\/p>\n","protected":false},"excerpt":{"rendered":"<p>\u00a1Descubre Bloom Out! Una fusi\u00f3n vibrante entre la base Bloom y la frescura de Don Out. Su dise\u00f1o vers\u00e1til y modular transforma cualquier espacio en una explosi\u00f3n de color y comodidad. \u00a1Dale vida a tus ambientes con Bloom Out!<\/p>\n","protected":false},"featured_media":7227,"comment_status":"open","ping_status":"closed","template":"","meta":[],"family":[],"product_brand":[],"product_cat":[30],"product_tag":[],"class_list":{"0":"post-15035","1":"product","2":"type-product","3":"status-publish","4":"has-post-thumbnail","6":"product_cat-sin-categorizar","8":"first","9":"instock","10":"taxable","11":"shipping-taxable","12":"purchasable","13":"product-type-variable"},"acf":[],"yoast_head":"<!-- This site is optimized with the Yoast SEO plugin v27.4 - https:\/\/yoast.com\/product\/yoast-seo-wordpress\/ -->\n<title>Bloom Out - ogofurniture<\/title>\n<meta name=\"robots\" content=\"index, follow, max-snippet:-1, max-image-preview:large, max-video-preview:-1\" \/>\n<link rel=\"canonical\" href=\"https:\/\/ogofurniture.com\/es\/producto\/bloom-out\/\" \/>\n<meta property=\"og:locale\" content=\"es_ES\" \/>\n<meta property=\"og:type\" content=\"article\" \/>\n<meta property=\"og:title\" content=\"Bloom Out - ogofurniture\" \/>\n<meta property=\"og:description\" content=\"\u00a1Descubre Bloom Out! Una fusi\u00f3n vibrante entre la base Bloom y la frescura de Don Out. Su dise\u00f1o vers\u00e1til y modular transforma cualquier espacio en una explosi\u00f3n de color y comodidad. \u00a1Dale vida a tus ambientes con Bloom Out!\" \/>\n<meta property=\"og:url\" content=\"https:\/\/ogofurniture.com\/es\/producto\/bloom-out\/\" \/>\n<meta property=\"og:site_name\" content=\"ogofurniture\" \/>\n<meta property=\"article:modified_time\" content=\"2026-04-09T09:08:36+00:00\" \/>\n<meta property=\"og:image\" content=\"https:\/\/ogofurniture.com\/wp-content\/uploads\/2025\/06\/MNT0660-scaled.jpg\" \/>\n\t<meta property=\"og:image:width\" content=\"1707\" \/>\n\t<meta property=\"og:image:height\" content=\"2560\" \/>\n\t<meta property=\"og:image:type\" content=\"image\/jpeg\" \/>\n<meta name=\"twitter:card\" content=\"summary_large_image\" \/>\n<meta name=\"twitter:label1\" content=\"Tiempo de lectura\" \/>\n\t<meta name=\"twitter:data1\" content=\"1 minuto\" \/>\n<script type=\"application\/ld+json\" class=\"yoast-schema-graph\">{\"@context\":\"https:\\\/\\\/schema.org\",\"@graph\":[{\"@type\":[\"WebPage\",\"ItemPage\"],\"@id\":\"https:\\\/\\\/ogofurniture.com\\\/es\\\/producto\\\/bloom-out\\\/\",\"url\":\"https:\\\/\\\/ogofurniture.com\\\/es\\\/producto\\\/bloom-out\\\/\",\"name\":\"Bloom Out - ogofurniture\",\"isPartOf\":{\"@id\":\"https:\\\/\\\/ogofurniture.com\\\/es\\\/#website\"},\"primaryImageOfPage\":{\"@id\":\"https:\\\/\\\/ogofurniture.com\\\/es\\\/producto\\\/bloom-out\\\/#primaryimage\"},\"image\":{\"@id\":\"https:\\\/\\\/ogofurniture.com\\\/es\\\/producto\\\/bloom-out\\\/#primaryimage\"},\"thumbnailUrl\":\"https:\\\/\\\/ogofurniture.com\\\/wp-content\\\/uploads\\\/2025\\\/06\\\/MNT0660-scaled.jpg\",\"datePublished\":\"2025-06-27T09:14:01+00:00\",\"dateModified\":\"2026-04-09T09:08:36+00:00\",\"breadcrumb\":{\"@id\":\"https:\\\/\\\/ogofurniture.com\\\/es\\\/producto\\\/bloom-out\\\/#breadcrumb\"},\"inLanguage\":\"es\",\"potentialAction\":[{\"@type\":\"ReadAction\",\"target\":[\"https:\\\/\\\/ogofurniture.com\\\/es\\\/producto\\\/bloom-out\\\/\"]}]},{\"@type\":\"ImageObject\",\"inLanguage\":\"es\",\"@id\":\"https:\\\/\\\/ogofurniture.com\\\/es\\\/producto\\\/bloom-out\\\/#primaryimage\",\"url\":\"https:\\\/\\\/ogofurniture.com\\\/wp-content\\\/uploads\\\/2025\\\/06\\\/MNT0660-scaled.jpg\",\"contentUrl\":\"https:\\\/\\\/ogofurniture.com\\\/wp-content\\\/uploads\\\/2025\\\/06\\\/MNT0660-scaled.jpg\",\"width\":1707,\"height\":2560},{\"@type\":\"BreadcrumbList\",\"@id\":\"https:\\\/\\\/ogofurniture.com\\\/es\\\/producto\\\/bloom-out\\\/#breadcrumb\",\"itemListElement\":[{\"@type\":\"ListItem\",\"position\":1,\"name\":\"Tienda\",\"item\":\"https:\\\/\\\/ogofurniture.com\\\/es\\\/tienda\\\/\"},{\"@type\":\"ListItem\",\"position\":2,\"name\":\"Bloom Out\"}]},{\"@type\":\"WebSite\",\"@id\":\"https:\\\/\\\/ogofurniture.com\\\/es\\\/#website\",\"url\":\"https:\\\/\\\/ogofurniture.com\\\/es\\\/\",\"name\":\"ogofurniture\",\"description\":\"In &amp; Out Furniture\",\"potentialAction\":[{\"@type\":\"SearchAction\",\"target\":{\"@type\":\"EntryPoint\",\"urlTemplate\":\"https:\\\/\\\/ogofurniture.com\\\/es\\\/?s={search_term_string}\"},\"query-input\":{\"@type\":\"PropertyValueSpecification\",\"valueRequired\":true,\"valueName\":\"search_term_string\"}}],\"inLanguage\":\"es\"}]}<\/script>\n<!-- \/ Yoast SEO plugin. -->","yoast_head_json":{"title":"Bloom Out - ogofurniture","robots":{"index":"index","follow":"follow","max-snippet":"max-snippet:-1","max-image-preview":"max-image-preview:large","max-video-preview":"max-video-preview:-1"},"canonical":"https:\/\/ogofurniture.com\/es\/producto\/bloom-out\/","og_locale":"es_ES","og_type":"article","og_title":"Bloom Out - ogofurniture","og_description":"\u00a1Descubre Bloom Out! Una fusi\u00f3n vibrante entre la base Bloom y la frescura de Don Out. Su dise\u00f1o vers\u00e1til y modular transforma cualquier espacio en una explosi\u00f3n de color y comodidad. \u00a1Dale vida a tus ambientes con Bloom Out!","og_url":"https:\/\/ogofurniture.com\/es\/producto\/bloom-out\/","og_site_name":"ogofurniture","article_modified_time":"2026-04-09T09:08:36+00:00","og_image":[{"width":1707,"height":2560,"url":"https:\/\/ogofurniture.com\/wp-content\/uploads\/2025\/06\/MNT0660-scaled.jpg","type":"image\/jpeg"}],"twitter_card":"summary_large_image","twitter_misc":{"Tiempo de lectura":"1 minuto"},"schema":{"@context":"https:\/\/schema.org","@graph":[{"@type":["WebPage","ItemPage"],"@id":"https:\/\/ogofurniture.com\/es\/producto\/bloom-out\/","url":"https:\/\/ogofurniture.com\/es\/producto\/bloom-out\/","name":"Bloom Out - ogofurniture","isPartOf":{"@id":"https:\/\/ogofurniture.com\/es\/#website"},"primaryImageOfPage":{"@id":"https:\/\/ogofurniture.com\/es\/producto\/bloom-out\/#primaryimage"},"image":{"@id":"https:\/\/ogofurniture.com\/es\/producto\/bloom-out\/#primaryimage"},"thumbnailUrl":"https:\/\/ogofurniture.com\/wp-content\/uploads\/2025\/06\/MNT0660-scaled.jpg","datePublished":"2025-06-27T09:14:01+00:00","dateModified":"2026-04-09T09:08:36+00:00","breadcrumb":{"@id":"https:\/\/ogofurniture.com\/es\/producto\/bloom-out\/#breadcrumb"},"inLanguage":"es","potentialAction":[{"@type":"ReadAction","target":["https:\/\/ogofurniture.com\/es\/producto\/bloom-out\/"]}]},{"@type":"ImageObject","inLanguage":"es","@id":"https:\/\/ogofurniture.com\/es\/producto\/bloom-out\/#primaryimage","url":"https:\/\/ogofurniture.com\/wp-content\/uploads\/2025\/06\/MNT0660-scaled.jpg","contentUrl":"https:\/\/ogofurniture.com\/wp-content\/uploads\/2025\/06\/MNT0660-scaled.jpg","width":1707,"height":2560},{"@type":"BreadcrumbList","@id":"https:\/\/ogofurniture.com\/es\/producto\/bloom-out\/#breadcrumb","itemListElement":[{"@type":"ListItem","position":1,"name":"Tienda","item":"https:\/\/ogofurniture.com\/es\/tienda\/"},{"@type":"ListItem","position":2,"name":"Bloom Out"}]},{"@type":"WebSite","@id":"https:\/\/ogofurniture.com\/es\/#website","url":"https:\/\/ogofurniture.com\/es\/","name":"ogofurniture","description":"In &amp; Out Furniture","potentialAction":[{"@type":"SearchAction","target":{"@type":"EntryPoint","urlTemplate":"https:\/\/ogofurniture.com\/es\/?s={search_term_string}"},"query-input":{"@type":"PropertyValueSpecification","valueRequired":true,"valueName":"search_term_string"}}],"inLanguage":"es"}]}},"jetpack_sharing_enabled":true,"_links":{"self":[{"href":"https:\/\/ogofurniture.com\/es\/wp-json\/wp\/v2\/product\/15035","targetHints":{"allow":["GET"]}}],"collection":[{"href":"https:\/\/ogofurniture.com\/es\/wp-json\/wp\/v2\/product"}],"about":[{"href":"https:\/\/ogofurniture.com\/es\/wp-json\/wp\/v2\/types\/product"}],"replies":[{"embeddable":true,"href":"https:\/\/ogofurniture.com\/es\/wp-json\/wp\/v2\/comments?post=15035"}],"wp:featuredmedia":[{"embeddable":true,"href":"https:\/\/ogofurniture.com\/es\/wp-json\/wp\/v2\/media\/7227"}],"wp:attachment":[{"href":"https:\/\/ogofurniture.com\/es\/wp-json\/wp\/v2\/media?parent=15035"}],"wp:term":[{"taxonomy":"family","embeddable":true,"href":"https:\/\/ogofurniture.com\/es\/wp-json\/wp\/v2\/family?post=15035"},{"taxonomy":"product_brand","embeddable":true,"href":"https:\/\/ogofurniture.com\/es\/wp-json\/wp\/v2\/product_brand?post=15035"},{"taxonomy":"product_cat","embeddable":true,"href":"https:\/\/ogofurniture.com\/es\/wp-json\/wp\/v2\/product_cat?post=15035"},{"taxonomy":"product_tag","embeddable":true,"href":"https:\/\/ogofurniture.com\/es\/wp-json\/wp\/v2\/product_tag?post=15035"}],"curies":[{"name":"wp","href":"https:\/\/api.w.org\/{rel}","templated":true}]}}