{"id":14895,"date":"2024-09-18T07:17:18","date_gmt":"2024-09-18T07:17:18","guid":{"rendered":"https:\/\/ogofurniture.com\/producto\/big-bag-xxl\/"},"modified":"2026-03-04T11:40:46","modified_gmt":"2026-03-04T11:40:46","slug":"big-bag-xxl","status":"publish","type":"product","link":"https:\/\/ogofurniture.com\/es\/producto\/big-bag-xxl\/","title":{"rendered":"Big Bag XXL"},"content":{"rendered":"<p><strong>Hecho artesanalmente en Espa\u00f1a<\/strong><\/p>\n<p>G1- Tejidos 3D, 100% transpirables y drenables, que permiten la entrada de agua en su interior, para luego dejar escurrir correctamente despu\u00e9s de cada uso. Se recomienda su enjuague despu\u00e9s de cada uso para una mayor vida \u00fatil.<\/p>\n<p><a href=\"http:\/\/ogofurniture.com\/wp-content\/uploads\/2024\/06\/OGO-FABRICS-Care-Maintenance.zip\">Para m\u00e1s informaci\u00f3n sobre mantenimiento, clica aqu\u00ed\u00a0<\/a><\/p>\n<p>Relleno: 100% perlas de poliestireno BIOPS apto para uso exterior y piscina.<\/p>\n<p>Las medidas totales que se muestran en este formulario pueden variar entre 5 cm +\/-<\/p>\n<p>seg\u00fan el tipo de producto y el tipo de tejido utilizado.<\/p>\n<p>El peso de los art\u00edculos aumenta en contacto con el agua, por lo que, dependiendo del tama\u00f1o del producto, puede ser necesaria la asistencia de dos personas para sacarlo del agua.<\/p>\n<p>Producto no nocivo para la salud.<\/p>\n<p>No debe ser utilizado por ni\u00f1os sin la supervisi\u00f3n de un adulto.<\/p>\n<p>OGO no se hace responsable del uso indebido del producto.<\/p>\n","protected":false},"excerpt":{"rendered":"<p>&nbsp;<\/p>\n<p>Un Big Bang de posibilidades. Este enorme coj\u00edn para dormir puede adoptar tantas formas como desees gracias a su sencillo dise\u00f1o. Juega con \u00e9l y compru\u00e9balo t\u00fa mismo. A veces, la clave est\u00e1 en la sencillez<\/p>\n","protected":false},"featured_media":7094,"comment_status":"open","ping_status":"closed","template":"","meta":[],"family":[],"product_brand":[],"product_cat":[30],"product_tag":[],"class_list":{"0":"post-14895","1":"product","2":"type-product","3":"status-publish","4":"has-post-thumbnail","6":"product_cat-sin-categorizar","8":"first","9":"instock","10":"taxable","11":"shipping-taxable","12":"purchasable","13":"product-type-variable"},"acf":[],"yoast_head":"<!-- This site is optimized with the Yoast SEO plugin v27.3 - https:\/\/yoast.com\/product\/yoast-seo-wordpress\/ -->\n<title>Big Bag XXL - ogofurniture<\/title>\n<meta name=\"robots\" content=\"index, follow, max-snippet:-1, max-image-preview:large, max-video-preview:-1\" \/>\n<link rel=\"canonical\" href=\"https:\/\/ogofurniture.com\/es\/producto\/big-bag-xxl\/\" \/>\n<meta property=\"og:locale\" content=\"es_ES\" \/>\n<meta property=\"og:type\" content=\"article\" \/>\n<meta property=\"og:title\" content=\"Big Bag XXL - ogofurniture\" \/>\n<meta property=\"og:description\" content=\"&nbsp;  Un Big Bang de posibilidades. Este enorme coj\u00edn para dormir puede adoptar tantas formas como desees gracias a su sencillo dise\u00f1o. Juega con \u00e9l y compru\u00e9balo t\u00fa mismo. A veces, la clave est\u00e1 en la sencillez\" \/>\n<meta property=\"og:url\" content=\"https:\/\/ogofurniture.com\/es\/producto\/big-bag-xxl\/\" \/>\n<meta property=\"og:site_name\" content=\"ogofurniture\" \/>\n<meta property=\"article:modified_time\" content=\"2026-03-04T11:40:46+00:00\" \/>\n<meta property=\"og:image\" content=\"https:\/\/ogofurniture.com\/wp-content\/uploads\/2023\/09\/OGO-2025-5-ASF_3876-683x1024.jpeg\" \/>\n\t<meta property=\"og:image:width\" content=\"683\" \/>\n\t<meta property=\"og:image:height\" content=\"1024\" \/>\n\t<meta property=\"og:image:type\" content=\"image\/jpeg\" \/>\n<meta name=\"twitter:card\" content=\"summary_large_image\" \/>\n<meta name=\"twitter:label1\" content=\"Tiempo de lectura\" \/>\n\t<meta name=\"twitter:data1\" content=\"1 minuto\" \/>\n<script type=\"application\/ld+json\" class=\"yoast-schema-graph\">{\"@context\":\"https:\\\/\\\/schema.org\",\"@graph\":[{\"@type\":[\"WebPage\",\"ItemPage\"],\"@id\":\"https:\\\/\\\/ogofurniture.com\\\/es\\\/producto\\\/big-bag-xxl\\\/\",\"url\":\"https:\\\/\\\/ogofurniture.com\\\/es\\\/producto\\\/big-bag-xxl\\\/\",\"name\":\"Big Bag XXL - ogofurniture\",\"isPartOf\":{\"@id\":\"https:\\\/\\\/ogofurniture.com\\\/es\\\/#website\"},\"primaryImageOfPage\":{\"@id\":\"https:\\\/\\\/ogofurniture.com\\\/es\\\/producto\\\/big-bag-xxl\\\/#primaryimage\"},\"image\":{\"@id\":\"https:\\\/\\\/ogofurniture.com\\\/es\\\/producto\\\/big-bag-xxl\\\/#primaryimage\"},\"thumbnailUrl\":\"https:\\\/\\\/ogofurniture.com\\\/wp-content\\\/uploads\\\/2023\\\/09\\\/OGO-2025-5-ASF_3876.jpeg\",\"datePublished\":\"2024-09-18T07:17:18+00:00\",\"dateModified\":\"2026-03-04T11:40:46+00:00\",\"breadcrumb\":{\"@id\":\"https:\\\/\\\/ogofurniture.com\\\/es\\\/producto\\\/big-bag-xxl\\\/#breadcrumb\"},\"inLanguage\":\"es\",\"potentialAction\":[{\"@type\":\"ReadAction\",\"target\":[\"https:\\\/\\\/ogofurniture.com\\\/es\\\/producto\\\/big-bag-xxl\\\/\"]}]},{\"@type\":\"ImageObject\",\"inLanguage\":\"es\",\"@id\":\"https:\\\/\\\/ogofurniture.com\\\/es\\\/producto\\\/big-bag-xxl\\\/#primaryimage\",\"url\":\"https:\\\/\\\/ogofurniture.com\\\/wp-content\\\/uploads\\\/2023\\\/09\\\/OGO-2025-5-ASF_3876.jpeg\",\"contentUrl\":\"https:\\\/\\\/ogofurniture.com\\\/wp-content\\\/uploads\\\/2023\\\/09\\\/OGO-2025-5-ASF_3876.jpeg\",\"width\":5307,\"height\":7957},{\"@type\":\"BreadcrumbList\",\"@id\":\"https:\\\/\\\/ogofurniture.com\\\/es\\\/producto\\\/big-bag-xxl\\\/#breadcrumb\",\"itemListElement\":[{\"@type\":\"ListItem\",\"position\":1,\"name\":\"Tienda\",\"item\":\"https:\\\/\\\/ogofurniture.com\\\/es\\\/tienda\\\/\"},{\"@type\":\"ListItem\",\"position\":2,\"name\":\"Big Bag XXL\"}]},{\"@type\":\"WebSite\",\"@id\":\"https:\\\/\\\/ogofurniture.com\\\/es\\\/#website\",\"url\":\"https:\\\/\\\/ogofurniture.com\\\/es\\\/\",\"name\":\"ogofurniture\",\"description\":\"In &amp; Out Furniture\",\"potentialAction\":[{\"@type\":\"SearchAction\",\"target\":{\"@type\":\"EntryPoint\",\"urlTemplate\":\"https:\\\/\\\/ogofurniture.com\\\/es\\\/?s={search_term_string}\"},\"query-input\":{\"@type\":\"PropertyValueSpecification\",\"valueRequired\":true,\"valueName\":\"search_term_string\"}}],\"inLanguage\":\"es\"}]}<\/script>\n<!-- \/ Yoast SEO plugin. -->","yoast_head_json":{"title":"Big Bag XXL - ogofurniture","robots":{"index":"index","follow":"follow","max-snippet":"max-snippet:-1","max-image-preview":"max-image-preview:large","max-video-preview":"max-video-preview:-1"},"canonical":"https:\/\/ogofurniture.com\/es\/producto\/big-bag-xxl\/","og_locale":"es_ES","og_type":"article","og_title":"Big Bag XXL - ogofurniture","og_description":"&nbsp;  Un Big Bang de posibilidades. Este enorme coj\u00edn para dormir puede adoptar tantas formas como desees gracias a su sencillo dise\u00f1o. Juega con \u00e9l y compru\u00e9balo t\u00fa mismo. A veces, la clave est\u00e1 en la sencillez","og_url":"https:\/\/ogofurniture.com\/es\/producto\/big-bag-xxl\/","og_site_name":"ogofurniture","article_modified_time":"2026-03-04T11:40:46+00:00","og_image":[{"width":683,"height":1024,"url":"https:\/\/ogofurniture.com\/wp-content\/uploads\/2023\/09\/OGO-2025-5-ASF_3876-683x1024.jpeg","type":"image\/jpeg"}],"twitter_card":"summary_large_image","twitter_misc":{"Tiempo de lectura":"1 minuto"},"schema":{"@context":"https:\/\/schema.org","@graph":[{"@type":["WebPage","ItemPage"],"@id":"https:\/\/ogofurniture.com\/es\/producto\/big-bag-xxl\/","url":"https:\/\/ogofurniture.com\/es\/producto\/big-bag-xxl\/","name":"Big Bag XXL - ogofurniture","isPartOf":{"@id":"https:\/\/ogofurniture.com\/es\/#website"},"primaryImageOfPage":{"@id":"https:\/\/ogofurniture.com\/es\/producto\/big-bag-xxl\/#primaryimage"},"image":{"@id":"https:\/\/ogofurniture.com\/es\/producto\/big-bag-xxl\/#primaryimage"},"thumbnailUrl":"https:\/\/ogofurniture.com\/wp-content\/uploads\/2023\/09\/OGO-2025-5-ASF_3876.jpeg","datePublished":"2024-09-18T07:17:18+00:00","dateModified":"2026-03-04T11:40:46+00:00","breadcrumb":{"@id":"https:\/\/ogofurniture.com\/es\/producto\/big-bag-xxl\/#breadcrumb"},"inLanguage":"es","potentialAction":[{"@type":"ReadAction","target":["https:\/\/ogofurniture.com\/es\/producto\/big-bag-xxl\/"]}]},{"@type":"ImageObject","inLanguage":"es","@id":"https:\/\/ogofurniture.com\/es\/producto\/big-bag-xxl\/#primaryimage","url":"https:\/\/ogofurniture.com\/wp-content\/uploads\/2023\/09\/OGO-2025-5-ASF_3876.jpeg","contentUrl":"https:\/\/ogofurniture.com\/wp-content\/uploads\/2023\/09\/OGO-2025-5-ASF_3876.jpeg","width":5307,"height":7957},{"@type":"BreadcrumbList","@id":"https:\/\/ogofurniture.com\/es\/producto\/big-bag-xxl\/#breadcrumb","itemListElement":[{"@type":"ListItem","position":1,"name":"Tienda","item":"https:\/\/ogofurniture.com\/es\/tienda\/"},{"@type":"ListItem","position":2,"name":"Big Bag XXL"}]},{"@type":"WebSite","@id":"https:\/\/ogofurniture.com\/es\/#website","url":"https:\/\/ogofurniture.com\/es\/","name":"ogofurniture","description":"In &amp; Out Furniture","potentialAction":[{"@type":"SearchAction","target":{"@type":"EntryPoint","urlTemplate":"https:\/\/ogofurniture.com\/es\/?s={search_term_string}"},"query-input":{"@type":"PropertyValueSpecification","valueRequired":true,"valueName":"search_term_string"}}],"inLanguage":"es"}]}},"jetpack_sharing_enabled":true,"_links":{"self":[{"href":"https:\/\/ogofurniture.com\/es\/wp-json\/wp\/v2\/product\/14895","targetHints":{"allow":["GET"]}}],"collection":[{"href":"https:\/\/ogofurniture.com\/es\/wp-json\/wp\/v2\/product"}],"about":[{"href":"https:\/\/ogofurniture.com\/es\/wp-json\/wp\/v2\/types\/product"}],"replies":[{"embeddable":true,"href":"https:\/\/ogofurniture.com\/es\/wp-json\/wp\/v2\/comments?post=14895"}],"wp:featuredmedia":[{"embeddable":true,"href":"https:\/\/ogofurniture.com\/es\/wp-json\/wp\/v2\/media\/7094"}],"wp:attachment":[{"href":"https:\/\/ogofurniture.com\/es\/wp-json\/wp\/v2\/media?parent=14895"}],"wp:term":[{"taxonomy":"family","embeddable":true,"href":"https:\/\/ogofurniture.com\/es\/wp-json\/wp\/v2\/family?post=14895"},{"taxonomy":"product_brand","embeddable":true,"href":"https:\/\/ogofurniture.com\/es\/wp-json\/wp\/v2\/product_brand?post=14895"},{"taxonomy":"product_cat","embeddable":true,"href":"https:\/\/ogofurniture.com\/es\/wp-json\/wp\/v2\/product_cat?post=14895"},{"taxonomy":"product_tag","embeddable":true,"href":"https:\/\/ogofurniture.com\/es\/wp-json\/wp\/v2\/product_tag?post=14895"}],"curies":[{"name":"wp","href":"https:\/\/api.w.org\/{rel}","templated":true}]}}