{"id":14871,"date":"2024-07-08T14:49:16","date_gmt":"2024-07-08T14:49:16","guid":{"rendered":"https:\/\/ogofurniture.com\/producto\/cushion-l\/"},"modified":"2026-04-09T09:22:07","modified_gmt":"2026-04-09T09:22:07","slug":"cushion-l","status":"publish","type":"product","link":"https:\/\/ogofurniture.com\/es\/producto\/cushion-l\/","title":{"rendered":"Cushion L"},"content":{"rendered":"\r\n<p><strong>Hecho artesanalmente en Espa\u00f1a<\/strong><\/p>\r\n<p>Realizamos env\u00edos de mobiliario outdoor premium a toda Europa y mercados internacionales.<\/p>\r\n<p>G1- Tejidos 3D, 100% transpirables y drenables, que permiten la entrada de agua en su interior, para luego dejar escurrir correctamente despu\u00e9s de cada uso. Se recomienda su enjuague despu\u00e9s de cada uso para una mayor vida \u00fatil.<\/p>\r\n<p>Relleno: 100% perlas de poliestireno BIOPS apto para uso exterior y piscina.<\/p>\r\n<p><a href=\"http:\/\/ogofurniture.com\/wp-content\/uploads\/2024\/06\/OGO-FABRICS-Care-Maintenance.zip\">Para m\u00e1s informaci\u00f3n de mantenimiento, clica aqu\u00ed.<\/a><\/p>\r\n<p>Las medidas totales que se muestran en este formulario pueden variar entre 5 cm +\/-<\/p>\r\n<p>seg\u00fan el tipo de producto y el tipo de tejido utilizado.<\/p>\r\n<p>El peso de los art\u00edculos aumenta en contacto con el agua, por lo que, dependiendo del tama\u00f1o del producto, puede ser necesaria la asistencia de dos personas para sacarlo del agua.<\/p>\r\n<p>Producto no nocivo para la salud.<\/p>\r\n<p>No debe ser utilizado por ni\u00f1os sin la supervisi\u00f3n de un adulto.<\/p>\r\n<p>OGO no se hace responsable del uso indebido del producto.<\/p>\r\n","protected":false},"excerpt":{"rendered":"<p>&nbsp;<\/p>\n<p>El coj\u00edn m\u00e1s bonito para la siesta m\u00e1s c\u00f3moda. Nuestro coj\u00edn es el complemento ideal para otros art\u00edculos como Bali, Mar\u00eda o Llit Out.<\/p>\n","protected":false},"featured_media":5603,"comment_status":"open","ping_status":"closed","template":"","meta":[],"family":[],"product_brand":[],"product_cat":[30],"product_tag":[],"class_list":{"0":"post-14871","1":"product","2":"type-product","3":"status-publish","4":"has-post-thumbnail","6":"product_cat-sin-categorizar","8":"first","9":"instock","10":"taxable","11":"shipping-taxable","12":"purchasable","13":"product-type-variable"},"acf":[],"yoast_head":"<!-- This site is optimized with the Yoast SEO plugin v27.3 - https:\/\/yoast.com\/product\/yoast-seo-wordpress\/ -->\n<title>Cushion L - ogofurniture<\/title>\n<meta name=\"robots\" content=\"index, follow, max-snippet:-1, max-image-preview:large, max-video-preview:-1\" \/>\n<link rel=\"canonical\" href=\"https:\/\/ogofurniture.com\/es\/producto\/cushion-l\/\" \/>\n<meta property=\"og:locale\" content=\"es_ES\" \/>\n<meta property=\"og:type\" content=\"article\" \/>\n<meta property=\"og:title\" content=\"Cushion L - ogofurniture\" \/>\n<meta property=\"og:description\" content=\"&nbsp; El coj\u00edn m\u00e1s bonito para la siesta m\u00e1s c\u00f3moda. Nuestro coj\u00edn es el complemento ideal para otros art\u00edculos como Bali, Mar\u00eda o Llit Out.\" \/>\n<meta property=\"og:url\" content=\"https:\/\/ogofurniture.com\/es\/producto\/cushion-l\/\" \/>\n<meta property=\"og:site_name\" content=\"ogofurniture\" \/>\n<meta property=\"article:modified_time\" content=\"2026-04-09T09:22:07+00:00\" \/>\n<meta property=\"og:image\" content=\"https:\/\/ogofurniture.com\/wp-content\/uploads\/2024\/09\/OGO-2023-12-3B6A4452-683x1024.jpeg\" \/>\n\t<meta property=\"og:image:width\" content=\"683\" \/>\n\t<meta property=\"og:image:height\" content=\"1024\" \/>\n\t<meta property=\"og:image:type\" content=\"image\/jpeg\" \/>\n<meta name=\"twitter:card\" content=\"summary_large_image\" \/>\n<meta name=\"twitter:label1\" content=\"Tiempo de lectura\" \/>\n\t<meta name=\"twitter:data1\" content=\"1 minuto\" \/>\n<script type=\"application\/ld+json\" class=\"yoast-schema-graph\">{\"@context\":\"https:\\\/\\\/schema.org\",\"@graph\":[{\"@type\":[\"WebPage\",\"ItemPage\"],\"@id\":\"https:\\\/\\\/ogofurniture.com\\\/es\\\/producto\\\/cushion-l\\\/\",\"url\":\"https:\\\/\\\/ogofurniture.com\\\/es\\\/producto\\\/cushion-l\\\/\",\"name\":\"Cushion L - ogofurniture\",\"isPartOf\":{\"@id\":\"https:\\\/\\\/ogofurniture.com\\\/es\\\/#website\"},\"primaryImageOfPage\":{\"@id\":\"https:\\\/\\\/ogofurniture.com\\\/es\\\/producto\\\/cushion-l\\\/#primaryimage\"},\"image\":{\"@id\":\"https:\\\/\\\/ogofurniture.com\\\/es\\\/producto\\\/cushion-l\\\/#primaryimage\"},\"thumbnailUrl\":\"https:\\\/\\\/ogofurniture.com\\\/wp-content\\\/uploads\\\/2024\\\/09\\\/OGO-2023-12-3B6A4452.jpeg\",\"datePublished\":\"2024-07-08T14:49:16+00:00\",\"dateModified\":\"2026-04-09T09:22:07+00:00\",\"breadcrumb\":{\"@id\":\"https:\\\/\\\/ogofurniture.com\\\/es\\\/producto\\\/cushion-l\\\/#breadcrumb\"},\"inLanguage\":\"es\",\"potentialAction\":[{\"@type\":\"ReadAction\",\"target\":[\"https:\\\/\\\/ogofurniture.com\\\/es\\\/producto\\\/cushion-l\\\/\"]}]},{\"@type\":\"ImageObject\",\"inLanguage\":\"es\",\"@id\":\"https:\\\/\\\/ogofurniture.com\\\/es\\\/producto\\\/cushion-l\\\/#primaryimage\",\"url\":\"https:\\\/\\\/ogofurniture.com\\\/wp-content\\\/uploads\\\/2024\\\/09\\\/OGO-2023-12-3B6A4452.jpeg\",\"contentUrl\":\"https:\\\/\\\/ogofurniture.com\\\/wp-content\\\/uploads\\\/2024\\\/09\\\/OGO-2023-12-3B6A4452.jpeg\",\"width\":5312,\"height\":7964},{\"@type\":\"BreadcrumbList\",\"@id\":\"https:\\\/\\\/ogofurniture.com\\\/es\\\/producto\\\/cushion-l\\\/#breadcrumb\",\"itemListElement\":[{\"@type\":\"ListItem\",\"position\":1,\"name\":\"Tienda\",\"item\":\"https:\\\/\\\/ogofurniture.com\\\/es\\\/tienda\\\/\"},{\"@type\":\"ListItem\",\"position\":2,\"name\":\"Cushion L\"}]},{\"@type\":\"WebSite\",\"@id\":\"https:\\\/\\\/ogofurniture.com\\\/es\\\/#website\",\"url\":\"https:\\\/\\\/ogofurniture.com\\\/es\\\/\",\"name\":\"ogofurniture\",\"description\":\"In &amp; Out Furniture\",\"potentialAction\":[{\"@type\":\"SearchAction\",\"target\":{\"@type\":\"EntryPoint\",\"urlTemplate\":\"https:\\\/\\\/ogofurniture.com\\\/es\\\/?s={search_term_string}\"},\"query-input\":{\"@type\":\"PropertyValueSpecification\",\"valueRequired\":true,\"valueName\":\"search_term_string\"}}],\"inLanguage\":\"es\"}]}<\/script>\n<!-- \/ Yoast SEO plugin. -->","yoast_head_json":{"title":"Cushion L - ogofurniture","robots":{"index":"index","follow":"follow","max-snippet":"max-snippet:-1","max-image-preview":"max-image-preview:large","max-video-preview":"max-video-preview:-1"},"canonical":"https:\/\/ogofurniture.com\/es\/producto\/cushion-l\/","og_locale":"es_ES","og_type":"article","og_title":"Cushion L - ogofurniture","og_description":"&nbsp; El coj\u00edn m\u00e1s bonito para la siesta m\u00e1s c\u00f3moda. Nuestro coj\u00edn es el complemento ideal para otros art\u00edculos como Bali, Mar\u00eda o Llit Out.","og_url":"https:\/\/ogofurniture.com\/es\/producto\/cushion-l\/","og_site_name":"ogofurniture","article_modified_time":"2026-04-09T09:22:07+00:00","og_image":[{"width":683,"height":1024,"url":"https:\/\/ogofurniture.com\/wp-content\/uploads\/2024\/09\/OGO-2023-12-3B6A4452-683x1024.jpeg","type":"image\/jpeg"}],"twitter_card":"summary_large_image","twitter_misc":{"Tiempo de lectura":"1 minuto"},"schema":{"@context":"https:\/\/schema.org","@graph":[{"@type":["WebPage","ItemPage"],"@id":"https:\/\/ogofurniture.com\/es\/producto\/cushion-l\/","url":"https:\/\/ogofurniture.com\/es\/producto\/cushion-l\/","name":"Cushion L - ogofurniture","isPartOf":{"@id":"https:\/\/ogofurniture.com\/es\/#website"},"primaryImageOfPage":{"@id":"https:\/\/ogofurniture.com\/es\/producto\/cushion-l\/#primaryimage"},"image":{"@id":"https:\/\/ogofurniture.com\/es\/producto\/cushion-l\/#primaryimage"},"thumbnailUrl":"https:\/\/ogofurniture.com\/wp-content\/uploads\/2024\/09\/OGO-2023-12-3B6A4452.jpeg","datePublished":"2024-07-08T14:49:16+00:00","dateModified":"2026-04-09T09:22:07+00:00","breadcrumb":{"@id":"https:\/\/ogofurniture.com\/es\/producto\/cushion-l\/#breadcrumb"},"inLanguage":"es","potentialAction":[{"@type":"ReadAction","target":["https:\/\/ogofurniture.com\/es\/producto\/cushion-l\/"]}]},{"@type":"ImageObject","inLanguage":"es","@id":"https:\/\/ogofurniture.com\/es\/producto\/cushion-l\/#primaryimage","url":"https:\/\/ogofurniture.com\/wp-content\/uploads\/2024\/09\/OGO-2023-12-3B6A4452.jpeg","contentUrl":"https:\/\/ogofurniture.com\/wp-content\/uploads\/2024\/09\/OGO-2023-12-3B6A4452.jpeg","width":5312,"height":7964},{"@type":"BreadcrumbList","@id":"https:\/\/ogofurniture.com\/es\/producto\/cushion-l\/#breadcrumb","itemListElement":[{"@type":"ListItem","position":1,"name":"Tienda","item":"https:\/\/ogofurniture.com\/es\/tienda\/"},{"@type":"ListItem","position":2,"name":"Cushion L"}]},{"@type":"WebSite","@id":"https:\/\/ogofurniture.com\/es\/#website","url":"https:\/\/ogofurniture.com\/es\/","name":"ogofurniture","description":"In &amp; Out Furniture","potentialAction":[{"@type":"SearchAction","target":{"@type":"EntryPoint","urlTemplate":"https:\/\/ogofurniture.com\/es\/?s={search_term_string}"},"query-input":{"@type":"PropertyValueSpecification","valueRequired":true,"valueName":"search_term_string"}}],"inLanguage":"es"}]}},"jetpack_sharing_enabled":true,"_links":{"self":[{"href":"https:\/\/ogofurniture.com\/es\/wp-json\/wp\/v2\/product\/14871","targetHints":{"allow":["GET"]}}],"collection":[{"href":"https:\/\/ogofurniture.com\/es\/wp-json\/wp\/v2\/product"}],"about":[{"href":"https:\/\/ogofurniture.com\/es\/wp-json\/wp\/v2\/types\/product"}],"replies":[{"embeddable":true,"href":"https:\/\/ogofurniture.com\/es\/wp-json\/wp\/v2\/comments?post=14871"}],"wp:featuredmedia":[{"embeddable":true,"href":"https:\/\/ogofurniture.com\/es\/wp-json\/wp\/v2\/media\/5603"}],"wp:attachment":[{"href":"https:\/\/ogofurniture.com\/es\/wp-json\/wp\/v2\/media?parent=14871"}],"wp:term":[{"taxonomy":"family","embeddable":true,"href":"https:\/\/ogofurniture.com\/es\/wp-json\/wp\/v2\/family?post=14871"},{"taxonomy":"product_brand","embeddable":true,"href":"https:\/\/ogofurniture.com\/es\/wp-json\/wp\/v2\/product_brand?post=14871"},{"taxonomy":"product_cat","embeddable":true,"href":"https:\/\/ogofurniture.com\/es\/wp-json\/wp\/v2\/product_cat?post=14871"},{"taxonomy":"product_tag","embeddable":true,"href":"https:\/\/ogofurniture.com\/es\/wp-json\/wp\/v2\/product_tag?post=14871"}],"curies":[{"name":"wp","href":"https:\/\/api.w.org\/{rel}","templated":true}]}}