{"id":14499,"date":"2025-03-11T09:35:43","date_gmt":"2025-03-11T09:35:43","guid":{"rendered":"https:\/\/ogofurniture.com\/producto\/ogo-tote-bag\/"},"modified":"2026-04-09T09:11:53","modified_gmt":"2026-04-09T09:11:53","slug":"ogo-tote-bag","status":"publish","type":"product","link":"https:\/\/ogofurniture.com\/es\/producto\/ogo-tote-bag\/","title":{"rendered":"Tote bag"},"content":{"rendered":"\r\n<p><strong>Hecho artesanalmente en Espa\u00f1a<\/strong><\/p>\r\n<p>Realizamos env\u00edos de mobiliario outdoor premium a toda Europa y mercados internacionales.<\/p>\r\n<p>G1- Tejidos 3D, 100% transpirables\u00a0<\/p>\r\n<p><a href=\"http:\/\/ogofurniture.com\/wp-content\/uploads\/2024\/06\/OGO-FABRICS-Care-Maintenance.zip\">Para m\u00e1s informaci\u00f3n de mantenimiento, clica aqu\u00ed.<img decoding=\"async\" data-src=\"https:\/\/static.vecteezy.com\/system\/resources\/thumbnails\/028\/727\/876\/small_2x\/click-finger-icon-emoji-sticker-free-png.png\" alt=\"clique dedo \u00edcone emoji adesivo 28727876 PNG\" width=\"14\" height=\"19\" src=\"data:image\/svg+xml;base64,PHN2ZyB3aWR0aD0iMSIgaGVpZ2h0PSIxIiB4bWxucz0iaHR0cDovL3d3dy53My5vcmcvMjAwMC9zdmciPjwvc3ZnPg==\" class=\"lazyload\" style=\"--smush-placeholder-width: 14px; --smush-placeholder-aspect-ratio: 14\/19;\" \/><\/a><\/p>\r\n<p>Las medidas totales que se muestran en este formulario pueden variar entre 5 cm +\/-<\/p>\r\n<p>Producto no nocivo para la salud.<\/p>\r\n<p>No debe ser utilizado por ni\u00f1os sin la supervisi\u00f3n de un adulto.<\/p>\r\n<p>OGO no se hace responsable del uso indebido del producto.<\/p>\r\n","protected":false},"excerpt":{"rendered":"<p>Ya sea que est\u00e9s tomando el sol, disfrutando de un picnic en la orilla o paseando por el paseo mar\u00edtimo, este bolso te har\u00e1 destacar con elegancia.<\/p>\n","protected":false},"featured_media":5859,"comment_status":"open","ping_status":"closed","template":"","meta":[],"family":[],"product_brand":[],"product_cat":[30],"product_tag":[],"class_list":{"0":"post-14499","1":"product","2":"type-product","3":"status-publish","4":"has-post-thumbnail","6":"product_cat-sin-categorizar","8":"first","9":"instock","10":"taxable","11":"shipping-taxable","12":"purchasable","13":"product-type-variable"},"acf":[],"yoast_head":"<!-- This site is optimized with the Yoast SEO plugin v27.3 - https:\/\/yoast.com\/product\/yoast-seo-wordpress\/ -->\n<title>Tote bag - ogofurniture<\/title>\n<meta name=\"robots\" content=\"index, follow, max-snippet:-1, max-image-preview:large, max-video-preview:-1\" \/>\n<link rel=\"canonical\" href=\"https:\/\/ogofurniture.com\/es\/producto\/ogo-tote-bag\/\" \/>\n<meta property=\"og:locale\" content=\"es_ES\" \/>\n<meta property=\"og:type\" content=\"article\" \/>\n<meta property=\"og:title\" content=\"Tote bag - ogofurniture\" \/>\n<meta property=\"og:description\" content=\"Ya sea que est\u00e9s tomando el sol, disfrutando de un picnic en la orilla o paseando por el paseo mar\u00edtimo, este bolso te har\u00e1 destacar con elegancia.\" \/>\n<meta property=\"og:url\" content=\"https:\/\/ogofurniture.com\/es\/producto\/ogo-tote-bag\/\" \/>\n<meta property=\"og:site_name\" content=\"ogofurniture\" \/>\n<meta property=\"article:modified_time\" content=\"2026-04-09T09:11:53+00:00\" \/>\n<meta property=\"og:image\" content=\"https:\/\/ogofurniture.com\/wp-content\/uploads\/2024\/07\/TOTEBAG.jpg\" \/>\n\t<meta property=\"og:image:width\" content=\"500\" \/>\n\t<meta property=\"og:image:height\" content=\"500\" \/>\n\t<meta property=\"og:image:type\" content=\"image\/jpeg\" \/>\n<meta name=\"twitter:card\" content=\"summary_large_image\" \/>\n<meta name=\"twitter:label1\" content=\"Tiempo de lectura\" \/>\n\t<meta name=\"twitter:data1\" content=\"1 minuto\" \/>\n<script type=\"application\/ld+json\" class=\"yoast-schema-graph\">{\"@context\":\"https:\\\/\\\/schema.org\",\"@graph\":[{\"@type\":[\"WebPage\",\"ItemPage\"],\"@id\":\"https:\\\/\\\/ogofurniture.com\\\/es\\\/producto\\\/ogo-tote-bag\\\/\",\"url\":\"https:\\\/\\\/ogofurniture.com\\\/es\\\/producto\\\/ogo-tote-bag\\\/\",\"name\":\"Tote bag - ogofurniture\",\"isPartOf\":{\"@id\":\"https:\\\/\\\/ogofurniture.com\\\/es\\\/#website\"},\"primaryImageOfPage\":{\"@id\":\"https:\\\/\\\/ogofurniture.com\\\/es\\\/producto\\\/ogo-tote-bag\\\/#primaryimage\"},\"image\":{\"@id\":\"https:\\\/\\\/ogofurniture.com\\\/es\\\/producto\\\/ogo-tote-bag\\\/#primaryimage\"},\"thumbnailUrl\":\"https:\\\/\\\/ogofurniture.com\\\/wp-content\\\/uploads\\\/2024\\\/07\\\/TOTEBAG.jpg\",\"datePublished\":\"2025-03-11T09:35:43+00:00\",\"dateModified\":\"2026-04-09T09:11:53+00:00\",\"breadcrumb\":{\"@id\":\"https:\\\/\\\/ogofurniture.com\\\/es\\\/producto\\\/ogo-tote-bag\\\/#breadcrumb\"},\"inLanguage\":\"es\",\"potentialAction\":[{\"@type\":\"ReadAction\",\"target\":[\"https:\\\/\\\/ogofurniture.com\\\/es\\\/producto\\\/ogo-tote-bag\\\/\"]}]},{\"@type\":\"ImageObject\",\"inLanguage\":\"es\",\"@id\":\"https:\\\/\\\/ogofurniture.com\\\/es\\\/producto\\\/ogo-tote-bag\\\/#primaryimage\",\"url\":\"https:\\\/\\\/ogofurniture.com\\\/wp-content\\\/uploads\\\/2024\\\/07\\\/TOTEBAG.jpg\",\"contentUrl\":\"https:\\\/\\\/ogofurniture.com\\\/wp-content\\\/uploads\\\/2024\\\/07\\\/TOTEBAG.jpg\",\"width\":500,\"height\":500},{\"@type\":\"BreadcrumbList\",\"@id\":\"https:\\\/\\\/ogofurniture.com\\\/es\\\/producto\\\/ogo-tote-bag\\\/#breadcrumb\",\"itemListElement\":[{\"@type\":\"ListItem\",\"position\":1,\"name\":\"Tienda\",\"item\":\"https:\\\/\\\/ogofurniture.com\\\/es\\\/tienda\\\/\"},{\"@type\":\"ListItem\",\"position\":2,\"name\":\"Tote bag\"}]},{\"@type\":\"WebSite\",\"@id\":\"https:\\\/\\\/ogofurniture.com\\\/es\\\/#website\",\"url\":\"https:\\\/\\\/ogofurniture.com\\\/es\\\/\",\"name\":\"ogofurniture\",\"description\":\"In &amp; Out Furniture\",\"potentialAction\":[{\"@type\":\"SearchAction\",\"target\":{\"@type\":\"EntryPoint\",\"urlTemplate\":\"https:\\\/\\\/ogofurniture.com\\\/es\\\/?s={search_term_string}\"},\"query-input\":{\"@type\":\"PropertyValueSpecification\",\"valueRequired\":true,\"valueName\":\"search_term_string\"}}],\"inLanguage\":\"es\"}]}<\/script>\n<!-- \/ Yoast SEO plugin. -->","yoast_head_json":{"title":"Tote bag - ogofurniture","robots":{"index":"index","follow":"follow","max-snippet":"max-snippet:-1","max-image-preview":"max-image-preview:large","max-video-preview":"max-video-preview:-1"},"canonical":"https:\/\/ogofurniture.com\/es\/producto\/ogo-tote-bag\/","og_locale":"es_ES","og_type":"article","og_title":"Tote bag - ogofurniture","og_description":"Ya sea que est\u00e9s tomando el sol, disfrutando de un picnic en la orilla o paseando por el paseo mar\u00edtimo, este bolso te har\u00e1 destacar con elegancia.","og_url":"https:\/\/ogofurniture.com\/es\/producto\/ogo-tote-bag\/","og_site_name":"ogofurniture","article_modified_time":"2026-04-09T09:11:53+00:00","og_image":[{"width":500,"height":500,"url":"https:\/\/ogofurniture.com\/wp-content\/uploads\/2024\/07\/TOTEBAG.jpg","type":"image\/jpeg"}],"twitter_card":"summary_large_image","twitter_misc":{"Tiempo de lectura":"1 minuto"},"schema":{"@context":"https:\/\/schema.org","@graph":[{"@type":["WebPage","ItemPage"],"@id":"https:\/\/ogofurniture.com\/es\/producto\/ogo-tote-bag\/","url":"https:\/\/ogofurniture.com\/es\/producto\/ogo-tote-bag\/","name":"Tote bag - ogofurniture","isPartOf":{"@id":"https:\/\/ogofurniture.com\/es\/#website"},"primaryImageOfPage":{"@id":"https:\/\/ogofurniture.com\/es\/producto\/ogo-tote-bag\/#primaryimage"},"image":{"@id":"https:\/\/ogofurniture.com\/es\/producto\/ogo-tote-bag\/#primaryimage"},"thumbnailUrl":"https:\/\/ogofurniture.com\/wp-content\/uploads\/2024\/07\/TOTEBAG.jpg","datePublished":"2025-03-11T09:35:43+00:00","dateModified":"2026-04-09T09:11:53+00:00","breadcrumb":{"@id":"https:\/\/ogofurniture.com\/es\/producto\/ogo-tote-bag\/#breadcrumb"},"inLanguage":"es","potentialAction":[{"@type":"ReadAction","target":["https:\/\/ogofurniture.com\/es\/producto\/ogo-tote-bag\/"]}]},{"@type":"ImageObject","inLanguage":"es","@id":"https:\/\/ogofurniture.com\/es\/producto\/ogo-tote-bag\/#primaryimage","url":"https:\/\/ogofurniture.com\/wp-content\/uploads\/2024\/07\/TOTEBAG.jpg","contentUrl":"https:\/\/ogofurniture.com\/wp-content\/uploads\/2024\/07\/TOTEBAG.jpg","width":500,"height":500},{"@type":"BreadcrumbList","@id":"https:\/\/ogofurniture.com\/es\/producto\/ogo-tote-bag\/#breadcrumb","itemListElement":[{"@type":"ListItem","position":1,"name":"Tienda","item":"https:\/\/ogofurniture.com\/es\/tienda\/"},{"@type":"ListItem","position":2,"name":"Tote bag"}]},{"@type":"WebSite","@id":"https:\/\/ogofurniture.com\/es\/#website","url":"https:\/\/ogofurniture.com\/es\/","name":"ogofurniture","description":"In &amp; Out Furniture","potentialAction":[{"@type":"SearchAction","target":{"@type":"EntryPoint","urlTemplate":"https:\/\/ogofurniture.com\/es\/?s={search_term_string}"},"query-input":{"@type":"PropertyValueSpecification","valueRequired":true,"valueName":"search_term_string"}}],"inLanguage":"es"}]}},"jetpack_sharing_enabled":true,"_links":{"self":[{"href":"https:\/\/ogofurniture.com\/es\/wp-json\/wp\/v2\/product\/14499","targetHints":{"allow":["GET"]}}],"collection":[{"href":"https:\/\/ogofurniture.com\/es\/wp-json\/wp\/v2\/product"}],"about":[{"href":"https:\/\/ogofurniture.com\/es\/wp-json\/wp\/v2\/types\/product"}],"replies":[{"embeddable":true,"href":"https:\/\/ogofurniture.com\/es\/wp-json\/wp\/v2\/comments?post=14499"}],"wp:featuredmedia":[{"embeddable":true,"href":"https:\/\/ogofurniture.com\/es\/wp-json\/wp\/v2\/media\/5859"}],"wp:attachment":[{"href":"https:\/\/ogofurniture.com\/es\/wp-json\/wp\/v2\/media?parent=14499"}],"wp:term":[{"taxonomy":"family","embeddable":true,"href":"https:\/\/ogofurniture.com\/es\/wp-json\/wp\/v2\/family?post=14499"},{"taxonomy":"product_brand","embeddable":true,"href":"https:\/\/ogofurniture.com\/es\/wp-json\/wp\/v2\/product_brand?post=14499"},{"taxonomy":"product_cat","embeddable":true,"href":"https:\/\/ogofurniture.com\/es\/wp-json\/wp\/v2\/product_cat?post=14499"},{"taxonomy":"product_tag","embeddable":true,"href":"https:\/\/ogofurniture.com\/es\/wp-json\/wp\/v2\/product_tag?post=14499"}],"curies":[{"name":"wp","href":"https:\/\/api.w.org\/{rel}","templated":true}]}}