{"id":4837,"date":"2023-06-09T07:51:40","date_gmt":"2023-06-09T07:51:40","guid":{"rendered":"https:\/\/ogofurniture.com\/about\/"},"modified":"2026-03-27T07:35:19","modified_gmt":"2026-03-27T07:35:19","slug":"sobre-nosotros","status":"publish","type":"page","link":"https:\/\/ogofurniture.com\/es\/sobre-nosotros\/","title":{"rendered":"Sobre nosotros"},"content":{"rendered":"\n<hr class=\"wp-block-separator has-alpha-channel-opacity\"\/>\n\n\n\n<h1 class=\"wp-block-heading\">El complemento perfecto para el exterior<\/h1>\n\n\n\n<p>Sum\u00e9rgete en el mar, siente la arena, la brisa ligera y el calor del sol. Para conectar de verdad con la naturaleza, primero tienes que <strong>Descubrir OGO<\/strong>. Somos una marca innovadora que nunca olvida sus ra\u00edces isle\u00f1as. Esas huellas son evidentes en cada producto, desde los colores vibrantes hasta la calma serena de nuestras formas org\u00e1nicas. Sabemos exactamente hacia d\u00f3nde vamos, pero tambi\u00e9n honramos de d\u00f3nde venimos en cada dise\u00f1o que lanzamos.<\/p>\n\n\n\n<blockquote class=\"wp-block-quote is-layout-flow wp-block-quote-is-layout-flow\">\n<p>\u00abOGO crea productos para que te diviertas, te relajes y vivas la mejor experiencia en cualquier espacio\u00bb.<\/p>\n<\/blockquote>\n\n\n\n<h2 class=\"wp-block-heading\">Dise\u00f1ado para momentos inolvidables<\/h2>\n\n\n\n<p>Nacho Tim\u00f3n y el equipo de dise\u00f1o de OGO han creado esta colecci\u00f3n para que disfrutes y saborees momentos inolvidables con tus seres queridos. Queremos ser parte de tu vida y de tus recuerdos m\u00e1s preciados. Por eso los productos de OGO son \u00fanicos: est\u00e1n meticulosamente dise\u00f1ados para <strong>crear experiencias<\/strong>, no solo para llenar un hueco.<\/p>\n\n\n\n<p>Una vez que descubres OGO, te das cuenta de que entendemos tu estilo de vida. Sabemos que te encanta viajar, explorar y disfrutar; que amas el sol del verano y el fr\u00edo del invierno, estar fuera y estar en casa. Nuestros productos son originales y minimalistas, pero tambi\u00e9n incre\u00edblemente \u00fatiles y pr\u00e1cticos. Su objetivo no es solo adornar tu jard\u00edn o el borde de la piscina, sino asegurar que te diviertas. OGO est\u00e1 aqu\u00ed para que lo vivas al m\u00e1ximo.<\/p>\n\n\n\n<h3 class=\"wp-block-heading\">Calidad superior e innovaci\u00f3n<\/h3>\n\n\n\n<p>Trabajamos con materiales de calidad superior para que tu experiencia sea imbatible. Ya sea que quieras ojear nuestro cat\u00e1logo completo o busques una pieza espec\u00edfica, notar\u00e1s la diferencia al tacto. Los productos OGO no solo son resistentes al agua y a los rayos UV, sino tambi\u00e9n a las manchas y al moho: \u00a1son <strong>todoterrenos<\/strong> para que tu \u00fanica preocupaci\u00f3n sea disfrutar!<\/p>\n\n\n\n<h4 class=\"wp-block-heading\">Dise\u00f1os flotantes: Una nueva forma de relajarse<\/h4>\n\n\n\n<p>Algunas de nuestras piezas son mucho m\u00e1s que simples muebles de exterior y pufs. Gracias a nuestros tejidos especializados resistentes al agua, muchos de nuestros dise\u00f1os <strong>realmente flotan<\/strong>. \u00a1No dudes en mojarlos y darte un buen chapuz\u00f3n! Este compromiso con la innovaci\u00f3n es lo que hace que la gente descubra OGO y nunca mire atr\u00e1s. Nos enorgullece utilizar textiles de alto rendimiento que cumplen con est\u00e1ndares internacionales como OEKO-TEX\u00ae, garantizando seguridad y sostenibilidad.<\/p>\n\n\n\n<p>Cuando combinas dise\u00f1o y originalidad con versatilidad y utilidad, el resultado es OGO: productos que iluminan el espacio y marcan la diferencia. Sea verano o invierno, en casa o al aire libre, OGO encuentra su lugar y se integra en tu vida.<\/p>\n\n\n\n<p><strong>\u00bfEst\u00e1s listo para Descubrir OGO?<\/strong><\/p>\n\n\n\n<p><\/p>\n","protected":false},"excerpt":{"rendered":"<p>El complemento perfecto para el exterior Sum\u00e9rgete en el mar, siente la arena, la brisa ligera y el calor del sol. Para conectar de verdad con la naturaleza, primero tienes que Descubrir OGO. Somos una marca innovadora que nunca olvida sus ra\u00edces isle\u00f1as. Esas huellas son evidentes en cada producto, desde los colores vibrantes hasta &hellip; <a href=\"https:\/\/ogofurniture.com\/es\/sobre-nosotros\/\">Continued<\/a><\/p>\n","protected":false},"author":4,"featured_media":535,"parent":0,"menu_order":0,"comment_status":"closed","ping_status":"closed","template":"page-about.blade.php","meta":{"footnotes":""},"class_list":["post-4837","page","type-page","status-publish","has-post-thumbnail","hentry"],"acf":[],"yoast_head":"<!-- This site is optimized with the Yoast SEO plugin v27.4 - https:\/\/yoast.com\/product\/yoast-seo-wordpress\/ -->\n<title>Sobre nosotros - ogofurniture<\/title>\n<meta name=\"description\" content=\"Descubre m\u00e1s sobre nosotros, OGO crea productos para que te diviertas, te relajes y vivas la mejor experiencia en cualquier espacio.\" \/>\n<meta name=\"robots\" content=\"index, follow, max-snippet:-1, max-image-preview:large, max-video-preview:-1\" \/>\n<link rel=\"canonical\" href=\"https:\/\/ogofurniture.com\/es\/sobre-nosotros\/\" \/>\n<meta property=\"og:locale\" content=\"es_ES\" \/>\n<meta property=\"og:type\" content=\"article\" \/>\n<meta property=\"og:title\" content=\"Sobre nosotros - ogofurniture\" \/>\n<meta property=\"og:description\" content=\"Descubre m\u00e1s sobre nosotros, OGO crea productos para que te diviertas, te relajes y vivas la mejor experiencia en cualquier espacio.\" \/>\n<meta property=\"og:url\" content=\"https:\/\/ogofurniture.com\/es\/sobre-nosotros\/\" \/>\n<meta property=\"og:site_name\" content=\"ogofurniture\" \/>\n<meta property=\"article:modified_time\" content=\"2026-03-27T07:35:19+00:00\" \/>\n<meta property=\"og:image\" content=\"https:\/\/ogofurniture.com\/wp-content\/uploads\/2023\/07\/DON-OUT_OGO_CasaSardinera_-9-1.jpg\" \/>\n\t<meta property=\"og:image:width\" content=\"1911\" \/>\n\t<meta property=\"og:image:height\" content=\"1275\" \/>\n\t<meta property=\"og:image:type\" content=\"image\/jpeg\" \/>\n<meta name=\"twitter:card\" content=\"summary_large_image\" \/>\n<meta name=\"twitter:label1\" content=\"Tiempo de lectura\" \/>\n\t<meta name=\"twitter:data1\" content=\"3 minutos\" \/>\n<script type=\"application\/ld+json\" class=\"yoast-schema-graph\">{\"@context\":\"https:\\\/\\\/schema.org\",\"@graph\":[{\"@type\":\"WebPage\",\"@id\":\"https:\\\/\\\/ogofurniture.com\\\/es\\\/sobre-nosotros\\\/\",\"url\":\"https:\\\/\\\/ogofurniture.com\\\/es\\\/sobre-nosotros\\\/\",\"name\":\"Sobre nosotros - ogofurniture\",\"isPartOf\":{\"@id\":\"https:\\\/\\\/ogofurniture.com\\\/es\\\/#website\"},\"primaryImageOfPage\":{\"@id\":\"https:\\\/\\\/ogofurniture.com\\\/es\\\/sobre-nosotros\\\/#primaryimage\"},\"image\":{\"@id\":\"https:\\\/\\\/ogofurniture.com\\\/es\\\/sobre-nosotros\\\/#primaryimage\"},\"thumbnailUrl\":\"https:\\\/\\\/ogofurniture.com\\\/wp-content\\\/uploads\\\/2023\\\/07\\\/DON-OUT_OGO_CasaSardinera_-9-1.jpg\",\"datePublished\":\"2023-06-09T07:51:40+00:00\",\"dateModified\":\"2026-03-27T07:35:19+00:00\",\"description\":\"Descubre m\u00e1s sobre nosotros, OGO crea productos para que te diviertas, te relajes y vivas la mejor experiencia en cualquier espacio.\",\"inLanguage\":\"es\",\"potentialAction\":[{\"@type\":\"ReadAction\",\"target\":[\"https:\\\/\\\/ogofurniture.com\\\/es\\\/sobre-nosotros\\\/\"]}]},{\"@type\":\"ImageObject\",\"inLanguage\":\"es\",\"@id\":\"https:\\\/\\\/ogofurniture.com\\\/es\\\/sobre-nosotros\\\/#primaryimage\",\"url\":\"https:\\\/\\\/ogofurniture.com\\\/wp-content\\\/uploads\\\/2023\\\/07\\\/DON-OUT_OGO_CasaSardinera_-9-1.jpg\",\"contentUrl\":\"https:\\\/\\\/ogofurniture.com\\\/wp-content\\\/uploads\\\/2023\\\/07\\\/DON-OUT_OGO_CasaSardinera_-9-1.jpg\",\"width\":1911,\"height\":1275,\"caption\":\"Don out pouf outdoor patio garden furniture\"},{\"@type\":\"WebSite\",\"@id\":\"https:\\\/\\\/ogofurniture.com\\\/es\\\/#website\",\"url\":\"https:\\\/\\\/ogofurniture.com\\\/es\\\/\",\"name\":\"ogofurniture\",\"description\":\"In &amp; Out Furniture\",\"potentialAction\":[{\"@type\":\"SearchAction\",\"target\":{\"@type\":\"EntryPoint\",\"urlTemplate\":\"https:\\\/\\\/ogofurniture.com\\\/es\\\/?s={search_term_string}\"},\"query-input\":{\"@type\":\"PropertyValueSpecification\",\"valueRequired\":true,\"valueName\":\"search_term_string\"}}],\"inLanguage\":\"es\"}]}<\/script>\n<!-- \/ Yoast SEO plugin. -->","yoast_head_json":{"title":"Sobre nosotros - ogofurniture","description":"Descubre m\u00e1s sobre nosotros, OGO crea productos para que te diviertas, te relajes y vivas la mejor experiencia en cualquier espacio.","robots":{"index":"index","follow":"follow","max-snippet":"max-snippet:-1","max-image-preview":"max-image-preview:large","max-video-preview":"max-video-preview:-1"},"canonical":"https:\/\/ogofurniture.com\/es\/sobre-nosotros\/","og_locale":"es_ES","og_type":"article","og_title":"Sobre nosotros - ogofurniture","og_description":"Descubre m\u00e1s sobre nosotros, OGO crea productos para que te diviertas, te relajes y vivas la mejor experiencia en cualquier espacio.","og_url":"https:\/\/ogofurniture.com\/es\/sobre-nosotros\/","og_site_name":"ogofurniture","article_modified_time":"2026-03-27T07:35:19+00:00","og_image":[{"width":1911,"height":1275,"url":"https:\/\/ogofurniture.com\/wp-content\/uploads\/2023\/07\/DON-OUT_OGO_CasaSardinera_-9-1.jpg","type":"image\/jpeg"}],"twitter_card":"summary_large_image","twitter_misc":{"Tiempo de lectura":"3 minutos"},"schema":{"@context":"https:\/\/schema.org","@graph":[{"@type":"WebPage","@id":"https:\/\/ogofurniture.com\/es\/sobre-nosotros\/","url":"https:\/\/ogofurniture.com\/es\/sobre-nosotros\/","name":"Sobre nosotros - ogofurniture","isPartOf":{"@id":"https:\/\/ogofurniture.com\/es\/#website"},"primaryImageOfPage":{"@id":"https:\/\/ogofurniture.com\/es\/sobre-nosotros\/#primaryimage"},"image":{"@id":"https:\/\/ogofurniture.com\/es\/sobre-nosotros\/#primaryimage"},"thumbnailUrl":"https:\/\/ogofurniture.com\/wp-content\/uploads\/2023\/07\/DON-OUT_OGO_CasaSardinera_-9-1.jpg","datePublished":"2023-06-09T07:51:40+00:00","dateModified":"2026-03-27T07:35:19+00:00","description":"Descubre m\u00e1s sobre nosotros, OGO crea productos para que te diviertas, te relajes y vivas la mejor experiencia en cualquier espacio.","inLanguage":"es","potentialAction":[{"@type":"ReadAction","target":["https:\/\/ogofurniture.com\/es\/sobre-nosotros\/"]}]},{"@type":"ImageObject","inLanguage":"es","@id":"https:\/\/ogofurniture.com\/es\/sobre-nosotros\/#primaryimage","url":"https:\/\/ogofurniture.com\/wp-content\/uploads\/2023\/07\/DON-OUT_OGO_CasaSardinera_-9-1.jpg","contentUrl":"https:\/\/ogofurniture.com\/wp-content\/uploads\/2023\/07\/DON-OUT_OGO_CasaSardinera_-9-1.jpg","width":1911,"height":1275,"caption":"Don out pouf outdoor patio garden furniture"},{"@type":"WebSite","@id":"https:\/\/ogofurniture.com\/es\/#website","url":"https:\/\/ogofurniture.com\/es\/","name":"ogofurniture","description":"In &amp; Out Furniture","potentialAction":[{"@type":"SearchAction","target":{"@type":"EntryPoint","urlTemplate":"https:\/\/ogofurniture.com\/es\/?s={search_term_string}"},"query-input":{"@type":"PropertyValueSpecification","valueRequired":true,"valueName":"search_term_string"}}],"inLanguage":"es"}]}},"jetpack_sharing_enabled":true,"_links":{"self":[{"href":"https:\/\/ogofurniture.com\/es\/wp-json\/wp\/v2\/pages\/4837","targetHints":{"allow":["GET"]}}],"collection":[{"href":"https:\/\/ogofurniture.com\/es\/wp-json\/wp\/v2\/pages"}],"about":[{"href":"https:\/\/ogofurniture.com\/es\/wp-json\/wp\/v2\/types\/page"}],"author":[{"embeddable":true,"href":"https:\/\/ogofurniture.com\/es\/wp-json\/wp\/v2\/users\/4"}],"replies":[{"embeddable":true,"href":"https:\/\/ogofurniture.com\/es\/wp-json\/wp\/v2\/comments?post=4837"}],"version-history":[{"count":18,"href":"https:\/\/ogofurniture.com\/es\/wp-json\/wp\/v2\/pages\/4837\/revisions"}],"predecessor-version":[{"id":16942,"href":"https:\/\/ogofurniture.com\/es\/wp-json\/wp\/v2\/pages\/4837\/revisions\/16942"}],"wp:featuredmedia":[{"embeddable":true,"href":"https:\/\/ogofurniture.com\/es\/wp-json\/wp\/v2\/media\/535"}],"wp:attachment":[{"href":"https:\/\/ogofurniture.com\/es\/wp-json\/wp\/v2\/media?parent=4837"}],"curies":[{"name":"wp","href":"https:\/\/api.w.org\/{rel}","templated":true}]}}