{"id":14906,"date":"2024-09-17T11:35:44","date_gmt":"2024-09-17T11:35:44","guid":{"rendered":"https:\/\/ogofurniture.com\/producto\/puf-pool\/"},"modified":"2026-05-04T10:33:24","modified_gmt":"2026-05-04T10:33:24","slug":"puf-pool","status":"publish","type":"product","link":"https:\/\/ogofurniture.com\/de\/producto\/puf-pool\/","title":{"rendered":"Puf Pool"},"content":{"rendered":"<p><strong>Handcrafted in Spain.\u200e<\/strong><\/p>\n<p>Wir liefern Premium-Outdoor-M\u00f6bel nach ganz Europe und in internationale M\u00e4rkte.<\/p>\n<p>G1- 3D-Gewebe, 100% atmungsaktiv und ableitf\u00e4hig, das das Eindringen von Wasser in das Innere erm\u00f6glicht und nach jedem Gebrauch ordnungsgem\u00e4\u00df ablaufen l\u00e4sst. Um die Lebensdauer zu verl\u00e4ngern, wird eine Reinigung nach jedem Gebrauch empfohlen.<br \/>\n<a href=\"http:\/\/ogofurniture.com\/wp-content\/uploads\/2024\/06\/OGO-FABRICS-Care-Maintenance.zip\">F\u00fcr weitere Informationen zur Wartung klicken Sie bitte hier <\/a><\/p>\n<p>F\u00fcllung: 100% BIOPS-Polystyrolk\u00fcgelchen f\u00fcr den Einsatz im Freien und im Schwimmbad.<\/p>\n<p>Die in diesem Formular angegebenen Gesamtma\u00dfe k\u00f6nnen zwischen 5 cm \/- variieren.<\/p>\n<p>Das Gewicht der Gegenst\u00e4nde erh\u00f6ht sich bei Kontakt mit Wasser, so dass je nach Gr\u00f6\u00dfe des Produkts die Hilfe von zwei Personen erforderlich sein kann, um es aus dem Wasser zu holen.<\/p>\n<p>Das Produkt ist nicht gesundheitssch\u00e4dlich.<\/p>\n<p>Sollte nicht von Kindern ohne Aufsicht von Erwachsenen verwendet werden.<\/p>\n<p>OGO ist nicht verantwortlich f\u00fcr die unsachgem\u00e4\u00dfe Verwendung des Produkts.<\/p>\n","protected":false},"excerpt":{"rendered":"<p>Der Puff Pool hat ein quadratisches Design, das sich perfekt an kleine R\u00e4ume anpasst, ohne an Komfort einzub\u00fc\u00dfen. Seine kompakte Gr\u00f6\u00dfe macht ihn zu einem vielseitigen und funktionellen Accessoire, das sich ideal f\u00fcr jede Ecke Ihres Hauses, B\u00fcros oder Au\u00dfenbereichs eignet. F\u00fcgen Sie den Tisch hinzu oder entfernen Sie ihn, verwenden Sie ihn als Sitz oder Fu\u00dfst\u00fctze. Spielen Sie ein bisschen!<\/p>\n","protected":false},"featured_media":12422,"comment_status":"open","ping_status":"closed","template":"","meta":[],"family":[],"product_brand":[],"product_cat":[132],"product_tag":[],"class_list":{"0":"post-14906","1":"product","2":"type-product","3":"status-publish","4":"has-post-thumbnail","6":"product_cat-sin-categorizar","8":"first","9":"instock","10":"taxable","11":"shipping-taxable","12":"purchasable","13":"product-type-variable"},"acf":[],"yoast_head":"<!-- This site is optimized with the Yoast SEO plugin v27.5 - https:\/\/yoast.com\/product\/yoast-seo-wordpress\/ -->\n<title>Puf Pool - ogofurniture<\/title>\n<meta name=\"robots\" content=\"index, follow, max-snippet:-1, max-image-preview:large, max-video-preview:-1\" \/>\n<link rel=\"canonical\" href=\"https:\/\/ogofurniture.com\/de\/producto\/puf-pool\/\" \/>\n<meta property=\"og:locale\" content=\"de_DE\" \/>\n<meta property=\"og:type\" content=\"article\" \/>\n<meta property=\"og:title\" content=\"Puf Pool - ogofurniture\" \/>\n<meta property=\"og:description\" content=\"Der Puff Pool hat ein quadratisches Design, das sich perfekt an kleine R\u00e4ume anpasst, ohne an Komfort einzub\u00fc\u00dfen. Seine kompakte Gr\u00f6\u00dfe macht ihn zu einem vielseitigen und funktionellen Accessoire, das sich ideal f\u00fcr jede Ecke Ihres Hauses, B\u00fcros oder Au\u00dfenbereichs eignet. F\u00fcgen Sie den Tisch hinzu oder entfernen Sie ihn, verwenden Sie ihn als Sitz oder Fu\u00dfst\u00fctze. Spielen Sie ein bisschen!\" \/>\n<meta property=\"og:url\" content=\"https:\/\/ogofurniture.com\/de\/producto\/puf-pool\/\" \/>\n<meta property=\"og:site_name\" content=\"ogofurniture\" \/>\n<meta property=\"article:modified_time\" content=\"2026-05-04T10:33:24+00:00\" \/>\n<meta property=\"og:image\" content=\"https:\/\/ogofurniture.com\/wp-content\/uploads\/2024\/09\/Living-with-OGO-19.jpg\" \/>\n\t<meta property=\"og:image:width\" content=\"1066\" \/>\n\t<meta property=\"og:image:height\" content=\"1584\" \/>\n\t<meta property=\"og:image:type\" content=\"image\/jpeg\" \/>\n<meta name=\"twitter:card\" content=\"summary_large_image\" \/>\n<meta name=\"twitter:label1\" content=\"Gesch\u00e4tzte Lesezeit\" \/>\n\t<meta name=\"twitter:data1\" content=\"1\u00a0Minute\" \/>\n<script type=\"application\/ld+json\" class=\"yoast-schema-graph\">{\"@context\":\"https:\\\/\\\/schema.org\",\"@graph\":[{\"@type\":[\"WebPage\",\"ItemPage\"],\"@id\":\"https:\\\/\\\/ogofurniture.com\\\/de\\\/producto\\\/puf-pool\\\/\",\"url\":\"https:\\\/\\\/ogofurniture.com\\\/de\\\/producto\\\/puf-pool\\\/\",\"name\":\"Puf Pool - ogofurniture\",\"isPartOf\":{\"@id\":\"https:\\\/\\\/ogofurniture.com\\\/de\\\/#website\"},\"primaryImageOfPage\":{\"@id\":\"https:\\\/\\\/ogofurniture.com\\\/de\\\/producto\\\/puf-pool\\\/#primaryimage\"},\"image\":{\"@id\":\"https:\\\/\\\/ogofurniture.com\\\/de\\\/producto\\\/puf-pool\\\/#primaryimage\"},\"thumbnailUrl\":\"https:\\\/\\\/ogofurniture.com\\\/wp-content\\\/uploads\\\/2024\\\/09\\\/Living-with-OGO-19.jpg\",\"datePublished\":\"2024-09-17T11:35:44+00:00\",\"dateModified\":\"2026-05-04T10:33:24+00:00\",\"breadcrumb\":{\"@id\":\"https:\\\/\\\/ogofurniture.com\\\/de\\\/producto\\\/puf-pool\\\/#breadcrumb\"},\"inLanguage\":\"de\",\"potentialAction\":[{\"@type\":\"ReadAction\",\"target\":[\"https:\\\/\\\/ogofurniture.com\\\/de\\\/producto\\\/puf-pool\\\/\"]}]},{\"@type\":\"ImageObject\",\"inLanguage\":\"de\",\"@id\":\"https:\\\/\\\/ogofurniture.com\\\/de\\\/producto\\\/puf-pool\\\/#primaryimage\",\"url\":\"https:\\\/\\\/ogofurniture.com\\\/wp-content\\\/uploads\\\/2024\\\/09\\\/Living-with-OGO-19.jpg\",\"contentUrl\":\"https:\\\/\\\/ogofurniture.com\\\/wp-content\\\/uploads\\\/2024\\\/09\\\/Living-with-OGO-19.jpg\",\"width\":1066,\"height\":1584},{\"@type\":\"BreadcrumbList\",\"@id\":\"https:\\\/\\\/ogofurniture.com\\\/de\\\/producto\\\/puf-pool\\\/#breadcrumb\",\"itemListElement\":[{\"@type\":\"ListItem\",\"position\":1,\"name\":\"Shop\",\"item\":\"https:\\\/\\\/ogofurniture.com\\\/de\\\/shop\\\/\"},{\"@type\":\"ListItem\",\"position\":2,\"name\":\"Puf Pool\"}]},{\"@type\":\"WebSite\",\"@id\":\"https:\\\/\\\/ogofurniture.com\\\/de\\\/#website\",\"url\":\"https:\\\/\\\/ogofurniture.com\\\/de\\\/\",\"name\":\"ogofurniture\",\"description\":\"In &amp; Out Furniture\",\"potentialAction\":[{\"@type\":\"SearchAction\",\"target\":{\"@type\":\"EntryPoint\",\"urlTemplate\":\"https:\\\/\\\/ogofurniture.com\\\/de\\\/?s={search_term_string}\"},\"query-input\":{\"@type\":\"PropertyValueSpecification\",\"valueRequired\":true,\"valueName\":\"search_term_string\"}}],\"inLanguage\":\"de\"}]}<\/script>\n<!-- \/ Yoast SEO plugin. -->","yoast_head_json":{"title":"Puf Pool - ogofurniture","robots":{"index":"index","follow":"follow","max-snippet":"max-snippet:-1","max-image-preview":"max-image-preview:large","max-video-preview":"max-video-preview:-1"},"canonical":"https:\/\/ogofurniture.com\/de\/producto\/puf-pool\/","og_locale":"de_DE","og_type":"article","og_title":"Puf Pool - ogofurniture","og_description":"Der Puff Pool hat ein quadratisches Design, das sich perfekt an kleine R\u00e4ume anpasst, ohne an Komfort einzub\u00fc\u00dfen. Seine kompakte Gr\u00f6\u00dfe macht ihn zu einem vielseitigen und funktionellen Accessoire, das sich ideal f\u00fcr jede Ecke Ihres Hauses, B\u00fcros oder Au\u00dfenbereichs eignet. F\u00fcgen Sie den Tisch hinzu oder entfernen Sie ihn, verwenden Sie ihn als Sitz oder Fu\u00dfst\u00fctze. Spielen Sie ein bisschen!","og_url":"https:\/\/ogofurniture.com\/de\/producto\/puf-pool\/","og_site_name":"ogofurniture","article_modified_time":"2026-05-04T10:33:24+00:00","og_image":[{"width":1066,"height":1584,"url":"https:\/\/ogofurniture.com\/wp-content\/uploads\/2024\/09\/Living-with-OGO-19.jpg","type":"image\/jpeg"}],"twitter_card":"summary_large_image","twitter_misc":{"Gesch\u00e4tzte Lesezeit":"1\u00a0Minute"},"schema":{"@context":"https:\/\/schema.org","@graph":[{"@type":["WebPage","ItemPage"],"@id":"https:\/\/ogofurniture.com\/de\/producto\/puf-pool\/","url":"https:\/\/ogofurniture.com\/de\/producto\/puf-pool\/","name":"Puf Pool - ogofurniture","isPartOf":{"@id":"https:\/\/ogofurniture.com\/de\/#website"},"primaryImageOfPage":{"@id":"https:\/\/ogofurniture.com\/de\/producto\/puf-pool\/#primaryimage"},"image":{"@id":"https:\/\/ogofurniture.com\/de\/producto\/puf-pool\/#primaryimage"},"thumbnailUrl":"https:\/\/ogofurniture.com\/wp-content\/uploads\/2024\/09\/Living-with-OGO-19.jpg","datePublished":"2024-09-17T11:35:44+00:00","dateModified":"2026-05-04T10:33:24+00:00","breadcrumb":{"@id":"https:\/\/ogofurniture.com\/de\/producto\/puf-pool\/#breadcrumb"},"inLanguage":"de","potentialAction":[{"@type":"ReadAction","target":["https:\/\/ogofurniture.com\/de\/producto\/puf-pool\/"]}]},{"@type":"ImageObject","inLanguage":"de","@id":"https:\/\/ogofurniture.com\/de\/producto\/puf-pool\/#primaryimage","url":"https:\/\/ogofurniture.com\/wp-content\/uploads\/2024\/09\/Living-with-OGO-19.jpg","contentUrl":"https:\/\/ogofurniture.com\/wp-content\/uploads\/2024\/09\/Living-with-OGO-19.jpg","width":1066,"height":1584},{"@type":"BreadcrumbList","@id":"https:\/\/ogofurniture.com\/de\/producto\/puf-pool\/#breadcrumb","itemListElement":[{"@type":"ListItem","position":1,"name":"Shop","item":"https:\/\/ogofurniture.com\/de\/shop\/"},{"@type":"ListItem","position":2,"name":"Puf Pool"}]},{"@type":"WebSite","@id":"https:\/\/ogofurniture.com\/de\/#website","url":"https:\/\/ogofurniture.com\/de\/","name":"ogofurniture","description":"In &amp; Out Furniture","potentialAction":[{"@type":"SearchAction","target":{"@type":"EntryPoint","urlTemplate":"https:\/\/ogofurniture.com\/de\/?s={search_term_string}"},"query-input":{"@type":"PropertyValueSpecification","valueRequired":true,"valueName":"search_term_string"}}],"inLanguage":"de"}]}},"jetpack_sharing_enabled":true,"_links":{"self":[{"href":"https:\/\/ogofurniture.com\/de\/wp-json\/wp\/v2\/product\/14906","targetHints":{"allow":["GET"]}}],"collection":[{"href":"https:\/\/ogofurniture.com\/de\/wp-json\/wp\/v2\/product"}],"about":[{"href":"https:\/\/ogofurniture.com\/de\/wp-json\/wp\/v2\/types\/product"}],"replies":[{"embeddable":true,"href":"https:\/\/ogofurniture.com\/de\/wp-json\/wp\/v2\/comments?post=14906"}],"wp:featuredmedia":[{"embeddable":true,"href":"https:\/\/ogofurniture.com\/de\/wp-json\/wp\/v2\/media\/12422"}],"wp:attachment":[{"href":"https:\/\/ogofurniture.com\/de\/wp-json\/wp\/v2\/media?parent=14906"}],"wp:term":[{"taxonomy":"family","embeddable":true,"href":"https:\/\/ogofurniture.com\/de\/wp-json\/wp\/v2\/family?post=14906"},{"taxonomy":"product_brand","embeddable":true,"href":"https:\/\/ogofurniture.com\/de\/wp-json\/wp\/v2\/product_brand?post=14906"},{"taxonomy":"product_cat","embeddable":true,"href":"https:\/\/ogofurniture.com\/de\/wp-json\/wp\/v2\/product_cat?post=14906"},{"taxonomy":"product_tag","embeddable":true,"href":"https:\/\/ogofurniture.com\/de\/wp-json\/wp\/v2\/product_tag?post=14906"}],"curies":[{"name":"wp","href":"https:\/\/api.w.org\/{rel}","templated":true}]}}