{"id":14834,"date":"2024-09-19T10:51:54","date_gmt":"2024-09-19T10:51:54","guid":{"rendered":"https:\/\/ogofurniture.com\/producto\/perla-l\/"},"modified":"2026-04-09T09:33:25","modified_gmt":"2026-04-09T09:33:25","slug":"perla-l","status":"publish","type":"product","link":"https:\/\/ogofurniture.com\/de\/producto\/perla-l\/","title":{"rendered":"Perla"},"content":{"rendered":"<p><strong>Handcrafted in Spain.\u200e<\/strong><\/p>\n<p>Wir liefern Premium-Outdoor-M\u00f6bel nach ganz Europe und in internationale M\u00e4rkte.<\/p>\n<p>G1-3D-Gewebe, 100% atmungsaktiv.<\/p>\n<p>F\u00fcllung: 100% BIOPS-Polystyrol-Perlen, outdoorgeeignet.<\/p>\n<p>Die in diesem Formular angegebenen Gesamtma\u00dfe k\u00f6nnen zwischen 5 cm \/- variieren.<\/p>\n<p><a href=\"http:\/\/ogofurniture.com\/wp-content\/uploads\/2024\/06\/OGO-FABRICS-Care-Maintenance.zip\">F\u00fcr weitere Informationen zur Wartung klicken Sie bitte hier <\/a><\/p>\n<p>Das Produkt ist nicht gesundheitssch\u00e4dlich.<\/p>\n<p>Sollte nicht von Kindern ohne Aufsicht von Erwachsenen verwendet werden.<\/p>\n<p>OGO ist nicht verantwortlich f\u00fcr die unsachgem\u00e4\u00dfe Verwendung des Produkts.<\/p>\n","protected":false},"excerpt":{"rendered":"<p>Man sagt, dass Perlen ein zeitloser Klassiker sind, der immer in Mode ist. In diesem Sinne haben wir bei OGO ein zeitloses, einfaches und unaufdringliches St\u00fcck geschaffen. Farbenfrohe Perlen, die jeden Raum versch\u00f6nern.<\/p>\n","protected":false},"featured_media":12363,"comment_status":"open","ping_status":"closed","template":"","meta":[],"family":[],"product_brand":[],"product_cat":[],"product_tag":[],"class_list":{"0":"post-14834","1":"product","2":"type-product","3":"status-publish","4":"has-post-thumbnail","7":"first","8":"instock","9":"taxable","10":"shipping-taxable","11":"purchasable","12":"product-type-variable"},"acf":[],"yoast_head":"<!-- This site is optimized with the Yoast SEO plugin v27.4 - https:\/\/yoast.com\/product\/yoast-seo-wordpress\/ -->\n<title>Perla - ogofurniture<\/title>\n<meta name=\"robots\" content=\"index, follow, max-snippet:-1, max-image-preview:large, max-video-preview:-1\" \/>\n<link rel=\"canonical\" href=\"https:\/\/ogofurniture.com\/de\/producto\/perla-l\/\" \/>\n<meta property=\"og:locale\" content=\"de_DE\" \/>\n<meta property=\"og:type\" content=\"article\" \/>\n<meta property=\"og:title\" content=\"Perla - ogofurniture\" \/>\n<meta property=\"og:description\" content=\"Man sagt, dass Perlen ein zeitloser Klassiker sind, der immer in Mode ist. In diesem Sinne haben wir bei OGO ein zeitloses, einfaches und unaufdringliches St\u00fcck geschaffen. Farbenfrohe Perlen, die jeden Raum versch\u00f6nern.\" \/>\n<meta property=\"og:url\" content=\"https:\/\/ogofurniture.com\/de\/producto\/perla-l\/\" \/>\n<meta property=\"og:site_name\" content=\"ogofurniture\" \/>\n<meta property=\"article:modified_time\" content=\"2026-04-09T09:33:25+00:00\" \/>\n<meta property=\"og:image\" content=\"https:\/\/ogofurniture.com\/wp-content\/uploads\/2025\/03\/OGO-Desert-Rose-2025-10-0561-683x1024.jpeg\" \/>\n\t<meta property=\"og:image:width\" content=\"683\" \/>\n\t<meta property=\"og:image:height\" content=\"1024\" \/>\n\t<meta property=\"og:image:type\" content=\"image\/jpeg\" \/>\n<meta name=\"twitter:card\" content=\"summary_large_image\" \/>\n<meta name=\"twitter:label1\" content=\"Gesch\u00e4tzte Lesezeit\" \/>\n\t<meta name=\"twitter:data1\" content=\"1\u00a0Minute\" \/>\n<script type=\"application\/ld+json\" class=\"yoast-schema-graph\">{\"@context\":\"https:\\\/\\\/schema.org\",\"@graph\":[{\"@type\":[\"WebPage\",\"ItemPage\"],\"@id\":\"https:\\\/\\\/ogofurniture.com\\\/de\\\/producto\\\/perla-l\\\/\",\"url\":\"https:\\\/\\\/ogofurniture.com\\\/de\\\/producto\\\/perla-l\\\/\",\"name\":\"Perla - ogofurniture\",\"isPartOf\":{\"@id\":\"https:\\\/\\\/ogofurniture.com\\\/de\\\/#website\"},\"primaryImageOfPage\":{\"@id\":\"https:\\\/\\\/ogofurniture.com\\\/de\\\/producto\\\/perla-l\\\/#primaryimage\"},\"image\":{\"@id\":\"https:\\\/\\\/ogofurniture.com\\\/de\\\/producto\\\/perla-l\\\/#primaryimage\"},\"thumbnailUrl\":\"https:\\\/\\\/ogofurniture.com\\\/wp-content\\\/uploads\\\/2025\\\/03\\\/OGO-Desert-Rose-2025-10-0561.jpeg\",\"datePublished\":\"2024-09-19T10:51:54+00:00\",\"dateModified\":\"2026-04-09T09:33:25+00:00\",\"breadcrumb\":{\"@id\":\"https:\\\/\\\/ogofurniture.com\\\/de\\\/producto\\\/perla-l\\\/#breadcrumb\"},\"inLanguage\":\"de\",\"potentialAction\":[{\"@type\":\"ReadAction\",\"target\":[\"https:\\\/\\\/ogofurniture.com\\\/de\\\/producto\\\/perla-l\\\/\"]}]},{\"@type\":\"ImageObject\",\"inLanguage\":\"de\",\"@id\":\"https:\\\/\\\/ogofurniture.com\\\/de\\\/producto\\\/perla-l\\\/#primaryimage\",\"url\":\"https:\\\/\\\/ogofurniture.com\\\/wp-content\\\/uploads\\\/2025\\\/03\\\/OGO-Desert-Rose-2025-10-0561.jpeg\",\"contentUrl\":\"https:\\\/\\\/ogofurniture.com\\\/wp-content\\\/uploads\\\/2025\\\/03\\\/OGO-Desert-Rose-2025-10-0561.jpeg\",\"width\":5464,\"height\":8192},{\"@type\":\"BreadcrumbList\",\"@id\":\"https:\\\/\\\/ogofurniture.com\\\/de\\\/producto\\\/perla-l\\\/#breadcrumb\",\"itemListElement\":[{\"@type\":\"ListItem\",\"position\":1,\"name\":\"Shop\",\"item\":\"https:\\\/\\\/ogofurniture.com\\\/de\\\/shop\\\/\"},{\"@type\":\"ListItem\",\"position\":2,\"name\":\"Perla\"}]},{\"@type\":\"WebSite\",\"@id\":\"https:\\\/\\\/ogofurniture.com\\\/de\\\/#website\",\"url\":\"https:\\\/\\\/ogofurniture.com\\\/de\\\/\",\"name\":\"ogofurniture\",\"description\":\"In &amp; Out Furniture\",\"potentialAction\":[{\"@type\":\"SearchAction\",\"target\":{\"@type\":\"EntryPoint\",\"urlTemplate\":\"https:\\\/\\\/ogofurniture.com\\\/de\\\/?s={search_term_string}\"},\"query-input\":{\"@type\":\"PropertyValueSpecification\",\"valueRequired\":true,\"valueName\":\"search_term_string\"}}],\"inLanguage\":\"de\"}]}<\/script>\n<!-- \/ Yoast SEO plugin. -->","yoast_head_json":{"title":"Perla - ogofurniture","robots":{"index":"index","follow":"follow","max-snippet":"max-snippet:-1","max-image-preview":"max-image-preview:large","max-video-preview":"max-video-preview:-1"},"canonical":"https:\/\/ogofurniture.com\/de\/producto\/perla-l\/","og_locale":"de_DE","og_type":"article","og_title":"Perla - ogofurniture","og_description":"Man sagt, dass Perlen ein zeitloser Klassiker sind, der immer in Mode ist. In diesem Sinne haben wir bei OGO ein zeitloses, einfaches und unaufdringliches St\u00fcck geschaffen. Farbenfrohe Perlen, die jeden Raum versch\u00f6nern.","og_url":"https:\/\/ogofurniture.com\/de\/producto\/perla-l\/","og_site_name":"ogofurniture","article_modified_time":"2026-04-09T09:33:25+00:00","og_image":[{"width":683,"height":1024,"url":"https:\/\/ogofurniture.com\/wp-content\/uploads\/2025\/03\/OGO-Desert-Rose-2025-10-0561-683x1024.jpeg","type":"image\/jpeg"}],"twitter_card":"summary_large_image","twitter_misc":{"Gesch\u00e4tzte Lesezeit":"1\u00a0Minute"},"schema":{"@context":"https:\/\/schema.org","@graph":[{"@type":["WebPage","ItemPage"],"@id":"https:\/\/ogofurniture.com\/de\/producto\/perla-l\/","url":"https:\/\/ogofurniture.com\/de\/producto\/perla-l\/","name":"Perla - ogofurniture","isPartOf":{"@id":"https:\/\/ogofurniture.com\/de\/#website"},"primaryImageOfPage":{"@id":"https:\/\/ogofurniture.com\/de\/producto\/perla-l\/#primaryimage"},"image":{"@id":"https:\/\/ogofurniture.com\/de\/producto\/perla-l\/#primaryimage"},"thumbnailUrl":"https:\/\/ogofurniture.com\/wp-content\/uploads\/2025\/03\/OGO-Desert-Rose-2025-10-0561.jpeg","datePublished":"2024-09-19T10:51:54+00:00","dateModified":"2026-04-09T09:33:25+00:00","breadcrumb":{"@id":"https:\/\/ogofurniture.com\/de\/producto\/perla-l\/#breadcrumb"},"inLanguage":"de","potentialAction":[{"@type":"ReadAction","target":["https:\/\/ogofurniture.com\/de\/producto\/perla-l\/"]}]},{"@type":"ImageObject","inLanguage":"de","@id":"https:\/\/ogofurniture.com\/de\/producto\/perla-l\/#primaryimage","url":"https:\/\/ogofurniture.com\/wp-content\/uploads\/2025\/03\/OGO-Desert-Rose-2025-10-0561.jpeg","contentUrl":"https:\/\/ogofurniture.com\/wp-content\/uploads\/2025\/03\/OGO-Desert-Rose-2025-10-0561.jpeg","width":5464,"height":8192},{"@type":"BreadcrumbList","@id":"https:\/\/ogofurniture.com\/de\/producto\/perla-l\/#breadcrumb","itemListElement":[{"@type":"ListItem","position":1,"name":"Shop","item":"https:\/\/ogofurniture.com\/de\/shop\/"},{"@type":"ListItem","position":2,"name":"Perla"}]},{"@type":"WebSite","@id":"https:\/\/ogofurniture.com\/de\/#website","url":"https:\/\/ogofurniture.com\/de\/","name":"ogofurniture","description":"In &amp; Out Furniture","potentialAction":[{"@type":"SearchAction","target":{"@type":"EntryPoint","urlTemplate":"https:\/\/ogofurniture.com\/de\/?s={search_term_string}"},"query-input":{"@type":"PropertyValueSpecification","valueRequired":true,"valueName":"search_term_string"}}],"inLanguage":"de"}]}},"jetpack_sharing_enabled":true,"_links":{"self":[{"href":"https:\/\/ogofurniture.com\/de\/wp-json\/wp\/v2\/product\/14834","targetHints":{"allow":["GET"]}}],"collection":[{"href":"https:\/\/ogofurniture.com\/de\/wp-json\/wp\/v2\/product"}],"about":[{"href":"https:\/\/ogofurniture.com\/de\/wp-json\/wp\/v2\/types\/product"}],"replies":[{"embeddable":true,"href":"https:\/\/ogofurniture.com\/de\/wp-json\/wp\/v2\/comments?post=14834"}],"wp:featuredmedia":[{"embeddable":true,"href":"https:\/\/ogofurniture.com\/de\/wp-json\/wp\/v2\/media\/12363"}],"wp:attachment":[{"href":"https:\/\/ogofurniture.com\/de\/wp-json\/wp\/v2\/media?parent=14834"}],"wp:term":[{"taxonomy":"family","embeddable":true,"href":"https:\/\/ogofurniture.com\/de\/wp-json\/wp\/v2\/family?post=14834"},{"taxonomy":"product_brand","embeddable":true,"href":"https:\/\/ogofurniture.com\/de\/wp-json\/wp\/v2\/product_brand?post=14834"},{"taxonomy":"product_cat","embeddable":true,"href":"https:\/\/ogofurniture.com\/de\/wp-json\/wp\/v2\/product_cat?post=14834"},{"taxonomy":"product_tag","embeddable":true,"href":"https:\/\/ogofurniture.com\/de\/wp-json\/wp\/v2\/product_tag?post=14834"}],"curies":[{"name":"wp","href":"https:\/\/api.w.org\/{rel}","templated":true}]}}