{"id":14795,"date":"2024-09-18T08:35:44","date_gmt":"2024-09-18T08:35:44","guid":{"rendered":"https:\/\/ogofurniture.com\/producto\/puf-pool-table\/"},"modified":"2026-04-09T09:34:15","modified_gmt":"2026-04-09T09:34:15","slug":"puf-pool-table","status":"publish","type":"product","link":"https:\/\/ogofurniture.com\/de\/producto\/puf-pool-table\/","title":{"rendered":"Puf Pool Table"},"content":{"rendered":"\r\n<p><strong>Handcrafted in Spain.\u200e<\/strong><\/p>\r\n<p>Wir liefern Premium-Outdoor-M\u00f6bel nach ganz Europe und in internationale M\u00e4rkte.<\/p>\r\n<p>G1- 3D-Gewebe, 100% atmungsaktiv und ableitf\u00e4hig, das das Eindringen von Wasser in das Innere erm\u00f6glicht und nach jedem Gebrauch ordnungsgem\u00e4\u00df ablaufen l\u00e4sst. Um die Lebensdauer zu verl\u00e4ngern, wird eine Reinigung nach jedem Gebrauch empfohlen.<br \/><a href=\"http:\/\/ogofurniture.com\/wp-content\/uploads\/2024\/06\/OGO-FABRICS-Care-Maintenance.zip\">F\u00fcr weitere Informationen zur Pflege klicken Sie bitte hier <\/a><\/p>\r\n<p>F\u00fcllung: 100% BIOPS-Polystyrolk\u00fcgelchen f\u00fcr den Einsatz im Freien und im Schwimmbad.<\/p>\r\n<p>Die in diesem Formular angegebenen Gesamtma\u00dfe k\u00f6nnen zwischen 5 cm \/- variieren.<\/p>\r\n<p>Das Gewicht der Gegenst\u00e4nde erh\u00f6ht sich bei Kontakt mit Wasser, so dass je nach Gr\u00f6\u00dfe des Produkts die Hilfe von zwei Personen erforderlich sein kann, um es aus dem Wasser zu holen.<\/p>\r\n<p>Das Produkt ist nicht gesundheitssch\u00e4dlich.<\/p>\r\n<p>Should not be used by children without adult supervision.<\/p>\r\n<p>Sollte nicht von Kindern ohne Aufsicht von Erwachsenen verwendet werden.<\/p>\r\n","protected":false},"excerpt":{"rendered":"<p>Vielseitigkeit zum Greifen nah!<\/p>\n<p data-path-to-node=\"4\">Der Puf Pool Table besticht durch sein quadratisches Design, das sich perfekt in kleine R\u00e4ume einf\u00fcgt, ohne Kompromisse beim Komfort einzugehen. Mit seiner speziell angepassten Basis wird der Puf Pool zu einem vielseitigen und funktionalen M\u00f6belst\u00fcck, das sich ideal f\u00fcr den Innen- und Au\u00dfenbereich eignet. Je nach Bedarf l\u00e4sst sich die quadratische Basis hinzuf\u00fcgen oder abnehmen, sodass er als Sitzgelegenheit, Fu\u00dfst\u00fctze oder sogar als Tisch genutzt werden kann.<\/p>\n","protected":false},"featured_media":14115,"comment_status":"open","ping_status":"closed","template":"","meta":[],"family":[],"product_brand":[],"product_cat":[132],"product_tag":[],"class_list":{"0":"post-14795","1":"product","2":"type-product","3":"status-publish","4":"has-post-thumbnail","6":"product_cat-sin-categorizar","8":"first","9":"instock","10":"taxable","11":"shipping-taxable","12":"purchasable","13":"product-type-variable"},"acf":[],"yoast_head":"<!-- This site is optimized with the Yoast SEO plugin v27.3 - https:\/\/yoast.com\/product\/yoast-seo-wordpress\/ -->\n<title>Puf Pool Table - ogofurniture<\/title>\n<meta name=\"robots\" content=\"index, follow, max-snippet:-1, max-image-preview:large, max-video-preview:-1\" \/>\n<link rel=\"canonical\" href=\"https:\/\/ogofurniture.com\/de\/producto\/puf-pool-table\/\" \/>\n<meta property=\"og:locale\" content=\"de_DE\" \/>\n<meta property=\"og:type\" content=\"article\" \/>\n<meta property=\"og:title\" content=\"Puf Pool Table - ogofurniture\" \/>\n<meta property=\"og:description\" content=\"Vielseitigkeit zum Greifen nah! Der Puf Pool Table besticht durch sein quadratisches Design, das sich perfekt in kleine R\u00e4ume einf\u00fcgt, ohne Kompromisse beim Komfort einzugehen. Mit seiner speziell angepassten Basis wird der Puf Pool zu einem vielseitigen und funktionalen M\u00f6belst\u00fcck, das sich ideal f\u00fcr den Innen- und Au\u00dfenbereich eignet. Je nach Bedarf l\u00e4sst sich die quadratische Basis hinzuf\u00fcgen oder abnehmen, sodass er als Sitzgelegenheit, Fu\u00dfst\u00fctze oder sogar als Tisch genutzt werden kann.\" \/>\n<meta property=\"og:url\" content=\"https:\/\/ogofurniture.com\/de\/producto\/puf-pool-table\/\" \/>\n<meta property=\"og:site_name\" content=\"ogofurniture\" \/>\n<meta property=\"article:modified_time\" content=\"2026-04-09T09:34:15+00:00\" \/>\n<meta property=\"og:image\" content=\"https:\/\/ogofurniture.com\/wp-content\/uploads\/2024\/07\/PUFPOOL-TABLE.jpg\" \/>\n\t<meta property=\"og:image:width\" content=\"500\" \/>\n\t<meta property=\"og:image:height\" content=\"500\" \/>\n\t<meta property=\"og:image:type\" content=\"image\/jpeg\" \/>\n<meta name=\"twitter:card\" content=\"summary_large_image\" \/>\n<meta name=\"twitter:label1\" content=\"Gesch\u00e4tzte Lesezeit\" \/>\n\t<meta name=\"twitter:data1\" content=\"1\u00a0Minute\" \/>\n<script type=\"application\/ld+json\" class=\"yoast-schema-graph\">{\"@context\":\"https:\\\/\\\/schema.org\",\"@graph\":[{\"@type\":[\"WebPage\",\"ItemPage\"],\"@id\":\"https:\\\/\\\/ogofurniture.com\\\/de\\\/producto\\\/puf-pool-table\\\/\",\"url\":\"https:\\\/\\\/ogofurniture.com\\\/de\\\/producto\\\/puf-pool-table\\\/\",\"name\":\"Puf Pool Table - ogofurniture\",\"isPartOf\":{\"@id\":\"https:\\\/\\\/ogofurniture.com\\\/de\\\/#website\"},\"primaryImageOfPage\":{\"@id\":\"https:\\\/\\\/ogofurniture.com\\\/de\\\/producto\\\/puf-pool-table\\\/#primaryimage\"},\"image\":{\"@id\":\"https:\\\/\\\/ogofurniture.com\\\/de\\\/producto\\\/puf-pool-table\\\/#primaryimage\"},\"thumbnailUrl\":\"https:\\\/\\\/ogofurniture.com\\\/wp-content\\\/uploads\\\/2024\\\/07\\\/PUFPOOL-TABLE.jpg\",\"datePublished\":\"2024-09-18T08:35:44+00:00\",\"dateModified\":\"2026-04-09T09:34:15+00:00\",\"breadcrumb\":{\"@id\":\"https:\\\/\\\/ogofurniture.com\\\/de\\\/producto\\\/puf-pool-table\\\/#breadcrumb\"},\"inLanguage\":\"de\",\"potentialAction\":[{\"@type\":\"ReadAction\",\"target\":[\"https:\\\/\\\/ogofurniture.com\\\/de\\\/producto\\\/puf-pool-table\\\/\"]}]},{\"@type\":\"ImageObject\",\"inLanguage\":\"de\",\"@id\":\"https:\\\/\\\/ogofurniture.com\\\/de\\\/producto\\\/puf-pool-table\\\/#primaryimage\",\"url\":\"https:\\\/\\\/ogofurniture.com\\\/wp-content\\\/uploads\\\/2024\\\/07\\\/PUFPOOL-TABLE.jpg\",\"contentUrl\":\"https:\\\/\\\/ogofurniture.com\\\/wp-content\\\/uploads\\\/2024\\\/07\\\/PUFPOOL-TABLE.jpg\",\"width\":500,\"height\":500},{\"@type\":\"BreadcrumbList\",\"@id\":\"https:\\\/\\\/ogofurniture.com\\\/de\\\/producto\\\/puf-pool-table\\\/#breadcrumb\",\"itemListElement\":[{\"@type\":\"ListItem\",\"position\":1,\"name\":\"Shop\",\"item\":\"https:\\\/\\\/ogofurniture.com\\\/de\\\/shop\\\/\"},{\"@type\":\"ListItem\",\"position\":2,\"name\":\"Puf Pool Table\"}]},{\"@type\":\"WebSite\",\"@id\":\"https:\\\/\\\/ogofurniture.com\\\/de\\\/#website\",\"url\":\"https:\\\/\\\/ogofurniture.com\\\/de\\\/\",\"name\":\"ogofurniture\",\"description\":\"In &amp; Out Furniture\",\"potentialAction\":[{\"@type\":\"SearchAction\",\"target\":{\"@type\":\"EntryPoint\",\"urlTemplate\":\"https:\\\/\\\/ogofurniture.com\\\/de\\\/?s={search_term_string}\"},\"query-input\":{\"@type\":\"PropertyValueSpecification\",\"valueRequired\":true,\"valueName\":\"search_term_string\"}}],\"inLanguage\":\"de\"}]}<\/script>\n<!-- \/ Yoast SEO plugin. -->","yoast_head_json":{"title":"Puf Pool Table - ogofurniture","robots":{"index":"index","follow":"follow","max-snippet":"max-snippet:-1","max-image-preview":"max-image-preview:large","max-video-preview":"max-video-preview:-1"},"canonical":"https:\/\/ogofurniture.com\/de\/producto\/puf-pool-table\/","og_locale":"de_DE","og_type":"article","og_title":"Puf Pool Table - ogofurniture","og_description":"Vielseitigkeit zum Greifen nah! Der Puf Pool Table besticht durch sein quadratisches Design, das sich perfekt in kleine R\u00e4ume einf\u00fcgt, ohne Kompromisse beim Komfort einzugehen. Mit seiner speziell angepassten Basis wird der Puf Pool zu einem vielseitigen und funktionalen M\u00f6belst\u00fcck, das sich ideal f\u00fcr den Innen- und Au\u00dfenbereich eignet. Je nach Bedarf l\u00e4sst sich die quadratische Basis hinzuf\u00fcgen oder abnehmen, sodass er als Sitzgelegenheit, Fu\u00dfst\u00fctze oder sogar als Tisch genutzt werden kann.","og_url":"https:\/\/ogofurniture.com\/de\/producto\/puf-pool-table\/","og_site_name":"ogofurniture","article_modified_time":"2026-04-09T09:34:15+00:00","og_image":[{"width":500,"height":500,"url":"https:\/\/ogofurniture.com\/wp-content\/uploads\/2024\/07\/PUFPOOL-TABLE.jpg","type":"image\/jpeg"}],"twitter_card":"summary_large_image","twitter_misc":{"Gesch\u00e4tzte Lesezeit":"1\u00a0Minute"},"schema":{"@context":"https:\/\/schema.org","@graph":[{"@type":["WebPage","ItemPage"],"@id":"https:\/\/ogofurniture.com\/de\/producto\/puf-pool-table\/","url":"https:\/\/ogofurniture.com\/de\/producto\/puf-pool-table\/","name":"Puf Pool Table - ogofurniture","isPartOf":{"@id":"https:\/\/ogofurniture.com\/de\/#website"},"primaryImageOfPage":{"@id":"https:\/\/ogofurniture.com\/de\/producto\/puf-pool-table\/#primaryimage"},"image":{"@id":"https:\/\/ogofurniture.com\/de\/producto\/puf-pool-table\/#primaryimage"},"thumbnailUrl":"https:\/\/ogofurniture.com\/wp-content\/uploads\/2024\/07\/PUFPOOL-TABLE.jpg","datePublished":"2024-09-18T08:35:44+00:00","dateModified":"2026-04-09T09:34:15+00:00","breadcrumb":{"@id":"https:\/\/ogofurniture.com\/de\/producto\/puf-pool-table\/#breadcrumb"},"inLanguage":"de","potentialAction":[{"@type":"ReadAction","target":["https:\/\/ogofurniture.com\/de\/producto\/puf-pool-table\/"]}]},{"@type":"ImageObject","inLanguage":"de","@id":"https:\/\/ogofurniture.com\/de\/producto\/puf-pool-table\/#primaryimage","url":"https:\/\/ogofurniture.com\/wp-content\/uploads\/2024\/07\/PUFPOOL-TABLE.jpg","contentUrl":"https:\/\/ogofurniture.com\/wp-content\/uploads\/2024\/07\/PUFPOOL-TABLE.jpg","width":500,"height":500},{"@type":"BreadcrumbList","@id":"https:\/\/ogofurniture.com\/de\/producto\/puf-pool-table\/#breadcrumb","itemListElement":[{"@type":"ListItem","position":1,"name":"Shop","item":"https:\/\/ogofurniture.com\/de\/shop\/"},{"@type":"ListItem","position":2,"name":"Puf Pool Table"}]},{"@type":"WebSite","@id":"https:\/\/ogofurniture.com\/de\/#website","url":"https:\/\/ogofurniture.com\/de\/","name":"ogofurniture","description":"In &amp; Out Furniture","potentialAction":[{"@type":"SearchAction","target":{"@type":"EntryPoint","urlTemplate":"https:\/\/ogofurniture.com\/de\/?s={search_term_string}"},"query-input":{"@type":"PropertyValueSpecification","valueRequired":true,"valueName":"search_term_string"}}],"inLanguage":"de"}]}},"jetpack_sharing_enabled":true,"_links":{"self":[{"href":"https:\/\/ogofurniture.com\/de\/wp-json\/wp\/v2\/product\/14795","targetHints":{"allow":["GET"]}}],"collection":[{"href":"https:\/\/ogofurniture.com\/de\/wp-json\/wp\/v2\/product"}],"about":[{"href":"https:\/\/ogofurniture.com\/de\/wp-json\/wp\/v2\/types\/product"}],"replies":[{"embeddable":true,"href":"https:\/\/ogofurniture.com\/de\/wp-json\/wp\/v2\/comments?post=14795"}],"wp:featuredmedia":[{"embeddable":true,"href":"https:\/\/ogofurniture.com\/de\/wp-json\/wp\/v2\/media\/14115"}],"wp:attachment":[{"href":"https:\/\/ogofurniture.com\/de\/wp-json\/wp\/v2\/media?parent=14795"}],"wp:term":[{"taxonomy":"family","embeddable":true,"href":"https:\/\/ogofurniture.com\/de\/wp-json\/wp\/v2\/family?post=14795"},{"taxonomy":"product_brand","embeddable":true,"href":"https:\/\/ogofurniture.com\/de\/wp-json\/wp\/v2\/product_brand?post=14795"},{"taxonomy":"product_cat","embeddable":true,"href":"https:\/\/ogofurniture.com\/de\/wp-json\/wp\/v2\/product_cat?post=14795"},{"taxonomy":"product_tag","embeddable":true,"href":"https:\/\/ogofurniture.com\/de\/wp-json\/wp\/v2\/product_tag?post=14795"}],"curies":[{"name":"wp","href":"https:\/\/api.w.org\/{rel}","templated":true}]}}