{"id":14745,"date":"2025-03-08T09:30:38","date_gmt":"2025-03-08T09:30:38","guid":{"rendered":"https:\/\/ogofurniture.com\/producto\/cactus-xxl\/"},"modified":"2026-03-04T08:54:58","modified_gmt":"2026-03-04T08:54:58","slug":"cactus-xxl","status":"publish","type":"product","link":"https:\/\/ogofurniture.com\/de\/producto\/cactus-xxl\/","title":{"rendered":"Cactus XXL"},"content":{"rendered":"\r\n<p><strong>Handcrafted in Spain.\u200e<\/strong><\/p>\r\n<p>G1 &#8211; 3D-Gewebe. Dekorationsst\u00fcck, wartungsfrei und reinigungsfrei.<\/p>\r\n<p>Holzwerkstoff mit Phenolharzbeschichtung<\/p>\r\n<p>Das Produkt ist nicht gesundheitssch\u00e4dlich.<\/p>\r\n<p>OGO ist nicht verantwortlich f\u00fcr die unsachgem\u00e4\u00dfe Verwendung des Produkts.<\/p>\r\n","protected":false},"excerpt":{"rendered":"<p>Nicht so gut mit Pflanzen? Don&#8217;t worry! Unser Cactus braucht keine Bew\u00e4sserung oder einen G\u00e4rtner. Stellen Sie sie auf Ihre Terrasse und genie\u00dfen Sie einfach die Aussicht!<\/p>\n<p>Mindestbestellmenge: 2 Cactus. Maximale Bestellung: 3 Cactus (Sie k\u00f6nnen sie in verschiedenen Gr\u00f6\u00dfen kombinieren). <\/p>\n<p>Inklusive Phenolholzsockel f\u00fcr jede 2\/3 Cactus Bestellung. Wenn Sie 2 Cactus bestellen, ist die Basis f\u00fcr 2 Cactus enthalten. Wenn Sie 3 Cactus bestellen, ist die Basis f\u00fcr 3 Cactus enthalten.<\/p>\n","protected":false},"featured_media":12618,"comment_status":"open","ping_status":"closed","template":"","meta":[],"family":[],"product_brand":[],"product_cat":[],"product_tag":[],"class_list":{"0":"post-14745","1":"product","2":"type-product","3":"status-publish","4":"has-post-thumbnail","7":"first","8":"instock","9":"taxable","10":"shipping-taxable","11":"purchasable","12":"product-type-variable"},"acf":[],"yoast_head":"<!-- This site is optimized with the Yoast SEO plugin v27.3 - https:\/\/yoast.com\/product\/yoast-seo-wordpress\/ -->\n<title>Cactus XXL - ogofurniture<\/title>\n<meta name=\"robots\" content=\"index, follow, max-snippet:-1, max-image-preview:large, max-video-preview:-1\" \/>\n<link rel=\"canonical\" href=\"https:\/\/ogofurniture.com\/de\/producto\/cactus-xxl\/\" \/>\n<meta property=\"og:locale\" content=\"de_DE\" \/>\n<meta property=\"og:type\" content=\"article\" \/>\n<meta property=\"og:title\" content=\"Cactus XXL - ogofurniture\" \/>\n<meta property=\"og:description\" content=\"Nicht so gut mit Pflanzen? Don&#039;t worry! Unser Cactus braucht keine Bew\u00e4sserung oder einen G\u00e4rtner. Stellen Sie sie auf Ihre Terrasse und genie\u00dfen Sie einfach die Aussicht! Mindestbestellmenge: 2 Cactus. Maximale Bestellung: 3 Cactus (Sie k\u00f6nnen sie in verschiedenen Gr\u00f6\u00dfen kombinieren). Inklusive Phenolholzsockel f\u00fcr jede 2\/3 Cactus Bestellung. Wenn Sie 2 Cactus bestellen, ist die Basis f\u00fcr 2 Cactus enthalten. Wenn Sie 3 Cactus bestellen, ist die Basis f\u00fcr 3 Cactus enthalten.\" \/>\n<meta property=\"og:url\" content=\"https:\/\/ogofurniture.com\/de\/producto\/cactus-xxl\/\" \/>\n<meta property=\"og:site_name\" content=\"ogofurniture\" \/>\n<meta property=\"article:modified_time\" content=\"2026-03-04T08:54:58+00:00\" \/>\n<meta property=\"og:image\" content=\"https:\/\/ogofurniture.com\/wp-content\/uploads\/2025\/03\/MNT1148-scaled.jpg\" \/>\n\t<meta property=\"og:image:width\" content=\"1707\" \/>\n\t<meta property=\"og:image:height\" content=\"2560\" \/>\n\t<meta property=\"og:image:type\" content=\"image\/jpeg\" \/>\n<meta name=\"twitter:card\" content=\"summary_large_image\" \/>\n<meta name=\"twitter:label1\" content=\"Gesch\u00e4tzte Lesezeit\" \/>\n\t<meta name=\"twitter:data1\" content=\"1\u00a0Minute\" \/>\n<script type=\"application\/ld+json\" class=\"yoast-schema-graph\">{\"@context\":\"https:\\\/\\\/schema.org\",\"@graph\":[{\"@type\":[\"WebPage\",\"ItemPage\"],\"@id\":\"https:\\\/\\\/ogofurniture.com\\\/de\\\/producto\\\/cactus-xxl\\\/\",\"url\":\"https:\\\/\\\/ogofurniture.com\\\/de\\\/producto\\\/cactus-xxl\\\/\",\"name\":\"Cactus XXL - ogofurniture\",\"isPartOf\":{\"@id\":\"https:\\\/\\\/ogofurniture.com\\\/de\\\/#website\"},\"primaryImageOfPage\":{\"@id\":\"https:\\\/\\\/ogofurniture.com\\\/de\\\/producto\\\/cactus-xxl\\\/#primaryimage\"},\"image\":{\"@id\":\"https:\\\/\\\/ogofurniture.com\\\/de\\\/producto\\\/cactus-xxl\\\/#primaryimage\"},\"thumbnailUrl\":\"https:\\\/\\\/ogofurniture.com\\\/wp-content\\\/uploads\\\/2025\\\/03\\\/MNT1148-scaled.jpg\",\"datePublished\":\"2025-03-08T09:30:38+00:00\",\"dateModified\":\"2026-03-04T08:54:58+00:00\",\"breadcrumb\":{\"@id\":\"https:\\\/\\\/ogofurniture.com\\\/de\\\/producto\\\/cactus-xxl\\\/#breadcrumb\"},\"inLanguage\":\"de\",\"potentialAction\":[{\"@type\":\"ReadAction\",\"target\":[\"https:\\\/\\\/ogofurniture.com\\\/de\\\/producto\\\/cactus-xxl\\\/\"]}]},{\"@type\":\"ImageObject\",\"inLanguage\":\"de\",\"@id\":\"https:\\\/\\\/ogofurniture.com\\\/de\\\/producto\\\/cactus-xxl\\\/#primaryimage\",\"url\":\"https:\\\/\\\/ogofurniture.com\\\/wp-content\\\/uploads\\\/2025\\\/03\\\/MNT1148-scaled.jpg\",\"contentUrl\":\"https:\\\/\\\/ogofurniture.com\\\/wp-content\\\/uploads\\\/2025\\\/03\\\/MNT1148-scaled.jpg\",\"width\":1707,\"height\":2560},{\"@type\":\"BreadcrumbList\",\"@id\":\"https:\\\/\\\/ogofurniture.com\\\/de\\\/producto\\\/cactus-xxl\\\/#breadcrumb\",\"itemListElement\":[{\"@type\":\"ListItem\",\"position\":1,\"name\":\"Shop\",\"item\":\"https:\\\/\\\/ogofurniture.com\\\/de\\\/shop\\\/\"},{\"@type\":\"ListItem\",\"position\":2,\"name\":\"Cactus XXL\"}]},{\"@type\":\"WebSite\",\"@id\":\"https:\\\/\\\/ogofurniture.com\\\/de\\\/#website\",\"url\":\"https:\\\/\\\/ogofurniture.com\\\/de\\\/\",\"name\":\"ogofurniture\",\"description\":\"In &amp; Out Furniture\",\"potentialAction\":[{\"@type\":\"SearchAction\",\"target\":{\"@type\":\"EntryPoint\",\"urlTemplate\":\"https:\\\/\\\/ogofurniture.com\\\/de\\\/?s={search_term_string}\"},\"query-input\":{\"@type\":\"PropertyValueSpecification\",\"valueRequired\":true,\"valueName\":\"search_term_string\"}}],\"inLanguage\":\"de\"}]}<\/script>\n<!-- \/ Yoast SEO plugin. -->","yoast_head_json":{"title":"Cactus XXL - ogofurniture","robots":{"index":"index","follow":"follow","max-snippet":"max-snippet:-1","max-image-preview":"max-image-preview:large","max-video-preview":"max-video-preview:-1"},"canonical":"https:\/\/ogofurniture.com\/de\/producto\/cactus-xxl\/","og_locale":"de_DE","og_type":"article","og_title":"Cactus XXL - ogofurniture","og_description":"Nicht so gut mit Pflanzen? Don't worry! Unser Cactus braucht keine Bew\u00e4sserung oder einen G\u00e4rtner. Stellen Sie sie auf Ihre Terrasse und genie\u00dfen Sie einfach die Aussicht! Mindestbestellmenge: 2 Cactus. Maximale Bestellung: 3 Cactus (Sie k\u00f6nnen sie in verschiedenen Gr\u00f6\u00dfen kombinieren). Inklusive Phenolholzsockel f\u00fcr jede 2\/3 Cactus Bestellung. Wenn Sie 2 Cactus bestellen, ist die Basis f\u00fcr 2 Cactus enthalten. Wenn Sie 3 Cactus bestellen, ist die Basis f\u00fcr 3 Cactus enthalten.","og_url":"https:\/\/ogofurniture.com\/de\/producto\/cactus-xxl\/","og_site_name":"ogofurniture","article_modified_time":"2026-03-04T08:54:58+00:00","og_image":[{"width":1707,"height":2560,"url":"https:\/\/ogofurniture.com\/wp-content\/uploads\/2025\/03\/MNT1148-scaled.jpg","type":"image\/jpeg"}],"twitter_card":"summary_large_image","twitter_misc":{"Gesch\u00e4tzte Lesezeit":"1\u00a0Minute"},"schema":{"@context":"https:\/\/schema.org","@graph":[{"@type":["WebPage","ItemPage"],"@id":"https:\/\/ogofurniture.com\/de\/producto\/cactus-xxl\/","url":"https:\/\/ogofurniture.com\/de\/producto\/cactus-xxl\/","name":"Cactus XXL - ogofurniture","isPartOf":{"@id":"https:\/\/ogofurniture.com\/de\/#website"},"primaryImageOfPage":{"@id":"https:\/\/ogofurniture.com\/de\/producto\/cactus-xxl\/#primaryimage"},"image":{"@id":"https:\/\/ogofurniture.com\/de\/producto\/cactus-xxl\/#primaryimage"},"thumbnailUrl":"https:\/\/ogofurniture.com\/wp-content\/uploads\/2025\/03\/MNT1148-scaled.jpg","datePublished":"2025-03-08T09:30:38+00:00","dateModified":"2026-03-04T08:54:58+00:00","breadcrumb":{"@id":"https:\/\/ogofurniture.com\/de\/producto\/cactus-xxl\/#breadcrumb"},"inLanguage":"de","potentialAction":[{"@type":"ReadAction","target":["https:\/\/ogofurniture.com\/de\/producto\/cactus-xxl\/"]}]},{"@type":"ImageObject","inLanguage":"de","@id":"https:\/\/ogofurniture.com\/de\/producto\/cactus-xxl\/#primaryimage","url":"https:\/\/ogofurniture.com\/wp-content\/uploads\/2025\/03\/MNT1148-scaled.jpg","contentUrl":"https:\/\/ogofurniture.com\/wp-content\/uploads\/2025\/03\/MNT1148-scaled.jpg","width":1707,"height":2560},{"@type":"BreadcrumbList","@id":"https:\/\/ogofurniture.com\/de\/producto\/cactus-xxl\/#breadcrumb","itemListElement":[{"@type":"ListItem","position":1,"name":"Shop","item":"https:\/\/ogofurniture.com\/de\/shop\/"},{"@type":"ListItem","position":2,"name":"Cactus XXL"}]},{"@type":"WebSite","@id":"https:\/\/ogofurniture.com\/de\/#website","url":"https:\/\/ogofurniture.com\/de\/","name":"ogofurniture","description":"In &amp; Out Furniture","potentialAction":[{"@type":"SearchAction","target":{"@type":"EntryPoint","urlTemplate":"https:\/\/ogofurniture.com\/de\/?s={search_term_string}"},"query-input":{"@type":"PropertyValueSpecification","valueRequired":true,"valueName":"search_term_string"}}],"inLanguage":"de"}]}},"jetpack_sharing_enabled":true,"_links":{"self":[{"href":"https:\/\/ogofurniture.com\/de\/wp-json\/wp\/v2\/product\/14745","targetHints":{"allow":["GET"]}}],"collection":[{"href":"https:\/\/ogofurniture.com\/de\/wp-json\/wp\/v2\/product"}],"about":[{"href":"https:\/\/ogofurniture.com\/de\/wp-json\/wp\/v2\/types\/product"}],"replies":[{"embeddable":true,"href":"https:\/\/ogofurniture.com\/de\/wp-json\/wp\/v2\/comments?post=14745"}],"wp:featuredmedia":[{"embeddable":true,"href":"https:\/\/ogofurniture.com\/de\/wp-json\/wp\/v2\/media\/12618"}],"wp:attachment":[{"href":"https:\/\/ogofurniture.com\/de\/wp-json\/wp\/v2\/media?parent=14745"}],"wp:term":[{"taxonomy":"family","embeddable":true,"href":"https:\/\/ogofurniture.com\/de\/wp-json\/wp\/v2\/family?post=14745"},{"taxonomy":"product_brand","embeddable":true,"href":"https:\/\/ogofurniture.com\/de\/wp-json\/wp\/v2\/product_brand?post=14745"},{"taxonomy":"product_cat","embeddable":true,"href":"https:\/\/ogofurniture.com\/de\/wp-json\/wp\/v2\/product_cat?post=14745"},{"taxonomy":"product_tag","embeddable":true,"href":"https:\/\/ogofurniture.com\/de\/wp-json\/wp\/v2\/product_tag?post=14745"}],"curies":[{"name":"wp","href":"https:\/\/api.w.org\/{rel}","templated":true}]}}