{"id":14510,"date":"2025-03-10T08:15:25","date_gmt":"2025-03-10T08:15:25","guid":{"rendered":"https:\/\/ogofurniture.com\/producto\/big-bag-xl\/"},"modified":"2026-04-09T09:29:45","modified_gmt":"2026-04-09T09:29:45","slug":"big-bag-xl","status":"publish","type":"product","link":"https:\/\/ogofurniture.com\/de\/producto\/big-bag-xl\/","title":{"rendered":"Big Bag"},"content":{"rendered":"<p><strong>Handcrafted in Spain.\u200e<\/strong><\/p>\n<p>Wir liefern Premium-Outdoor-M\u00f6bel nach ganz Europe und in internationale M\u00e4rkte<\/p>\n<p>G1- 3D-Gewebe, 100% atmungsaktiv und ableitf\u00e4hig, das das Eindringen von Wasser in das Innere erm\u00f6glicht und nach jedem Gebrauch ordnungsgem\u00e4\u00df ablaufen l\u00e4sst. Um die Lebensdauer zu verl\u00e4ngern, wird eine Reinigung nach jedem Gebrauch empfohlen.<br \/>\n<a href=\"http:\/\/ogofurniture.com\/wp-content\/uploads\/2024\/06\/OGO-FABRICS-Care-Maintenance.zip\">F\u00fcr weitere Informationen zur Pflege klicken Sie bitte hier<\/a><\/p>\n<p>F\u00fcllung: 100% BIOPS-Polystyrolk\u00fcgelchen f\u00fcr den Einsatz im Freien und im Schwimmbad.<\/p>\n<p>Die in diesem Formular angegebenen Gesamtma\u00dfe k\u00f6nnen zwischen 5 cm \/- variieren.<\/p>\n<p>Das Gewicht der Gegenst\u00e4nde erh\u00f6ht sich bei Kontakt mit Wasser, so dass je nach Gr\u00f6\u00dfe des Produkts die Hilfe von zwei Personen erforderlich sein kann, um es aus dem Wasser zu holen.<\/p>\n<p>Das Produkt ist nicht gesundheitssch\u00e4dlich.<\/p>\n<p>Sollte nicht von Kindern ohne Aufsicht von Erwachsenen verwendet werden.<\/p>\n<p>&nbsp;<\/p>\n","protected":false},"excerpt":{"rendered":"<p>Ein gro\u00dfes Kissen, zwei Gr\u00f6\u00dfen und eine Big Bang von M\u00f6glichkeiten. Erweitern Sie Ihr Universum mit diesem schlichten, aber vielseitigen St\u00fcck, das in jede Umgebung passt. Sehen Sie, wie es sich Ihrem Raum anpasst, sich Ihrem K\u00f6rper anpasst und Sie in seinen Bann zieht.<\/p>\n","protected":false},"featured_media":12055,"comment_status":"open","ping_status":"closed","template":"","meta":[],"family":[],"product_brand":[],"product_cat":[132],"product_tag":[],"class_list":{"0":"post-14510","1":"product","2":"type-product","3":"status-publish","4":"has-post-thumbnail","6":"product_cat-sin-categorizar","8":"first","9":"instock","10":"taxable","11":"shipping-taxable","12":"purchasable","13":"product-type-variable"},"acf":[],"yoast_head":"<!-- This site is optimized with the Yoast SEO plugin v27.3 - https:\/\/yoast.com\/product\/yoast-seo-wordpress\/ -->\n<title>Big Bag - ogofurniture<\/title>\n<meta name=\"robots\" content=\"index, follow, max-snippet:-1, max-image-preview:large, max-video-preview:-1\" \/>\n<link rel=\"canonical\" href=\"https:\/\/ogofurniture.com\/de\/producto\/big-bag-xl\/\" \/>\n<meta property=\"og:locale\" content=\"de_DE\" \/>\n<meta property=\"og:type\" content=\"article\" \/>\n<meta property=\"og:title\" content=\"Big Bag - ogofurniture\" \/>\n<meta property=\"og:description\" content=\"Ein gro\u00dfes Kissen, zwei Gr\u00f6\u00dfen und eine Big Bang von M\u00f6glichkeiten. Erweitern Sie Ihr Universum mit diesem schlichten, aber vielseitigen St\u00fcck, das in jede Umgebung passt. Sehen Sie, wie es sich Ihrem Raum anpasst, sich Ihrem K\u00f6rper anpasst und Sie in seinen Bann zieht.\" \/>\n<meta property=\"og:url\" content=\"https:\/\/ogofurniture.com\/de\/producto\/big-bag-xl\/\" \/>\n<meta property=\"og:site_name\" content=\"ogofurniture\" \/>\n<meta property=\"article:modified_time\" content=\"2026-04-09T09:29:45+00:00\" \/>\n<meta property=\"og:image\" content=\"https:\/\/ogofurniture.com\/wp-content\/uploads\/2025\/03\/OGO-2025-5-ASF_3658-1024x683.jpeg\" \/>\n\t<meta property=\"og:image:width\" content=\"1024\" \/>\n\t<meta property=\"og:image:height\" content=\"683\" \/>\n\t<meta property=\"og:image:type\" content=\"image\/jpeg\" \/>\n<meta name=\"twitter:card\" content=\"summary_large_image\" \/>\n<meta name=\"twitter:label1\" content=\"Gesch\u00e4tzte Lesezeit\" \/>\n\t<meta name=\"twitter:data1\" content=\"1\u00a0Minute\" \/>\n<script type=\"application\/ld+json\" class=\"yoast-schema-graph\">{\"@context\":\"https:\\\/\\\/schema.org\",\"@graph\":[{\"@type\":[\"WebPage\",\"ItemPage\"],\"@id\":\"https:\\\/\\\/ogofurniture.com\\\/de\\\/producto\\\/big-bag-xl\\\/\",\"url\":\"https:\\\/\\\/ogofurniture.com\\\/de\\\/producto\\\/big-bag-xl\\\/\",\"name\":\"Big Bag - ogofurniture\",\"isPartOf\":{\"@id\":\"https:\\\/\\\/ogofurniture.com\\\/de\\\/#website\"},\"primaryImageOfPage\":{\"@id\":\"https:\\\/\\\/ogofurniture.com\\\/de\\\/producto\\\/big-bag-xl\\\/#primaryimage\"},\"image\":{\"@id\":\"https:\\\/\\\/ogofurniture.com\\\/de\\\/producto\\\/big-bag-xl\\\/#primaryimage\"},\"thumbnailUrl\":\"https:\\\/\\\/ogofurniture.com\\\/wp-content\\\/uploads\\\/2025\\\/03\\\/OGO-2025-5-ASF_3658.jpeg\",\"datePublished\":\"2025-03-10T08:15:25+00:00\",\"dateModified\":\"2026-04-09T09:29:45+00:00\",\"breadcrumb\":{\"@id\":\"https:\\\/\\\/ogofurniture.com\\\/de\\\/producto\\\/big-bag-xl\\\/#breadcrumb\"},\"inLanguage\":\"de\",\"potentialAction\":[{\"@type\":\"ReadAction\",\"target\":[\"https:\\\/\\\/ogofurniture.com\\\/de\\\/producto\\\/big-bag-xl\\\/\"]}]},{\"@type\":\"ImageObject\",\"inLanguage\":\"de\",\"@id\":\"https:\\\/\\\/ogofurniture.com\\\/de\\\/producto\\\/big-bag-xl\\\/#primaryimage\",\"url\":\"https:\\\/\\\/ogofurniture.com\\\/wp-content\\\/uploads\\\/2025\\\/03\\\/OGO-2025-5-ASF_3658.jpeg\",\"contentUrl\":\"https:\\\/\\\/ogofurniture.com\\\/wp-content\\\/uploads\\\/2025\\\/03\\\/OGO-2025-5-ASF_3658.jpeg\",\"width\":7965,\"height\":5313},{\"@type\":\"BreadcrumbList\",\"@id\":\"https:\\\/\\\/ogofurniture.com\\\/de\\\/producto\\\/big-bag-xl\\\/#breadcrumb\",\"itemListElement\":[{\"@type\":\"ListItem\",\"position\":1,\"name\":\"Shop\",\"item\":\"https:\\\/\\\/ogofurniture.com\\\/de\\\/shop\\\/\"},{\"@type\":\"ListItem\",\"position\":2,\"name\":\"Big Bag\"}]},{\"@type\":\"WebSite\",\"@id\":\"https:\\\/\\\/ogofurniture.com\\\/de\\\/#website\",\"url\":\"https:\\\/\\\/ogofurniture.com\\\/de\\\/\",\"name\":\"ogofurniture\",\"description\":\"In &amp; Out Furniture\",\"potentialAction\":[{\"@type\":\"SearchAction\",\"target\":{\"@type\":\"EntryPoint\",\"urlTemplate\":\"https:\\\/\\\/ogofurniture.com\\\/de\\\/?s={search_term_string}\"},\"query-input\":{\"@type\":\"PropertyValueSpecification\",\"valueRequired\":true,\"valueName\":\"search_term_string\"}}],\"inLanguage\":\"de\"}]}<\/script>\n<!-- \/ Yoast SEO plugin. -->","yoast_head_json":{"title":"Big Bag - ogofurniture","robots":{"index":"index","follow":"follow","max-snippet":"max-snippet:-1","max-image-preview":"max-image-preview:large","max-video-preview":"max-video-preview:-1"},"canonical":"https:\/\/ogofurniture.com\/de\/producto\/big-bag-xl\/","og_locale":"de_DE","og_type":"article","og_title":"Big Bag - ogofurniture","og_description":"Ein gro\u00dfes Kissen, zwei Gr\u00f6\u00dfen und eine Big Bang von M\u00f6glichkeiten. Erweitern Sie Ihr Universum mit diesem schlichten, aber vielseitigen St\u00fcck, das in jede Umgebung passt. Sehen Sie, wie es sich Ihrem Raum anpasst, sich Ihrem K\u00f6rper anpasst und Sie in seinen Bann zieht.","og_url":"https:\/\/ogofurniture.com\/de\/producto\/big-bag-xl\/","og_site_name":"ogofurniture","article_modified_time":"2026-04-09T09:29:45+00:00","og_image":[{"width":1024,"height":683,"url":"https:\/\/ogofurniture.com\/wp-content\/uploads\/2025\/03\/OGO-2025-5-ASF_3658-1024x683.jpeg","type":"image\/jpeg"}],"twitter_card":"summary_large_image","twitter_misc":{"Gesch\u00e4tzte Lesezeit":"1\u00a0Minute"},"schema":{"@context":"https:\/\/schema.org","@graph":[{"@type":["WebPage","ItemPage"],"@id":"https:\/\/ogofurniture.com\/de\/producto\/big-bag-xl\/","url":"https:\/\/ogofurniture.com\/de\/producto\/big-bag-xl\/","name":"Big Bag - ogofurniture","isPartOf":{"@id":"https:\/\/ogofurniture.com\/de\/#website"},"primaryImageOfPage":{"@id":"https:\/\/ogofurniture.com\/de\/producto\/big-bag-xl\/#primaryimage"},"image":{"@id":"https:\/\/ogofurniture.com\/de\/producto\/big-bag-xl\/#primaryimage"},"thumbnailUrl":"https:\/\/ogofurniture.com\/wp-content\/uploads\/2025\/03\/OGO-2025-5-ASF_3658.jpeg","datePublished":"2025-03-10T08:15:25+00:00","dateModified":"2026-04-09T09:29:45+00:00","breadcrumb":{"@id":"https:\/\/ogofurniture.com\/de\/producto\/big-bag-xl\/#breadcrumb"},"inLanguage":"de","potentialAction":[{"@type":"ReadAction","target":["https:\/\/ogofurniture.com\/de\/producto\/big-bag-xl\/"]}]},{"@type":"ImageObject","inLanguage":"de","@id":"https:\/\/ogofurniture.com\/de\/producto\/big-bag-xl\/#primaryimage","url":"https:\/\/ogofurniture.com\/wp-content\/uploads\/2025\/03\/OGO-2025-5-ASF_3658.jpeg","contentUrl":"https:\/\/ogofurniture.com\/wp-content\/uploads\/2025\/03\/OGO-2025-5-ASF_3658.jpeg","width":7965,"height":5313},{"@type":"BreadcrumbList","@id":"https:\/\/ogofurniture.com\/de\/producto\/big-bag-xl\/#breadcrumb","itemListElement":[{"@type":"ListItem","position":1,"name":"Shop","item":"https:\/\/ogofurniture.com\/de\/shop\/"},{"@type":"ListItem","position":2,"name":"Big Bag"}]},{"@type":"WebSite","@id":"https:\/\/ogofurniture.com\/de\/#website","url":"https:\/\/ogofurniture.com\/de\/","name":"ogofurniture","description":"In &amp; Out Furniture","potentialAction":[{"@type":"SearchAction","target":{"@type":"EntryPoint","urlTemplate":"https:\/\/ogofurniture.com\/de\/?s={search_term_string}"},"query-input":{"@type":"PropertyValueSpecification","valueRequired":true,"valueName":"search_term_string"}}],"inLanguage":"de"}]}},"jetpack_sharing_enabled":true,"_links":{"self":[{"href":"https:\/\/ogofurniture.com\/de\/wp-json\/wp\/v2\/product\/14510","targetHints":{"allow":["GET"]}}],"collection":[{"href":"https:\/\/ogofurniture.com\/de\/wp-json\/wp\/v2\/product"}],"about":[{"href":"https:\/\/ogofurniture.com\/de\/wp-json\/wp\/v2\/types\/product"}],"replies":[{"embeddable":true,"href":"https:\/\/ogofurniture.com\/de\/wp-json\/wp\/v2\/comments?post=14510"}],"wp:featuredmedia":[{"embeddable":true,"href":"https:\/\/ogofurniture.com\/de\/wp-json\/wp\/v2\/media\/12055"}],"wp:attachment":[{"href":"https:\/\/ogofurniture.com\/de\/wp-json\/wp\/v2\/media?parent=14510"}],"wp:term":[{"taxonomy":"family","embeddable":true,"href":"https:\/\/ogofurniture.com\/de\/wp-json\/wp\/v2\/family?post=14510"},{"taxonomy":"product_brand","embeddable":true,"href":"https:\/\/ogofurniture.com\/de\/wp-json\/wp\/v2\/product_brand?post=14510"},{"taxonomy":"product_cat","embeddable":true,"href":"https:\/\/ogofurniture.com\/de\/wp-json\/wp\/v2\/product_cat?post=14510"},{"taxonomy":"product_tag","embeddable":true,"href":"https:\/\/ogofurniture.com\/de\/wp-json\/wp\/v2\/product_tag?post=14510"}],"curies":[{"name":"wp","href":"https:\/\/api.w.org\/{rel}","templated":true}]}}