{"id":14305,"date":"2025-07-06T11:00:43","date_gmt":"2025-07-06T11:00:43","guid":{"rendered":"https:\/\/ogofurniture.com\/producto\/ogofurniture-com-starfish-s-luxury-puf\/"},"modified":"2026-04-09T09:25:59","modified_gmt":"2026-04-09T09:25:59","slug":"ogofurniture-com-starfish-luxury-puf","status":"publish","type":"product","link":"https:\/\/ogofurniture.com\/de\/producto\/ogofurniture-com-starfish-luxury-puf\/","title":{"rendered":"Starfish"},"content":{"rendered":"\r\n<p><strong>Starfish S Luxury Puf &#8211; Handcrafted in Spain.\u200e<\/strong><\/p>\r\n<p>Wir liefern Premium-Outdoor-M\u00f6bel nach ganz Europe und in internationale M\u00e4rkte<\/p>\r\n<p>G1- 3D-Gewebe, 100% atmungsaktiv und ableitf\u00e4hig, das das Eindringen von Wasser in das Innere erm\u00f6glicht und nach jedem Gebrauch ordnungsgem\u00e4\u00df ablaufen l\u00e4sst. Um die Lebensdauer zu verl\u00e4ngern, wird eine Reinigung nach jedem Gebrauch empfohlen.<br \/><a href=\"http:\/\/ogofurniture.com\/wp-content\/uploads\/2024\/06\/OGO-FABRICS-Care-Maintenance.zip\">F\u00fcr weitere Informationen zur Pflege klicken Sie bitte hier\u00a0<\/a><\/p>\r\n<p>F\u00fcllung: 100% BIOPS-Polystyrolk\u00fcgelchen f\u00fcr den Einsatz im Freien und im Schwimmbad.<\/p>\r\n<p>Die in diesem Formular angegebenen Gesamtma\u00dfe k\u00f6nnen zwischen 5 cm \/- variieren.<\/p>\r\n<p>Das Gewicht der Gegenst\u00e4nde erh\u00f6ht sich bei Kontakt mit Wasser, so dass je nach Gr\u00f6\u00dfe des Produkts die Hilfe von zwei Personen erforderlich sein kann, um es aus dem Wasser zu holen.<\/p>\r\n<p>Das Produkt ist nicht gesundheitssch\u00e4dlich.<\/p>\r\n<p>Should not be used by children without adult supervision.<\/p>\r\n<p>Sollte nicht von Kindern ohne Aufsicht von Erwachsenen verwendet werden.<\/p>\r\n<p>Erleben Sie den Komfort und die Qualit\u00e4t des Starfish S Luxury Puff &#8211; Handcrafted in Spain, entwickelt, um Ihre Entspannung im Freien und am Pool zu verbessern.<\/p>\r\n<p>Besuchen Sie uns auf Instagram und entdecken Sie mehr <a href=\"https:\/\/www.instagram.com\/ogo_furniture\/\">@ogo_furniture<\/a><\/p>\r\n","protected":false},"excerpt":{"rendered":"<p>Eine Reise zu den Sternen kann wie das Meer riechen. . . Der Starfish Design Puffsteht dank seines aufsehenerregenden und innovativen Designs immer im Mittelpunkt der Aufmerksamkeit. Der Starfish eignet sich perfekt f\u00fcr Au\u00dfenbereiche und Pools und verbindet Stil und Funktionalit\u00e4t. Starfish ist definitiv unser Starprodukt<\/p>\n","protected":false},"featured_media":15266,"comment_status":"open","ping_status":"closed","template":"","meta":[],"family":[],"product_brand":[],"product_cat":[132],"product_tag":[],"class_list":{"0":"post-14305","1":"product","2":"type-product","3":"status-publish","4":"has-post-thumbnail","6":"product_cat-sin-categorizar","8":"first","9":"instock","10":"taxable","11":"shipping-taxable","12":"purchasable","13":"product-type-variable"},"acf":[],"yoast_head":"<!-- This site is optimized with the Yoast SEO plugin v27.4 - https:\/\/yoast.com\/product\/yoast-seo-wordpress\/ -->\n<title>Starfish Luxury Puf | OGO Furniture Starfish - ogofurniture<\/title>\n<meta name=\"description\" content=\"Starfish Luxury Pouf. Mediterranean design, unlimited comfort, and style for your pool or terrace. Handcrafted product, manufactured for you in Spain.\" \/>\n<meta name=\"robots\" content=\"index, follow, max-snippet:-1, max-image-preview:large, max-video-preview:-1\" \/>\n<link rel=\"canonical\" href=\"https:\/\/ogofurniture.com\/de\/producto\/ogofurniture-com-starfish-luxury-puf\/\" \/>\n<meta property=\"og:locale\" content=\"de_DE\" \/>\n<meta property=\"og:type\" content=\"article\" \/>\n<meta property=\"og:title\" content=\"Starfish Luxury Puf | OGO Furniture Starfish - ogofurniture\" \/>\n<meta property=\"og:description\" content=\"Starfish Luxury Pouf. Mediterranean design, unlimited comfort, and style for your pool or terrace. Handcrafted product, manufactured for you in Spain.\" \/>\n<meta property=\"og:url\" content=\"https:\/\/ogofurniture.com\/de\/producto\/ogofurniture-com-starfish-luxury-puf\/\" \/>\n<meta property=\"og:site_name\" content=\"ogofurniture\" \/>\n<meta property=\"article:modified_time\" content=\"2026-04-09T09:25:59+00:00\" \/>\n<meta property=\"og:image\" content=\"https:\/\/ogofurniture.com\/wp-content\/uploads\/2025\/07\/STARFISH_OGO_CasaSardinera-3-e1772782149932.jpg\" \/>\n\t<meta property=\"og:image:width\" content=\"1275\" \/>\n\t<meta property=\"og:image:height\" content=\"1890\" \/>\n\t<meta property=\"og:image:type\" content=\"image\/jpeg\" \/>\n<meta name=\"twitter:card\" content=\"summary_large_image\" \/>\n<meta name=\"twitter:label1\" content=\"Gesch\u00e4tzte Lesezeit\" \/>\n\t<meta name=\"twitter:data1\" content=\"1\u00a0Minute\" \/>\n<script type=\"application\/ld+json\" class=\"yoast-schema-graph\">{\"@context\":\"https:\\\/\\\/schema.org\",\"@graph\":[{\"@type\":[\"WebPage\",\"ItemPage\"],\"@id\":\"https:\\\/\\\/ogofurniture.com\\\/de\\\/producto\\\/ogofurniture-com-starfish-luxury-puf\\\/\",\"url\":\"https:\\\/\\\/ogofurniture.com\\\/de\\\/producto\\\/ogofurniture-com-starfish-luxury-puf\\\/\",\"name\":\"Starfish Luxury Puf | OGO Furniture Starfish - ogofurniture\",\"isPartOf\":{\"@id\":\"https:\\\/\\\/ogofurniture.com\\\/de\\\/#website\"},\"primaryImageOfPage\":{\"@id\":\"https:\\\/\\\/ogofurniture.com\\\/de\\\/producto\\\/ogofurniture-com-starfish-luxury-puf\\\/#primaryimage\"},\"image\":{\"@id\":\"https:\\\/\\\/ogofurniture.com\\\/de\\\/producto\\\/ogofurniture-com-starfish-luxury-puf\\\/#primaryimage\"},\"thumbnailUrl\":\"https:\\\/\\\/ogofurniture.com\\\/wp-content\\\/uploads\\\/2025\\\/07\\\/STARFISH_OGO_CasaSardinera-3-e1772782149932.jpg\",\"datePublished\":\"2025-07-06T11:00:43+00:00\",\"dateModified\":\"2026-04-09T09:25:59+00:00\",\"description\":\"Starfish Luxury Pouf. Mediterranean design, unlimited comfort, and style for your pool or terrace. Handcrafted product, manufactured for you in Spain.\",\"breadcrumb\":{\"@id\":\"https:\\\/\\\/ogofurniture.com\\\/de\\\/producto\\\/ogofurniture-com-starfish-luxury-puf\\\/#breadcrumb\"},\"inLanguage\":\"de\",\"potentialAction\":[{\"@type\":\"ReadAction\",\"target\":[\"https:\\\/\\\/ogofurniture.com\\\/de\\\/producto\\\/ogofurniture-com-starfish-luxury-puf\\\/\"]}]},{\"@type\":\"ImageObject\",\"inLanguage\":\"de\",\"@id\":\"https:\\\/\\\/ogofurniture.com\\\/de\\\/producto\\\/ogofurniture-com-starfish-luxury-puf\\\/#primaryimage\",\"url\":\"https:\\\/\\\/ogofurniture.com\\\/wp-content\\\/uploads\\\/2025\\\/07\\\/STARFISH_OGO_CasaSardinera-3-e1772782149932.jpg\",\"contentUrl\":\"https:\\\/\\\/ogofurniture.com\\\/wp-content\\\/uploads\\\/2025\\\/07\\\/STARFISH_OGO_CasaSardinera-3-e1772782149932.jpg\",\"width\":1275,\"height\":1890},{\"@type\":\"BreadcrumbList\",\"@id\":\"https:\\\/\\\/ogofurniture.com\\\/de\\\/producto\\\/ogofurniture-com-starfish-luxury-puf\\\/#breadcrumb\",\"itemListElement\":[{\"@type\":\"ListItem\",\"position\":1,\"name\":\"Shop\",\"item\":\"https:\\\/\\\/ogofurniture.com\\\/de\\\/shop\\\/\"},{\"@type\":\"ListItem\",\"position\":2,\"name\":\"Starfish\"}]},{\"@type\":\"WebSite\",\"@id\":\"https:\\\/\\\/ogofurniture.com\\\/de\\\/#website\",\"url\":\"https:\\\/\\\/ogofurniture.com\\\/de\\\/\",\"name\":\"ogofurniture\",\"description\":\"In &amp; Out Furniture\",\"potentialAction\":[{\"@type\":\"SearchAction\",\"target\":{\"@type\":\"EntryPoint\",\"urlTemplate\":\"https:\\\/\\\/ogofurniture.com\\\/de\\\/?s={search_term_string}\"},\"query-input\":{\"@type\":\"PropertyValueSpecification\",\"valueRequired\":true,\"valueName\":\"search_term_string\"}}],\"inLanguage\":\"de\"}]}<\/script>\n<!-- \/ Yoast SEO plugin. -->","yoast_head_json":{"title":"Starfish Luxury Puf | OGO Furniture Starfish - ogofurniture","description":"Starfish Luxury Pouf. Mediterranean design, unlimited comfort, and style for your pool or terrace. Handcrafted product, manufactured for you in Spain.","robots":{"index":"index","follow":"follow","max-snippet":"max-snippet:-1","max-image-preview":"max-image-preview:large","max-video-preview":"max-video-preview:-1"},"canonical":"https:\/\/ogofurniture.com\/de\/producto\/ogofurniture-com-starfish-luxury-puf\/","og_locale":"de_DE","og_type":"article","og_title":"Starfish Luxury Puf | OGO Furniture Starfish - ogofurniture","og_description":"Starfish Luxury Pouf. Mediterranean design, unlimited comfort, and style for your pool or terrace. Handcrafted product, manufactured for you in Spain.","og_url":"https:\/\/ogofurniture.com\/de\/producto\/ogofurniture-com-starfish-luxury-puf\/","og_site_name":"ogofurniture","article_modified_time":"2026-04-09T09:25:59+00:00","og_image":[{"width":1275,"height":1890,"url":"https:\/\/ogofurniture.com\/wp-content\/uploads\/2025\/07\/STARFISH_OGO_CasaSardinera-3-e1772782149932.jpg","type":"image\/jpeg"}],"twitter_card":"summary_large_image","twitter_misc":{"Gesch\u00e4tzte Lesezeit":"1\u00a0Minute"},"schema":{"@context":"https:\/\/schema.org","@graph":[{"@type":["WebPage","ItemPage"],"@id":"https:\/\/ogofurniture.com\/de\/producto\/ogofurniture-com-starfish-luxury-puf\/","url":"https:\/\/ogofurniture.com\/de\/producto\/ogofurniture-com-starfish-luxury-puf\/","name":"Starfish Luxury Puf | OGO Furniture Starfish - ogofurniture","isPartOf":{"@id":"https:\/\/ogofurniture.com\/de\/#website"},"primaryImageOfPage":{"@id":"https:\/\/ogofurniture.com\/de\/producto\/ogofurniture-com-starfish-luxury-puf\/#primaryimage"},"image":{"@id":"https:\/\/ogofurniture.com\/de\/producto\/ogofurniture-com-starfish-luxury-puf\/#primaryimage"},"thumbnailUrl":"https:\/\/ogofurniture.com\/wp-content\/uploads\/2025\/07\/STARFISH_OGO_CasaSardinera-3-e1772782149932.jpg","datePublished":"2025-07-06T11:00:43+00:00","dateModified":"2026-04-09T09:25:59+00:00","description":"Starfish Luxury Pouf. Mediterranean design, unlimited comfort, and style for your pool or terrace. Handcrafted product, manufactured for you in Spain.","breadcrumb":{"@id":"https:\/\/ogofurniture.com\/de\/producto\/ogofurniture-com-starfish-luxury-puf\/#breadcrumb"},"inLanguage":"de","potentialAction":[{"@type":"ReadAction","target":["https:\/\/ogofurniture.com\/de\/producto\/ogofurniture-com-starfish-luxury-puf\/"]}]},{"@type":"ImageObject","inLanguage":"de","@id":"https:\/\/ogofurniture.com\/de\/producto\/ogofurniture-com-starfish-luxury-puf\/#primaryimage","url":"https:\/\/ogofurniture.com\/wp-content\/uploads\/2025\/07\/STARFISH_OGO_CasaSardinera-3-e1772782149932.jpg","contentUrl":"https:\/\/ogofurniture.com\/wp-content\/uploads\/2025\/07\/STARFISH_OGO_CasaSardinera-3-e1772782149932.jpg","width":1275,"height":1890},{"@type":"BreadcrumbList","@id":"https:\/\/ogofurniture.com\/de\/producto\/ogofurniture-com-starfish-luxury-puf\/#breadcrumb","itemListElement":[{"@type":"ListItem","position":1,"name":"Shop","item":"https:\/\/ogofurniture.com\/de\/shop\/"},{"@type":"ListItem","position":2,"name":"Starfish"}]},{"@type":"WebSite","@id":"https:\/\/ogofurniture.com\/de\/#website","url":"https:\/\/ogofurniture.com\/de\/","name":"ogofurniture","description":"In &amp; Out Furniture","potentialAction":[{"@type":"SearchAction","target":{"@type":"EntryPoint","urlTemplate":"https:\/\/ogofurniture.com\/de\/?s={search_term_string}"},"query-input":{"@type":"PropertyValueSpecification","valueRequired":true,"valueName":"search_term_string"}}],"inLanguage":"de"}]}},"jetpack_sharing_enabled":true,"_links":{"self":[{"href":"https:\/\/ogofurniture.com\/de\/wp-json\/wp\/v2\/product\/14305","targetHints":{"allow":["GET"]}}],"collection":[{"href":"https:\/\/ogofurniture.com\/de\/wp-json\/wp\/v2\/product"}],"about":[{"href":"https:\/\/ogofurniture.com\/de\/wp-json\/wp\/v2\/types\/product"}],"replies":[{"embeddable":true,"href":"https:\/\/ogofurniture.com\/de\/wp-json\/wp\/v2\/comments?post=14305"}],"wp:featuredmedia":[{"embeddable":true,"href":"https:\/\/ogofurniture.com\/de\/wp-json\/wp\/v2\/media\/15266"}],"wp:attachment":[{"href":"https:\/\/ogofurniture.com\/de\/wp-json\/wp\/v2\/media?parent=14305"}],"wp:term":[{"taxonomy":"family","embeddable":true,"href":"https:\/\/ogofurniture.com\/de\/wp-json\/wp\/v2\/family?post=14305"},{"taxonomy":"product_brand","embeddable":true,"href":"https:\/\/ogofurniture.com\/de\/wp-json\/wp\/v2\/product_brand?post=14305"},{"taxonomy":"product_cat","embeddable":true,"href":"https:\/\/ogofurniture.com\/de\/wp-json\/wp\/v2\/product_cat?post=14305"},{"taxonomy":"product_tag","embeddable":true,"href":"https:\/\/ogofurniture.com\/de\/wp-json\/wp\/v2\/product_tag?post=14305"}],"curies":[{"name":"wp","href":"https:\/\/api.w.org\/{rel}","templated":true}]}}