{"id":14268,"date":"2025-07-20T12:00:44","date_gmt":"2025-07-20T12:00:44","guid":{"rendered":"https:\/\/ogofurniture.com\/producto\/sit-pool-1-plaza\/"},"modified":"2026-04-23T06:55:12","modified_gmt":"2026-04-23T06:55:12","slug":"sit-pool-1-plaza","status":"publish","type":"product","link":"https:\/\/ogofurniture.com\/de\/producto\/sit-pool-1-plaza\/","title":{"rendered":"Sit Pool (1 Seat)"},"content":{"rendered":"\r\n<p><strong>Handcrafted in Spain.\u200e<\/strong><\/p>\r\n<p>Wir liefern Premium-Outdoor-M\u00f6bel nach ganz Europe und in internationale M\u00e4rkte<\/p>\r\n<p>G1- 3D-Gewebe, 100% atmungsaktiv und ableitf\u00e4hig, das das Eindringen von Wasser in das Innere erm\u00f6glicht und nach jedem Gebrauch ordnungsgem\u00e4\u00df ablaufen l\u00e4sst. Um die Lebensdauer zu verl\u00e4ngern, wird eine Reinigung nach jedem Gebrauch empfohlen.<br \/>F\u00fcr weitere Informationen zur Pflege klicken Sie bitte hier<\/p>\r\n<p>F\u00fcllung: 100% BIOPS-Polystyrolk\u00fcgelchen f\u00fcr den Einsatz im Freien und im Schwimmbad.<\/p>\r\n<p>Die in diesem Formular angegebenen Gesamtma\u00dfe k\u00f6nnen zwischen 5 cm \/- variieren.<\/p>\r\n<p>Das Gewicht der Gegenst\u00e4nde erh\u00f6ht sich bei Kontakt mit Wasser, so dass je nach Gr\u00f6\u00dfe des Produkts die Hilfe von zwei Personen erforderlich sein kann, um es aus dem Wasser zu holen.<\/p>\r\n<p>Das Produkt ist nicht gesundheitssch\u00e4dlich.<\/p>\r\n<p>Sollte nicht von Kindern ohne Aufsicht von Erwachsenen verwendet werden.<\/p>\r\n<p>OGO ist nicht verantwortlich f\u00fcr die unsachgem\u00e4\u00dfe Verwendung des Produkts.<br \/><br \/>Die Stoffe sind so konzipiert, dass sie fest, haltbar und widerstandsf\u00e4hig sind. Die wasserabweisende Ausr\u00fcstung verbessert die Leistungsmerkmale weiter, so dass die Stoffe schmutzabweisend und leicht zu reinigen sind und nur eine minimale, aber konstante Pflege erfordern.<\/p>\r\n","protected":false},"excerpt":{"rendered":"<p data-path-to-node=\"0\">Die Vielseitigkeit macht dieses St\u00fcck so besonders, da es sich auf verschiedenste Weise kombinieren l\u00e4sst, um Terrassen zu versch\u00f6neren und weitl\u00e4ufige Entspannungsbereiche zu schaffen.<\/p>\n<p data-path-to-node=\"1\">Erg\u00e4nzen Sie es mit der\u00a0<a href=\"https:\/\/ogofurniture.com\/de\/producto\/sit-pool-base\/\">Sit Pool Sunbed.<\/a><\/p>\n","protected":false},"featured_media":12151,"comment_status":"open","ping_status":"closed","template":"","meta":[],"family":[],"product_brand":[],"product_cat":[],"product_tag":[],"class_list":{"0":"post-14268","1":"product","2":"type-product","3":"status-publish","4":"has-post-thumbnail","7":"first","8":"instock","9":"taxable","10":"shipping-taxable","11":"purchasable","12":"product-type-variable"},"acf":[],"yoast_head":"<!-- This site is optimized with the Yoast SEO plugin v27.4 - https:\/\/yoast.com\/product\/yoast-seo-wordpress\/ -->\n<title>Sit Pool (1 Seat) - ogofurniture<\/title>\n<meta name=\"robots\" content=\"index, follow, max-snippet:-1, max-image-preview:large, max-video-preview:-1\" \/>\n<link rel=\"canonical\" href=\"https:\/\/ogofurniture.com\/de\/producto\/sit-pool-1-plaza\/\" \/>\n<meta property=\"og:locale\" content=\"de_DE\" \/>\n<meta property=\"og:type\" content=\"article\" \/>\n<meta property=\"og:title\" content=\"Sit Pool (1 Seat) - ogofurniture\" \/>\n<meta property=\"og:description\" content=\"Die Vielseitigkeit macht dieses St\u00fcck so besonders, da es sich auf verschiedenste Weise kombinieren l\u00e4sst, um Terrassen zu versch\u00f6neren und weitl\u00e4ufige Entspannungsbereiche zu schaffen. Erg\u00e4nzen Sie es mit der\u00a0Sit Pool Sunbed.\" \/>\n<meta property=\"og:url\" content=\"https:\/\/ogofurniture.com\/de\/producto\/sit-pool-1-plaza\/\" \/>\n<meta property=\"og:site_name\" content=\"ogofurniture\" \/>\n<meta property=\"article:modified_time\" content=\"2026-04-23T06:55:12+00:00\" \/>\n<meta property=\"og:image\" content=\"https:\/\/ogofurniture.com\/wp-content\/uploads\/2024\/07\/SITPOOL-1SEAT.jpg\" \/>\n\t<meta property=\"og:image:width\" content=\"500\" \/>\n\t<meta property=\"og:image:height\" content=\"500\" \/>\n\t<meta property=\"og:image:type\" content=\"image\/jpeg\" \/>\n<meta name=\"twitter:card\" content=\"summary_large_image\" \/>\n<meta name=\"twitter:label1\" content=\"Gesch\u00e4tzte Lesezeit\" \/>\n\t<meta name=\"twitter:data1\" content=\"1\u00a0Minute\" \/>\n<script type=\"application\/ld+json\" class=\"yoast-schema-graph\">{\"@context\":\"https:\\\/\\\/schema.org\",\"@graph\":[{\"@type\":[\"WebPage\",\"ItemPage\"],\"@id\":\"https:\\\/\\\/ogofurniture.com\\\/de\\\/producto\\\/sit-pool-1-plaza\\\/\",\"url\":\"https:\\\/\\\/ogofurniture.com\\\/de\\\/producto\\\/sit-pool-1-plaza\\\/\",\"name\":\"Sit Pool (1 Seat) - ogofurniture\",\"isPartOf\":{\"@id\":\"https:\\\/\\\/ogofurniture.com\\\/de\\\/#website\"},\"primaryImageOfPage\":{\"@id\":\"https:\\\/\\\/ogofurniture.com\\\/de\\\/producto\\\/sit-pool-1-plaza\\\/#primaryimage\"},\"image\":{\"@id\":\"https:\\\/\\\/ogofurniture.com\\\/de\\\/producto\\\/sit-pool-1-plaza\\\/#primaryimage\"},\"thumbnailUrl\":\"https:\\\/\\\/ogofurniture.com\\\/wp-content\\\/uploads\\\/2024\\\/07\\\/SITPOOL-1SEAT.jpg\",\"datePublished\":\"2025-07-20T12:00:44+00:00\",\"dateModified\":\"2026-04-23T06:55:12+00:00\",\"breadcrumb\":{\"@id\":\"https:\\\/\\\/ogofurniture.com\\\/de\\\/producto\\\/sit-pool-1-plaza\\\/#breadcrumb\"},\"inLanguage\":\"de\",\"potentialAction\":[{\"@type\":\"ReadAction\",\"target\":[\"https:\\\/\\\/ogofurniture.com\\\/de\\\/producto\\\/sit-pool-1-plaza\\\/\"]}]},{\"@type\":\"ImageObject\",\"inLanguage\":\"de\",\"@id\":\"https:\\\/\\\/ogofurniture.com\\\/de\\\/producto\\\/sit-pool-1-plaza\\\/#primaryimage\",\"url\":\"https:\\\/\\\/ogofurniture.com\\\/wp-content\\\/uploads\\\/2024\\\/07\\\/SITPOOL-1SEAT.jpg\",\"contentUrl\":\"https:\\\/\\\/ogofurniture.com\\\/wp-content\\\/uploads\\\/2024\\\/07\\\/SITPOOL-1SEAT.jpg\",\"width\":500,\"height\":500},{\"@type\":\"BreadcrumbList\",\"@id\":\"https:\\\/\\\/ogofurniture.com\\\/de\\\/producto\\\/sit-pool-1-plaza\\\/#breadcrumb\",\"itemListElement\":[{\"@type\":\"ListItem\",\"position\":1,\"name\":\"Shop\",\"item\":\"https:\\\/\\\/ogofurniture.com\\\/de\\\/shop\\\/\"},{\"@type\":\"ListItem\",\"position\":2,\"name\":\"Sit Pool (1 Seat)\"}]},{\"@type\":\"WebSite\",\"@id\":\"https:\\\/\\\/ogofurniture.com\\\/de\\\/#website\",\"url\":\"https:\\\/\\\/ogofurniture.com\\\/de\\\/\",\"name\":\"ogofurniture\",\"description\":\"In &amp; Out Furniture\",\"potentialAction\":[{\"@type\":\"SearchAction\",\"target\":{\"@type\":\"EntryPoint\",\"urlTemplate\":\"https:\\\/\\\/ogofurniture.com\\\/de\\\/?s={search_term_string}\"},\"query-input\":{\"@type\":\"PropertyValueSpecification\",\"valueRequired\":true,\"valueName\":\"search_term_string\"}}],\"inLanguage\":\"de\"}]}<\/script>\n<!-- \/ Yoast SEO plugin. -->","yoast_head_json":{"title":"Sit Pool (1 Seat) - ogofurniture","robots":{"index":"index","follow":"follow","max-snippet":"max-snippet:-1","max-image-preview":"max-image-preview:large","max-video-preview":"max-video-preview:-1"},"canonical":"https:\/\/ogofurniture.com\/de\/producto\/sit-pool-1-plaza\/","og_locale":"de_DE","og_type":"article","og_title":"Sit Pool (1 Seat) - ogofurniture","og_description":"Die Vielseitigkeit macht dieses St\u00fcck so besonders, da es sich auf verschiedenste Weise kombinieren l\u00e4sst, um Terrassen zu versch\u00f6neren und weitl\u00e4ufige Entspannungsbereiche zu schaffen. Erg\u00e4nzen Sie es mit der\u00a0Sit Pool Sunbed.","og_url":"https:\/\/ogofurniture.com\/de\/producto\/sit-pool-1-plaza\/","og_site_name":"ogofurniture","article_modified_time":"2026-04-23T06:55:12+00:00","og_image":[{"width":500,"height":500,"url":"https:\/\/ogofurniture.com\/wp-content\/uploads\/2024\/07\/SITPOOL-1SEAT.jpg","type":"image\/jpeg"}],"twitter_card":"summary_large_image","twitter_misc":{"Gesch\u00e4tzte Lesezeit":"1\u00a0Minute"},"schema":{"@context":"https:\/\/schema.org","@graph":[{"@type":["WebPage","ItemPage"],"@id":"https:\/\/ogofurniture.com\/de\/producto\/sit-pool-1-plaza\/","url":"https:\/\/ogofurniture.com\/de\/producto\/sit-pool-1-plaza\/","name":"Sit Pool (1 Seat) - ogofurniture","isPartOf":{"@id":"https:\/\/ogofurniture.com\/de\/#website"},"primaryImageOfPage":{"@id":"https:\/\/ogofurniture.com\/de\/producto\/sit-pool-1-plaza\/#primaryimage"},"image":{"@id":"https:\/\/ogofurniture.com\/de\/producto\/sit-pool-1-plaza\/#primaryimage"},"thumbnailUrl":"https:\/\/ogofurniture.com\/wp-content\/uploads\/2024\/07\/SITPOOL-1SEAT.jpg","datePublished":"2025-07-20T12:00:44+00:00","dateModified":"2026-04-23T06:55:12+00:00","breadcrumb":{"@id":"https:\/\/ogofurniture.com\/de\/producto\/sit-pool-1-plaza\/#breadcrumb"},"inLanguage":"de","potentialAction":[{"@type":"ReadAction","target":["https:\/\/ogofurniture.com\/de\/producto\/sit-pool-1-plaza\/"]}]},{"@type":"ImageObject","inLanguage":"de","@id":"https:\/\/ogofurniture.com\/de\/producto\/sit-pool-1-plaza\/#primaryimage","url":"https:\/\/ogofurniture.com\/wp-content\/uploads\/2024\/07\/SITPOOL-1SEAT.jpg","contentUrl":"https:\/\/ogofurniture.com\/wp-content\/uploads\/2024\/07\/SITPOOL-1SEAT.jpg","width":500,"height":500},{"@type":"BreadcrumbList","@id":"https:\/\/ogofurniture.com\/de\/producto\/sit-pool-1-plaza\/#breadcrumb","itemListElement":[{"@type":"ListItem","position":1,"name":"Shop","item":"https:\/\/ogofurniture.com\/de\/shop\/"},{"@type":"ListItem","position":2,"name":"Sit Pool (1 Seat)"}]},{"@type":"WebSite","@id":"https:\/\/ogofurniture.com\/de\/#website","url":"https:\/\/ogofurniture.com\/de\/","name":"ogofurniture","description":"In &amp; Out Furniture","potentialAction":[{"@type":"SearchAction","target":{"@type":"EntryPoint","urlTemplate":"https:\/\/ogofurniture.com\/de\/?s={search_term_string}"},"query-input":{"@type":"PropertyValueSpecification","valueRequired":true,"valueName":"search_term_string"}}],"inLanguage":"de"}]}},"jetpack_sharing_enabled":true,"_links":{"self":[{"href":"https:\/\/ogofurniture.com\/de\/wp-json\/wp\/v2\/product\/14268","targetHints":{"allow":["GET"]}}],"collection":[{"href":"https:\/\/ogofurniture.com\/de\/wp-json\/wp\/v2\/product"}],"about":[{"href":"https:\/\/ogofurniture.com\/de\/wp-json\/wp\/v2\/types\/product"}],"replies":[{"embeddable":true,"href":"https:\/\/ogofurniture.com\/de\/wp-json\/wp\/v2\/comments?post=14268"}],"wp:featuredmedia":[{"embeddable":true,"href":"https:\/\/ogofurniture.com\/de\/wp-json\/wp\/v2\/media\/12151"}],"wp:attachment":[{"href":"https:\/\/ogofurniture.com\/de\/wp-json\/wp\/v2\/media?parent=14268"}],"wp:term":[{"taxonomy":"family","embeddable":true,"href":"https:\/\/ogofurniture.com\/de\/wp-json\/wp\/v2\/family?post=14268"},{"taxonomy":"product_brand","embeddable":true,"href":"https:\/\/ogofurniture.com\/de\/wp-json\/wp\/v2\/product_brand?post=14268"},{"taxonomy":"product_cat","embeddable":true,"href":"https:\/\/ogofurniture.com\/de\/wp-json\/wp\/v2\/product_cat?post=14268"},{"taxonomy":"product_tag","embeddable":true,"href":"https:\/\/ogofurniture.com\/de\/wp-json\/wp\/v2\/product_tag?post=14268"}],"curies":[{"name":"wp","href":"https:\/\/api.w.org\/{rel}","templated":true}]}}