{"id":12077,"date":"2025-03-08T08:00:45","date_gmt":"2025-03-08T08:00:45","guid":{"rendered":"https:\/\/ogofurniture.com\/producto\/cactus-l-2\/"},"modified":"2026-03-02T09:58:14","modified_gmt":"2026-03-02T09:58:14","slug":"cactus-l-2","status":"publish","type":"product","link":"https:\/\/ogofurniture.com\/de\/producto\/cactus-l-2\/","title":{"rendered":"Cactus L"},"content":{"rendered":"&#13;\n<p><strong>Handcrafted in Spain.\u200e<\/strong><\/p>&#13;\n<p>G1 &#8211; 3D-Gewebe. Dekorationsst\u00fcck, wartungsfrei und reinigungsfrei. <\/p>&#13;\n<p>Holzwerkstoff mit Phenolharzbeschichtung<\/p>&#13;\n<p>Das Produkt ist nicht gesundheitssch\u00e4dlich.<\/p>&#13;\n<p>Sollte nicht von Kindern ohne Aufsicht von Erwachsenen verwendet werden.<\/p>&#13;\n","protected":false},"excerpt":{"rendered":"<p>Nicht so gut mit Pflanzen? Don&#8217;t worry! Unser Cactus braucht keine Bew\u00e4sserung oder einen G\u00e4rtner. Stellen Sie sie auf Ihre Terrasse und genie\u00dfen Sie einfach die Aussicht! Not so good with plants? Don&#8217;t worry! Our Cactus don&#8217;t need watering or a gardener. Place them on your terrace and simply enjoy the views!   <\/p>\n<p>Mindestbestellmenge: 2 Cactus. Maximale Bestellung: 3 Cactus (Sie k\u00f6nnen sie in verschiedenen Gr\u00f6\u00dfen kombinieren).  <\/p>\n<p>Inklusive Phenolholzsockel f\u00fcr jede 2\/3 Cactus Bestellung. Wenn Sie 2 Cactus bestellen, ist die Basis f\u00fcr 2 Cactus enthalten. Wenn Sie 3 Cactus bestellen, ist die Basis f\u00fcr 3 Cactus enthalten.  <\/p>\n","protected":false},"featured_media":12048,"comment_status":"open","ping_status":"closed","template":"","meta":[],"family":[],"product_brand":[],"product_cat":[30],"product_tag":[],"class_list":{"0":"post-12077","1":"product","2":"type-product","3":"status-publish","4":"has-post-thumbnail","6":"product_cat-sin-categorizar","8":"first","9":"instock","10":"taxable","11":"shipping-taxable","12":"purchasable","13":"product-type-variable"},"acf":[],"yoast_head":"<!-- This site is optimized with the Yoast SEO plugin v27.3 - https:\/\/yoast.com\/product\/yoast-seo-wordpress\/ -->\n<title>Cactus L - ogofurniture<\/title>\n<meta name=\"robots\" content=\"index, follow, max-snippet:-1, max-image-preview:large, max-video-preview:-1\" \/>\n<link rel=\"canonical\" href=\"https:\/\/ogofurniture.com\/de\/producto\/cactus-l-2\/\" \/>\n<meta property=\"og:locale\" content=\"de_DE\" \/>\n<meta property=\"og:type\" content=\"article\" \/>\n<meta property=\"og:title\" content=\"Cactus L - ogofurniture\" \/>\n<meta property=\"og:description\" content=\"Nicht so gut mit Pflanzen? Don&#039;t worry! Unser Cactus braucht keine Bew\u00e4sserung oder einen G\u00e4rtner. Stellen Sie sie auf Ihre Terrasse und genie\u00dfen Sie einfach die Aussicht! Not so good with plants? Don&#039;t worry! Our Cactus don&#039;t need watering or a gardener. Place them on your terrace and simply enjoy the views!  Mindestbestellmenge: 2 Cactus. Maximale Bestellung: 3 Cactus (Sie k\u00f6nnen sie in verschiedenen Gr\u00f6\u00dfen kombinieren). Inklusive Phenolholzsockel f\u00fcr jede 2\/3 Cactus Bestellung. Wenn Sie 2 Cactus bestellen, ist die Basis f\u00fcr 2 Cactus enthalten. Wenn Sie 3 Cactus bestellen, ist die Basis f\u00fcr 3 Cactus enthalten.\" \/>\n<meta property=\"og:url\" content=\"https:\/\/ogofurniture.com\/de\/producto\/cactus-l-2\/\" \/>\n<meta property=\"og:site_name\" content=\"ogofurniture\" \/>\n<meta property=\"article:modified_time\" content=\"2026-03-02T09:58:14+00:00\" \/>\n<meta property=\"og:image\" content=\"https:\/\/ogofurniture.com\/wp-content\/uploads\/2025\/01\/MNT1063-scaled.jpg\" \/>\n\t<meta property=\"og:image:width\" content=\"1707\" \/>\n\t<meta property=\"og:image:height\" content=\"2560\" \/>\n\t<meta property=\"og:image:type\" content=\"image\/jpeg\" \/>\n<meta name=\"twitter:card\" content=\"summary_large_image\" \/>\n<script type=\"application\/ld+json\" class=\"yoast-schema-graph\">{\"@context\":\"https:\\\/\\\/schema.org\",\"@graph\":[{\"@type\":[\"WebPage\",\"ItemPage\"],\"@id\":\"https:\\\/\\\/ogofurniture.com\\\/de\\\/producto\\\/cactus-l-2\\\/\",\"url\":\"https:\\\/\\\/ogofurniture.com\\\/de\\\/producto\\\/cactus-l-2\\\/\",\"name\":\"Cactus L - ogofurniture\",\"isPartOf\":{\"@id\":\"https:\\\/\\\/ogofurniture.com\\\/de\\\/#website\"},\"primaryImageOfPage\":{\"@id\":\"https:\\\/\\\/ogofurniture.com\\\/de\\\/producto\\\/cactus-l-2\\\/#primaryimage\"},\"image\":{\"@id\":\"https:\\\/\\\/ogofurniture.com\\\/de\\\/producto\\\/cactus-l-2\\\/#primaryimage\"},\"thumbnailUrl\":\"https:\\\/\\\/ogofurniture.com\\\/wp-content\\\/uploads\\\/2025\\\/01\\\/MNT1063-scaled.jpg\",\"datePublished\":\"2025-03-08T08:00:45+00:00\",\"dateModified\":\"2026-03-02T09:58:14+00:00\",\"breadcrumb\":{\"@id\":\"https:\\\/\\\/ogofurniture.com\\\/de\\\/producto\\\/cactus-l-2\\\/#breadcrumb\"},\"inLanguage\":\"de\",\"potentialAction\":[{\"@type\":\"ReadAction\",\"target\":[\"https:\\\/\\\/ogofurniture.com\\\/de\\\/producto\\\/cactus-l-2\\\/\"]}]},{\"@type\":\"ImageObject\",\"inLanguage\":\"de\",\"@id\":\"https:\\\/\\\/ogofurniture.com\\\/de\\\/producto\\\/cactus-l-2\\\/#primaryimage\",\"url\":\"https:\\\/\\\/ogofurniture.com\\\/wp-content\\\/uploads\\\/2025\\\/01\\\/MNT1063-scaled.jpg\",\"contentUrl\":\"https:\\\/\\\/ogofurniture.com\\\/wp-content\\\/uploads\\\/2025\\\/01\\\/MNT1063-scaled.jpg\",\"width\":1707,\"height\":2560,\"caption\":\"Cactus XL, a large, comfortable outdoor seating piece with a distinctive design.\"},{\"@type\":\"BreadcrumbList\",\"@id\":\"https:\\\/\\\/ogofurniture.com\\\/de\\\/producto\\\/cactus-l-2\\\/#breadcrumb\",\"itemListElement\":[{\"@type\":\"ListItem\",\"position\":1,\"name\":\"Shop\",\"item\":\"https:\\\/\\\/ogofurniture.com\\\/de\\\/shop\\\/\"},{\"@type\":\"ListItem\",\"position\":2,\"name\":\"Cactus L\"}]},{\"@type\":\"WebSite\",\"@id\":\"https:\\\/\\\/ogofurniture.com\\\/de\\\/#website\",\"url\":\"https:\\\/\\\/ogofurniture.com\\\/de\\\/\",\"name\":\"ogofurniture\",\"description\":\"In &amp; Out Furniture\",\"potentialAction\":[{\"@type\":\"SearchAction\",\"target\":{\"@type\":\"EntryPoint\",\"urlTemplate\":\"https:\\\/\\\/ogofurniture.com\\\/de\\\/?s={search_term_string}\"},\"query-input\":{\"@type\":\"PropertyValueSpecification\",\"valueRequired\":true,\"valueName\":\"search_term_string\"}}],\"inLanguage\":\"de\"}]}<\/script>\n<!-- \/ Yoast SEO plugin. -->","yoast_head_json":{"title":"Cactus L - ogofurniture","robots":{"index":"index","follow":"follow","max-snippet":"max-snippet:-1","max-image-preview":"max-image-preview:large","max-video-preview":"max-video-preview:-1"},"canonical":"https:\/\/ogofurniture.com\/de\/producto\/cactus-l-2\/","og_locale":"de_DE","og_type":"article","og_title":"Cactus L - ogofurniture","og_description":"Nicht so gut mit Pflanzen? Don't worry! Unser Cactus braucht keine Bew\u00e4sserung oder einen G\u00e4rtner. Stellen Sie sie auf Ihre Terrasse und genie\u00dfen Sie einfach die Aussicht! Not so good with plants? Don't worry! Our Cactus don't need watering or a gardener. Place them on your terrace and simply enjoy the views!  Mindestbestellmenge: 2 Cactus. Maximale Bestellung: 3 Cactus (Sie k\u00f6nnen sie in verschiedenen Gr\u00f6\u00dfen kombinieren). Inklusive Phenolholzsockel f\u00fcr jede 2\/3 Cactus Bestellung. Wenn Sie 2 Cactus bestellen, ist die Basis f\u00fcr 2 Cactus enthalten. Wenn Sie 3 Cactus bestellen, ist die Basis f\u00fcr 3 Cactus enthalten.","og_url":"https:\/\/ogofurniture.com\/de\/producto\/cactus-l-2\/","og_site_name":"ogofurniture","article_modified_time":"2026-03-02T09:58:14+00:00","og_image":[{"width":1707,"height":2560,"url":"https:\/\/ogofurniture.com\/wp-content\/uploads\/2025\/01\/MNT1063-scaled.jpg","type":"image\/jpeg"}],"twitter_card":"summary_large_image","schema":{"@context":"https:\/\/schema.org","@graph":[{"@type":["WebPage","ItemPage"],"@id":"https:\/\/ogofurniture.com\/de\/producto\/cactus-l-2\/","url":"https:\/\/ogofurniture.com\/de\/producto\/cactus-l-2\/","name":"Cactus L - ogofurniture","isPartOf":{"@id":"https:\/\/ogofurniture.com\/de\/#website"},"primaryImageOfPage":{"@id":"https:\/\/ogofurniture.com\/de\/producto\/cactus-l-2\/#primaryimage"},"image":{"@id":"https:\/\/ogofurniture.com\/de\/producto\/cactus-l-2\/#primaryimage"},"thumbnailUrl":"https:\/\/ogofurniture.com\/wp-content\/uploads\/2025\/01\/MNT1063-scaled.jpg","datePublished":"2025-03-08T08:00:45+00:00","dateModified":"2026-03-02T09:58:14+00:00","breadcrumb":{"@id":"https:\/\/ogofurniture.com\/de\/producto\/cactus-l-2\/#breadcrumb"},"inLanguage":"de","potentialAction":[{"@type":"ReadAction","target":["https:\/\/ogofurniture.com\/de\/producto\/cactus-l-2\/"]}]},{"@type":"ImageObject","inLanguage":"de","@id":"https:\/\/ogofurniture.com\/de\/producto\/cactus-l-2\/#primaryimage","url":"https:\/\/ogofurniture.com\/wp-content\/uploads\/2025\/01\/MNT1063-scaled.jpg","contentUrl":"https:\/\/ogofurniture.com\/wp-content\/uploads\/2025\/01\/MNT1063-scaled.jpg","width":1707,"height":2560,"caption":"Cactus XL, a large, comfortable outdoor seating piece with a distinctive design."},{"@type":"BreadcrumbList","@id":"https:\/\/ogofurniture.com\/de\/producto\/cactus-l-2\/#breadcrumb","itemListElement":[{"@type":"ListItem","position":1,"name":"Shop","item":"https:\/\/ogofurniture.com\/de\/shop\/"},{"@type":"ListItem","position":2,"name":"Cactus L"}]},{"@type":"WebSite","@id":"https:\/\/ogofurniture.com\/de\/#website","url":"https:\/\/ogofurniture.com\/de\/","name":"ogofurniture","description":"In &amp; Out Furniture","potentialAction":[{"@type":"SearchAction","target":{"@type":"EntryPoint","urlTemplate":"https:\/\/ogofurniture.com\/de\/?s={search_term_string}"},"query-input":{"@type":"PropertyValueSpecification","valueRequired":true,"valueName":"search_term_string"}}],"inLanguage":"de"}]}},"jetpack_sharing_enabled":true,"_links":{"self":[{"href":"https:\/\/ogofurniture.com\/de\/wp-json\/wp\/v2\/product\/12077","targetHints":{"allow":["GET"]}}],"collection":[{"href":"https:\/\/ogofurniture.com\/de\/wp-json\/wp\/v2\/product"}],"about":[{"href":"https:\/\/ogofurniture.com\/de\/wp-json\/wp\/v2\/types\/product"}],"replies":[{"embeddable":true,"href":"https:\/\/ogofurniture.com\/de\/wp-json\/wp\/v2\/comments?post=12077"}],"wp:featuredmedia":[{"embeddable":true,"href":"https:\/\/ogofurniture.com\/de\/wp-json\/wp\/v2\/media\/12048"}],"wp:attachment":[{"href":"https:\/\/ogofurniture.com\/de\/wp-json\/wp\/v2\/media?parent=12077"}],"wp:term":[{"taxonomy":"family","embeddable":true,"href":"https:\/\/ogofurniture.com\/de\/wp-json\/wp\/v2\/family?post=12077"},{"taxonomy":"product_brand","embeddable":true,"href":"https:\/\/ogofurniture.com\/de\/wp-json\/wp\/v2\/product_brand?post=12077"},{"taxonomy":"product_cat","embeddable":true,"href":"https:\/\/ogofurniture.com\/de\/wp-json\/wp\/v2\/product_cat?post=12077"},{"taxonomy":"product_tag","embeddable":true,"href":"https:\/\/ogofurniture.com\/de\/wp-json\/wp\/v2\/product_tag?post=12077"}],"curies":[{"name":"wp","href":"https:\/\/api.w.org\/{rel}","templated":true}]}}