{"id":13501,"date":"2023-11-03T12:01:51","date_gmt":"2023-11-03T12:01:51","guid":{"rendered":"https:\/\/ogofurniture.com\/?page_id=13501"},"modified":"2026-02-17T08:27:22","modified_gmt":"2026-02-17T08:27:22","slug":"cookie-richtlinie","status":"publish","type":"page","link":"https:\/\/ogofurniture.com\/de\/cookie-richtlinie\/","title":{"rendered":"Cookie-Richtlinie"},"content":{"rendered":"\n<p>Diese Website verwendet Cookies und \/ oder \u00e4hnliche Technologien, eigene und solche von Dritten, die Informationen speichern und abrufen, wenn Sie auf der Website surfen. Im Allgemeinen k\u00f6nnen diese Technologien sehr unterschiedlichen Zwecken dienen, z. &nbsp;B. &nbsp;der Erkennung Ihrer Person als Nutzer, der Erfassung von Informationen \u00fcber Ihre Surfgewohnheiten, statistischen Zwecken oder der Personalisierung der Darstellung von Inhalten. Diese Cookies und \/ oder \u00e4hnliche Technologien bieten dem Nutzer ein besseres Erlebnis.<\/p>\n\n\n\n<p>Nachstehend k\u00f6nnen Sie die auf dieser Website verwendeten Cookies und \/ oder \u00e4hnlichen Technologien einsehen und sie nach Ihren W\u00fcnschen verwalten.<\/p>\n\n\n\n<p><strong>EIGENE COOKIES<\/strong><\/p>\n\n\n\n<p><strong>Technisch oder notwendig &#8211; Diese Cookies werden immer aktiviert sein<\/strong><\/p>\n\n\n\n<p>Technische oder unbedingt notwendige Cookies sind solche, die es dem Nutzer erm\u00f6glichen, durch eine Website zu navigieren und die verschiedenen Optionen oder Dienste zu nutzen, die dort angeboten werden, wie z. &nbsp;B. &nbsp;die Kontrolle des Datenverkehrs und der Datenkommunikation, die Identifizierung der Sitzung, den Zugriff auf Teile mit eingeschr\u00e4nktem Zugang, die Speicherung der Elemente, aus denen eine Bestellung besteht, die Durchf\u00fchrung des Kaufprozesses einer Bestellung, die Verwaltung der Zahlung, die Kontrolle von Betrug im Zusammenhang mit der Sicherheit des Dienstes, die Beantragung der Registrierung oder der Teilnahme an einer Veranstaltung, die Verwendung von Sicherheitselementen w\u00e4hrend der Navigation, die Speicherung von Inhalten f\u00fcr die \u00dcbertragung von Videos oder Ton, die Aktivierung von dynamischen Inhalten (z. &nbsp;B. &nbsp;Animation des Ladens eines Textes oder Bildes), die Freigabe von Inhalten \u00fcber soziale Netzwerke oder die Anpassung der Benutzeroberfl\u00e4che, sofern der Nutzer die von ihm gew\u00fcnschten Anpassungsoptionen selbst ausw\u00e4hlt. Die Rechtsgrundlage, die diese Behandlung legitimiert, ist die Ausf\u00fchrung und Aufrechterhaltung der vom Nutzer gew\u00fcnschten Dienstleistung. Diese Cookies bleiben so lange aktiv, wie der Nutzer auf der Website bleibt.<\/p>\n\n\n\n<p><strong>Pr\u00e4ferenz oder Anpassung<\/strong><\/p>\n\n\n\n<p>Pr\u00e4ferenz- oder Personalisierungs-Cookies: &nbsp;Diese erm\u00f6glichen es der Benutzerin oder dem Benutzer, sich Informationen zu merken, damit er auf den Dienst mit bestimmten Merkmalen zugreifen kann, die seine Erfahrung von der anderer Benutzerinnen und Benutzer unterscheiden k\u00f6nnen, wie z. &nbsp;B. &nbsp;die Sprache, die Anzahl der Ergebnisse, die angezeigt werden, wenn die Benutzerin oder der Benutzer eine Suche durchf\u00fchrt, das Aussehen oder der Inhalt des Dienstes in Abh\u00e4ngigkeit von der Art des Browsers, \u00fcber den die Nutzerin oder der Nutzer auf den Dienst zugreift, oder der Region, aus der die Nutzerin oder der Nutzer auf den Dienst, etc. &nbsp;&nbsp;zugreift. &nbsp;Die Dauer dieser Cookies entspricht der Zeit, die der Nutzer auf der Website verbringt (Sitzung). Die Informationen werden ausschlie\u00dflich im Browser des Nutzers gespeichert und zu keinem anderen Zweck als zur Verwaltung der Pr\u00e4ferenzen des Nutzers verwendet. Die Rechtsgrundlage, die die Behandlung legitimiert, ist die ausdr\u00fcckliche Zustimmung des Nutzers.<\/p>\n\n\n\n<p><strong>Cookies von Drittanbietern<\/strong><\/p>\n\n\n\n<p><strong>Analyse oder Messung<\/strong><\/p>\n\n\n\n<p>Analytische oder Mess-Cookies: &nbsp;Diese erm\u00f6glichen es der verantwortlichen Person, das Verhalten der Nutzerinnen und Nutzer der Websites, mit denen sie verbunden sind, zu beobachten und zu analysieren, einschlie\u00dflich der Quantifizierung der Auswirkungen der Werbung. Die durch diese Art von Cookies gesammelten Informationen werden verwendet, um die Aktivit\u00e4t der Websites, Anwendungen oder Plattformen zu messen, um auf der Grundlage der Analyse der von der Nutzerin oder der Nutzerin oder dem Nutzer des Dienstes gemachten Angaben Verbesserungen vorzunehmen. Die Rechtsgrundlage, die die Behandlung legitimiert, ist die ausdr\u00fcckliche Zustimmung des Nutzers. Weitere Informationen \u00fcber diese Cookies und ihre Aufbewahrungsdauer erhalten Sie, wenn Sie dem Link &#8222;Weitere Informationen&#8220; folgen.<\/p>\n\n\n\n<p><strong>Weitere Informationen \u00fcber Dritte:<\/strong><\/p>\n\n\n\n<p>Google Analytics \u2013 Wie Google Cookies verwendet&nbsp; Arten von Cookies, die von Google verwendet werden. Verwendung von Google Analytics Cookies auf Websites.<\/p>\n\n\n\n<p><strong>Verhaltensbasierte Werbung<\/strong><\/p>\n\n\n\n<p>Cookies f\u00fcr verhaltensbasierte Werbung: &nbsp;Diese speichern Informationen \u00fcber das Nutzerverhalten, die durch kontinuierliche Beobachtung der Surfgewohnheiten gewonnen werden und die Entwicklung eines spezifischen Profils erm\u00f6glichen, um darauf basierende Werbung anzuzeigen. Die Rechtsgrundlage, die die Behandlung legitimiert, ist die ausdr\u00fcckliche Zustimmung des Nutzers. Weitere Informationen \u00fcber diese Cookies und ihre Aufbewahrungsdauer erhalten Sie, wenn Sie dem Link &#8222;Weitere Informationen&#8220; folgen.<\/p>\n\n\n\n<p><strong>Weitere Informationen \u00fcber Dritte:<\/strong><\/p>\n\n\n\n<p>Google AdSense: Wie Google Cookies verwendet. Arten von Cookies, die von Google verwendet werden. Google Advertising Cookies.<\/p>\n\n\n\n<p><strong>Erforderliche Cookies<\/strong><\/p>\n\n\n\n<figure class=\"wp-block-table\"><table><thead><tr><th>NAME<\/th><th>PATH<\/th><th>DESCRIPTION<\/th><th>ORIGIN<\/th><\/tr><\/thead><tbody><tr><td>\/_ga|_gid|_gat|_gac.+|AMP_TOKEN|__utm.+\/<\/td><td>\/<\/td><td>Google Analytics related cookies for tracking visits<\/td><td>google-analitycs.com<\/td><\/tr><tr><td>cookie-consent<\/td><td>\/<\/td><td>Stores the actual customer cookies consent configuration<\/td><td>No origin<\/td><\/tr><tr><td>PHPSESSID<\/td><td>\/<\/td><td>PHP internal cookie for storing sessions<\/td><td>No origin<\/td><\/tr><tr><td>frontend<\/td><td>\/<\/td><td>Internal cookie for server balancing<\/td><td>No origin<\/td><\/tr><tr><td>cookienotice<\/td><td>\/<\/td><td>Magento uses for knowing if cookie notice is shown<\/td><td>No origin<\/td><\/tr><tr><td>form_key<\/td><td>\/<\/td><td>Magento form key<\/td><td>No origin<\/td><\/tr><tr><td>\/mage-.+\/<\/td><td>\/<\/td><td>Magento related cookies<\/td><td>No origin<\/td><\/tr><tr><td>\/recently_.+\/<\/td><td>\/<\/td><td>Magento related to recently sections viewed<\/td><td>No origin<\/td><\/tr><tr><td>product_data_storage<\/td><td>\/<\/td><td>Magento product custom pricing per customer<\/td><td>No origin<\/td><\/tr><tr><td>add_to_cart<\/td><td>\/<\/td><td>Used by Google Tag Manager. Captures the product SKU, name, price and quantity removed from the cart, and makes the information available for future integration by third-party scripts.<\/td><td>No origin<\/td><\/tr><tr><td>remove_from_cart<\/td><td>\/<\/td><td>Used by Google Tag Manager. Captures the product SKU, name, price and quantity added to the cart, and makes the information available for future integration by third-party scripts.<\/td><td>No origin<\/td><\/tr><tr><td>guest-view<\/td><td>\/<\/td><td>Stores the Order ID that guest shoppers use to retrieve their order status. Guest orders view. Used in \u201cOrders and Returns\u201d widgets.<\/td><td>No origin<\/td><\/tr><tr><td>login_redirect<\/td><td>\/<\/td><td>Preserves the destination page that was loading before the customer was directed to log in. A login redirect is used with the mini cart for logged-in customers if the Display Mini Cart configuration option is set to Yes.<\/td><td>No origin<\/td><\/tr><tr><td>stf<\/td><td>\/<\/td><td>Records the time messages are sent by the SendFriend (Email a Friend) module.<\/td><td>No origin<\/td><\/tr><tr><td>X-Magento-Vary<\/td><td>\/<\/td><td>Configuration setting that improves performance when using Varnish static content caching.<\/td><td>No origin<\/td><\/tr><tr><td>private_content_version<\/td><td>\/<\/td><td>Appends a random, unique number and time to pages with customer content to prevent them from being cached on the server.<\/td><td>No origin<\/td><\/tr><tr><td>section_data_ids<\/td><td>\/<\/td><td>Stores customer-specific information related to shopper-initiated actions such as display wish list, checkout information, etc.<\/td><td>No origin<\/td><\/tr><tr><td>store<\/td><td>\/<\/td><td>Tracks the specific store view \/ locale selected by the shopper.<\/td><td>No origin<\/td><\/tr><tr><td>user_allowed_save_cookie<\/td><td>\/<\/td><td>Used for cookie restriction mode.<\/td><td>No origin<\/td><\/tr><tr><td>OGPC<\/td><td>\/<\/td><td>This cookie enables the functionality of Google Maps.<\/td><td>.google.com<\/td><\/tr><tr><td>CGIC<\/td><td>\/<\/td><td>Improves the delivery of search results by autocompleting search queries based on a user\u2019s initial input. This cookie lasts for 6 months.<\/td><td>.google.com<\/td><\/tr><tr><td>SIDCC<\/td><td>\/<\/td><td>They are used by Google to store user preferences and information while viewing pages with Google maps on them.<\/td><td>www.google.com<\/td><\/tr><tr><td>DV<\/td><td>\/<\/td><td>Google ReCaptcha stores a cookie to help detect whether the user is a robot or not (ensure security).<\/td><td>www.google.com<\/td><\/tr><tr><td>rocket_social_login_initial_link<\/td><td>\/<\/td><td>Allows the redirection after login\/register with social media.<\/td><td>No origin<\/td><\/tr><tr><td>geoip_store<\/td><td>\/<\/td><td>Used for display only once the store selector pop up<\/td><td>No origin<\/td><\/tr><tr><td>ampromo-popup<\/td><td>\/<\/td><td>Used for display only once the Amasty promo pop up<\/td><td>No origin<\/td><\/tr><tr><td>outdated_browser_popup<\/td><td>\/<\/td><td>Used for display only once the outdated browser pop up<\/td><td>No origin<\/td><\/tr><\/tbody><\/table><\/figure>\n\n\n\n<figure class=\"wp-block-table\"><table><thead><tr><th>NAME<\/th><th>PATH<\/th><th>DESCRIPTION<\/th><th>ORIGIN<\/th><\/tr><\/thead><tbody><tr><td>_fbp<\/td><td>\/<\/td><td>Used by Facebook to deliver a series of advertisement products such as real time bidding from third party advertisers.<\/td><td>facebook.com<\/td><\/tr><tr><td>fr<\/td><td>\/<\/td><td>Used by Facebook to deliver a series of advertisement products such as real time bidding from third party advertisers.<\/td><td>facebook.com<\/td><\/tr><tr><td>\/euds?\/<\/td><td>\/<\/td><td>Records anonymous user data, such as their IP address, geographic location, visited websites and which ads the user has clicked on<\/td><td>rocketfuel.com<\/td><\/tr><tr><td>pid<\/td><td>\/<\/td><td>SmartAdServer is a remote ad serving system. Sites and Advertisers are using the system to manage the delivery of their online advertising campaigns.<\/td><td>smartadserver.es<\/td><\/tr><tr><td>tluid<\/td><td>\/<\/td><td>This cookie is used to identify the visitor and optimize ad-relevance by collecting visitor data from multiple websites<\/td><td>triplelift.com<\/td><\/tr><tr><td>t_gid<\/td><td>\/<\/td><td>Assign a unique user ID that Taboola uses for attribution and reporting purposes<\/td><td>taboola.com<\/td><\/tr><tr><td>_uetsid<\/td><td>\/<\/td><td>Store and track visits across websites for Bing Ads<\/td><td>bing.xom<\/td><\/tr><tr><td>_uetvid<\/td><td>\/<\/td><td>Store and track visits across websites for Bing Ads<\/td><td>No origin<\/td><\/tr><tr><td>cto_bundle<\/td><td>\/<\/td><td>Used by criteo for provide functions across pages.<\/td><td>criteo.com<\/td><\/tr><tr><td>mailchimp_landing_page<\/td><td>\/<\/td><td>Identify the reference of arrival to the page<\/td><td>mailchimp.com<\/td><\/tr><tr><td>1P_JAR<\/td><td>\/<\/td><td>Google cookies for advertising<\/td><td>.google.es<\/td><\/tr><tr><td>1P_JAR<\/td><td>\/<\/td><td>Google cookies for advertising<\/td><td>.google.com<\/td><\/tr><tr><td>IDE<\/td><td>\/<\/td><td>Is used for advertising to show Google ads on non-Google sites<\/td><td>.google.com<\/td><\/tr><tr><td>\/.?NID\/<\/td><td>\/<\/td><td>Is used for advertising to show Google ads on non-Google sites<\/td><td>.google.com<\/td><\/tr><tr><td>\/__Secure\\-\/<\/td><td>\/<\/td><td>Advertising. These cookies are used to deliver advertisements more relevant to you and your interests.<\/td><td>.google.com<\/td><\/tr><tr><td>\/.*SID\/<\/td><td>\/<\/td><td>Are used for advertising to show Google ads on non-Google sites<\/td><td>.google.com<\/td><\/tr><\/tbody><\/table><\/figure>\n\n\n\n<p><strong>COOKIES DEAKTIVIEREN<\/strong><\/p>\n\n\n\n<p>Sie k\u00f6nnen Cookies \u00fcber das Men\u00fc &#8222;Cookie-Einstellungen&#8220; der Website deaktivieren. Sie k\u00f6nnen Cookies auch aktivieren oder deaktivieren und Ihre Browsing-Daten (einschlie\u00dflich Cookies) aus dem von Ihnen verwendeten Browser l\u00f6schen. Folgen Sie diesen Links, um zu erfahren, wie Sie Cookies in Ihrem Browser deaktivieren k\u00f6nnen:<\/p>\n\n\n\n<ul class=\"wp-block-list\">\n<li><a href=\"https:\/\/support.apple.com\/en-en\/guide\/safari\/sfri11471\/mac\">Safari<\/a><\/li>\n\n\n\n<li><a href=\"https:\/\/support.google.com\/chrome\/answer\/95647?hl=en\">Chrome<\/a><\/li>\n\n\n\n<li><a href=\"https:\/\/support.microsoft.com\/en-en\/windows\/eliminar-y-administrar-cookies-168dab11-0753-043d-7c16-ede5947fc64d\">Internet Explorer<\/a><\/li>\n\n\n\n<li><a href=\"https:\/\/support.mozilla.org\/en\/kb\/habilitar-y-deshabilitar-cookies-sitios-web-rastrear-preferencias\">Mozilla Firefox<\/a><\/li>\n<\/ul>\n","protected":false},"excerpt":{"rendered":"<p>Diese Website verwendet Cookies und \/ oder \u00e4hnliche Technologien, eigene und solche von Dritten, die Informationen speichern und abrufen, wenn Sie auf der Website surfen. Im Allgemeinen k\u00f6nnen diese Technologien sehr unterschiedlichen Zwecken dienen, z. &nbsp;B. &nbsp;der Erkennung Ihrer Person als Nutzer, der Erfassung von Informationen \u00fcber Ihre Surfgewohnheiten, statistischen Zwecken oder der Personalisierung der &hellip; <a href=\"https:\/\/ogofurniture.com\/de\/cookie-richtlinie\/\">Continued<\/a><\/p>\n","protected":false},"author":9,"featured_media":0,"parent":0,"menu_order":0,"comment_status":"closed","ping_status":"closed","template":"template-legal.blade.php","meta":{"footnotes":""},"class_list":["post-13501","page","type-page","status-publish","hentry"],"acf":[],"yoast_head":"<!-- This site is optimized with the Yoast SEO plugin v27.4 - https:\/\/yoast.com\/product\/yoast-seo-wordpress\/ -->\n<title>Cookie-Richtlinie - ogofurniture<\/title>\n<meta name=\"robots\" content=\"index, follow, max-snippet:-1, max-image-preview:large, max-video-preview:-1\" \/>\n<link rel=\"canonical\" href=\"https:\/\/ogofurniture.com\/de\/cookie-richtlinie\/\" \/>\n<meta property=\"og:locale\" content=\"de_DE\" \/>\n<meta property=\"og:type\" content=\"article\" \/>\n<meta property=\"og:title\" content=\"Cookie-Richtlinie - ogofurniture\" \/>\n<meta property=\"og:description\" content=\"Diese Website verwendet Cookies und \/ oder \u00e4hnliche Technologien, eigene und solche von Dritten, die Informationen speichern und abrufen, wenn Sie auf der Website surfen. Im Allgemeinen k\u00f6nnen diese Technologien sehr unterschiedlichen Zwecken dienen, z. &nbsp;B. &nbsp;der Erkennung Ihrer Person als Nutzer, der Erfassung von Informationen \u00fcber Ihre Surfgewohnheiten, statistischen Zwecken oder der Personalisierung der &hellip; Continued\" \/>\n<meta property=\"og:url\" content=\"https:\/\/ogofurniture.com\/de\/cookie-richtlinie\/\" \/>\n<meta property=\"og:site_name\" content=\"ogofurniture\" \/>\n<meta property=\"article:modified_time\" content=\"2026-02-17T08:27:22+00:00\" \/>\n<meta name=\"twitter:card\" content=\"summary_large_image\" \/>\n<meta name=\"twitter:label1\" content=\"Gesch\u00e4tzte Lesezeit\" \/>\n\t<meta name=\"twitter:data1\" content=\"7\u00a0Minuten\" \/>\n<script type=\"application\/ld+json\" class=\"yoast-schema-graph\">{\"@context\":\"https:\\\/\\\/schema.org\",\"@graph\":[{\"@type\":\"WebPage\",\"@id\":\"https:\\\/\\\/ogofurniture.com\\\/de\\\/cookie-richtlinie\\\/\",\"url\":\"https:\\\/\\\/ogofurniture.com\\\/de\\\/cookie-richtlinie\\\/\",\"name\":\"Cookie-Richtlinie - ogofurniture\",\"isPartOf\":{\"@id\":\"https:\\\/\\\/ogofurniture.com\\\/de\\\/#website\"},\"datePublished\":\"2023-11-03T12:01:51+00:00\",\"dateModified\":\"2026-02-17T08:27:22+00:00\",\"inLanguage\":\"de\",\"potentialAction\":[{\"@type\":\"ReadAction\",\"target\":[\"https:\\\/\\\/ogofurniture.com\\\/de\\\/cookie-richtlinie\\\/\"]}]},{\"@type\":\"WebSite\",\"@id\":\"https:\\\/\\\/ogofurniture.com\\\/de\\\/#website\",\"url\":\"https:\\\/\\\/ogofurniture.com\\\/de\\\/\",\"name\":\"ogofurniture\",\"description\":\"In &amp; Out Furniture\",\"potentialAction\":[{\"@type\":\"SearchAction\",\"target\":{\"@type\":\"EntryPoint\",\"urlTemplate\":\"https:\\\/\\\/ogofurniture.com\\\/de\\\/?s={search_term_string}\"},\"query-input\":{\"@type\":\"PropertyValueSpecification\",\"valueRequired\":true,\"valueName\":\"search_term_string\"}}],\"inLanguage\":\"de\"}]}<\/script>\n<!-- \/ Yoast SEO plugin. -->","yoast_head_json":{"title":"Cookie-Richtlinie - ogofurniture","robots":{"index":"index","follow":"follow","max-snippet":"max-snippet:-1","max-image-preview":"max-image-preview:large","max-video-preview":"max-video-preview:-1"},"canonical":"https:\/\/ogofurniture.com\/de\/cookie-richtlinie\/","og_locale":"de_DE","og_type":"article","og_title":"Cookie-Richtlinie - ogofurniture","og_description":"Diese Website verwendet Cookies und \/ oder \u00e4hnliche Technologien, eigene und solche von Dritten, die Informationen speichern und abrufen, wenn Sie auf der Website surfen. Im Allgemeinen k\u00f6nnen diese Technologien sehr unterschiedlichen Zwecken dienen, z. &nbsp;B. &nbsp;der Erkennung Ihrer Person als Nutzer, der Erfassung von Informationen \u00fcber Ihre Surfgewohnheiten, statistischen Zwecken oder der Personalisierung der &hellip; Continued","og_url":"https:\/\/ogofurniture.com\/de\/cookie-richtlinie\/","og_site_name":"ogofurniture","article_modified_time":"2026-02-17T08:27:22+00:00","twitter_card":"summary_large_image","twitter_misc":{"Gesch\u00e4tzte Lesezeit":"7\u00a0Minuten"},"schema":{"@context":"https:\/\/schema.org","@graph":[{"@type":"WebPage","@id":"https:\/\/ogofurniture.com\/de\/cookie-richtlinie\/","url":"https:\/\/ogofurniture.com\/de\/cookie-richtlinie\/","name":"Cookie-Richtlinie - ogofurniture","isPartOf":{"@id":"https:\/\/ogofurniture.com\/de\/#website"},"datePublished":"2023-11-03T12:01:51+00:00","dateModified":"2026-02-17T08:27:22+00:00","inLanguage":"de","potentialAction":[{"@type":"ReadAction","target":["https:\/\/ogofurniture.com\/de\/cookie-richtlinie\/"]}]},{"@type":"WebSite","@id":"https:\/\/ogofurniture.com\/de\/#website","url":"https:\/\/ogofurniture.com\/de\/","name":"ogofurniture","description":"In &amp; Out Furniture","potentialAction":[{"@type":"SearchAction","target":{"@type":"EntryPoint","urlTemplate":"https:\/\/ogofurniture.com\/de\/?s={search_term_string}"},"query-input":{"@type":"PropertyValueSpecification","valueRequired":true,"valueName":"search_term_string"}}],"inLanguage":"de"}]}},"jetpack_sharing_enabled":true,"_links":{"self":[{"href":"https:\/\/ogofurniture.com\/de\/wp-json\/wp\/v2\/pages\/13501","targetHints":{"allow":["GET"]}}],"collection":[{"href":"https:\/\/ogofurniture.com\/de\/wp-json\/wp\/v2\/pages"}],"about":[{"href":"https:\/\/ogofurniture.com\/de\/wp-json\/wp\/v2\/types\/page"}],"author":[{"embeddable":true,"href":"https:\/\/ogofurniture.com\/de\/wp-json\/wp\/v2\/users\/9"}],"replies":[{"embeddable":true,"href":"https:\/\/ogofurniture.com\/de\/wp-json\/wp\/v2\/comments?post=13501"}],"version-history":[{"count":1,"href":"https:\/\/ogofurniture.com\/de\/wp-json\/wp\/v2\/pages\/13501\/revisions"}],"predecessor-version":[{"id":13502,"href":"https:\/\/ogofurniture.com\/de\/wp-json\/wp\/v2\/pages\/13501\/revisions\/13502"}],"wp:attachment":[{"href":"https:\/\/ogofurniture.com\/de\/wp-json\/wp\/v2\/media?parent=13501"}],"curies":[{"name":"wp","href":"https:\/\/api.w.org\/{rel}","templated":true}]}}