{"id":13499,"date":"2023-11-03T14:32:47","date_gmt":"2023-11-03T14:32:47","guid":{"rendered":"https:\/\/ogofurniture.com\/?page_id=13499"},"modified":"2026-02-17T08:23:32","modified_gmt":"2026-02-17T08:23:32","slug":"ruecksendungen-und-umtausch","status":"publish","type":"page","link":"https:\/\/ogofurniture.com\/de\/ruecksendungen-und-umtausch\/","title":{"rendered":"R\u00fccksendungen und Umtausch"},"content":{"rendered":"\n<p>Schreiben Sie an orders@ogofurniture.com, wenn Sie ein Produkt umtauschen oder zur\u00fcckgeben m\u00f6chten.<\/p>\n\n\n\n<ol class=\"wp-block-list\">\n<li><strong>R\u00fcckgabe und Umtausch<\/strong><\/li>\n<\/ol>\n\n\n\n<p>Recht auf Widerruf<\/p>\n\n\n\n<p>Der Kunde hat das Recht, innerhalb einer Frist von 30 Kalendertagen ohne Angabe von Gr\u00fcnden von diesem Vertrag zur\u00fcckzutreten.<\/p>\n\n\n\n<p>Die Widerrufsfrist endet 30 Kalendertage nach dem Tag, an dem der Kunde oder ein von ihm benannter Dritter, der nicht der Bef\u00f6rderer ist, die Waren in Besitz genommen hat, oder, falls die Waren, aus denen seine Bestellung besteht, getrennt geliefert werden, 30 Kalendertage nach dem Tag, an dem der Kunde oder ein von ihm benannter Dritter, der nicht der Bef\u00f6rderer ist, die letzte dieser Waren in Besitz genommen hat.<\/p>\n\n\n\n<p>Um Ihr Widerrufsrecht auszu\u00fcben, m\u00fcssen Sie uns Ihre Entscheidung zum Widerruf des Vertrags durch eine eindeutige Erkl\u00e4rung per E-Mail an pedidos@ogofurniture.com mitteilen.<\/p>\n\n\n\n<p>Der Kunde muss die gekauften Produkte unverz\u00fcglich, sp\u00e4testens jedoch innerhalb von 14 Kalendertagen ab dem Tag, an dem er seine Entscheidung zum R\u00fccktritt vom Vertrag mitgeteilt hat, an uns zur\u00fccksenden. Die Frist ist gewahrt, wenn Sie die Waren vor Ablauf der Frist zur\u00fccksenden.<\/p>\n\n\n\n<p><strong>2. Versandbedingungen<\/strong><\/p>\n\n\n\n<p>Der Kunde ist daf\u00fcr verantwortlich, die Anzahl der erhaltenen Pakete und deren Zustand zu \u00fcberpr\u00fcfen und nach Pr\u00fcfung der Ware zu entscheiden, ob er die Lieferung annimmt oder nicht. &nbsp;Bei Besch\u00e4digung des Artikels darf dieser nicht angenommen und der Lieferschein nicht unterschrieben werden. Es ist nicht zul\u00e4ssig, Notizen zu hinterlassen oder darauf hinzuweisen, dass eine \u00dcberpr\u00fcfung noch aussteht. Im Sinne dieser Bedingungen gilt die Lieferung als in dem Moment erfolgt, in dem der Kunde oder ein von ihm benannter Dritter den materiellen Besitz an den Produkten erlangt, was durch die Unterzeichnung des Auftragseingangs in der vereinbarten Form best\u00e4tigt wird.<\/p>\n\n\n\n<p>Im Falle von Sch\u00e4den oder nicht sichtbaren M\u00e4ngeln betr\u00e4gt die Reklamationsfrist 7 Tage ab Lieferung. Der Kunde muss einen schriftlichen Bericht und gegebenenfalls Fotos \u00fcber die von ihm wahrgenommenen Sch\u00e4den oder Vorf\u00e4lle vorlegen. Der Antrag kann gestellt werden, indem die Unterlagen per E-Mail an die Adresse&nbsp; pedidos@ogofurniture.com geschickt werden. In allen F\u00e4llen m\u00fcssen die Antr\u00e4ge die f\u00fcr die Untersuchung beschriebenen Informationen enthalten. Nach Ablauf dieser Frist wird davon ausgegangen, dass das Produkt in einwandfreiem Zustand angekommen ist.<\/p>\n\n\n\n<p><strong>3. Gesetzliche Garantie<\/strong><\/p>\n\n\n\n<p>Der Benutzer hat eine dreij\u00e4hrige Garantiezeit ab der Lieferung des Produkts. Diese Garantie erstreckt sich nicht auf M\u00e4ngel, die durch Fahrl\u00e4ssigkeit, Schl\u00e4ge\/St\u00f6\u00dfe, Benutzung oder unsachgem\u00e4\u00dfe Manipulationen durch den Benutzer verursacht wurden. Bis zum Beweis des Gegenteils wird davon ausgegangen, dass jede Vertragswidrigkeit, die sich in den 2 Jahren nach der Lieferung des Produkts manifestiert, bereits bei der Lieferung des Artikels bestand.<\/p>\n\n\n\n<p>Um diese Garantie in Anspruch zu nehmen, setzen Sie sich bitte mit uns in Verbindung, um die R\u00fccksendung des \/ der Artikel(s) an unsere Werkstatt zur Beurteilung zu vereinbaren. Sollte der Schaden auf Herstellungsfehler oder Materialm\u00e4ngel zur\u00fcckzuf\u00fchren sein, wird OGO Furniture alle logistischen Kosten \u00fcbernehmen und nach Ihrem Ermessen entweder einen Ersatz oder eine vollst\u00e4ndige R\u00fcckerstattung vornehmen.<\/p>\n\n\n\n<p>Wird bei der Bewertung festgestellt, dass der Schaden auf Fahrl\u00e4ssigkeit, St\u00f6\u00dfe oder unsachgem\u00e4\u00dfe Handhabung zur\u00fcckzuf\u00fchren ist, kann der Nutzer die Abholung des Artikels auf eigene Kosten veranlassen. In solchen F\u00e4llen besteht kein Anspruch auf Erstattung oder Ersatz.<\/p>\n\n\n\n<ol class=\"wp-block-list\"><\/ol>\n\n\n\n<p><\/p>\n","protected":false},"excerpt":{"rendered":"<p>Schreiben Sie an orders@ogofurniture.com, wenn Sie ein Produkt umtauschen oder zur\u00fcckgeben m\u00f6chten. Recht auf Widerruf Der Kunde hat das Recht, innerhalb einer Frist von 30 Kalendertagen ohne Angabe von Gr\u00fcnden von diesem Vertrag zur\u00fcckzutreten. Die Widerrufsfrist endet 30 Kalendertage nach dem Tag, an dem der Kunde oder ein von ihm benannter Dritter, der nicht der &hellip; <a href=\"https:\/\/ogofurniture.com\/de\/ruecksendungen-und-umtausch\/\">Continued<\/a><\/p>\n","protected":false},"author":9,"featured_media":0,"parent":0,"menu_order":0,"comment_status":"closed","ping_status":"closed","template":"template-legal.blade.php","meta":{"footnotes":""},"class_list":["post-13499","page","type-page","status-publish","hentry"],"acf":[],"yoast_head":"<!-- This site is optimized with the Yoast SEO plugin v27.4 - https:\/\/yoast.com\/product\/yoast-seo-wordpress\/ -->\n<title>R\u00fccksendungen und Umtausch - ogofurniture<\/title>\n<meta name=\"robots\" content=\"index, follow, max-snippet:-1, max-image-preview:large, max-video-preview:-1\" \/>\n<link rel=\"canonical\" href=\"https:\/\/ogofurniture.com\/de\/ruecksendungen-und-umtausch\/\" \/>\n<meta property=\"og:locale\" content=\"de_DE\" \/>\n<meta property=\"og:type\" content=\"article\" \/>\n<meta property=\"og:title\" content=\"R\u00fccksendungen und Umtausch - ogofurniture\" \/>\n<meta property=\"og:description\" content=\"Schreiben Sie an orders@ogofurniture.com, wenn Sie ein Produkt umtauschen oder zur\u00fcckgeben m\u00f6chten. Recht auf Widerruf Der Kunde hat das Recht, innerhalb einer Frist von 30 Kalendertagen ohne Angabe von Gr\u00fcnden von diesem Vertrag zur\u00fcckzutreten. Die Widerrufsfrist endet 30 Kalendertage nach dem Tag, an dem der Kunde oder ein von ihm benannter Dritter, der nicht der &hellip; Continued\" \/>\n<meta property=\"og:url\" content=\"https:\/\/ogofurniture.com\/de\/ruecksendungen-und-umtausch\/\" \/>\n<meta property=\"og:site_name\" content=\"ogofurniture\" \/>\n<meta property=\"article:modified_time\" content=\"2026-02-17T08:23:32+00:00\" \/>\n<meta name=\"twitter:card\" content=\"summary_large_image\" \/>\n<meta name=\"twitter:label1\" content=\"Gesch\u00e4tzte Lesezeit\" \/>\n\t<meta name=\"twitter:data1\" content=\"3\u00a0Minuten\" \/>\n<script type=\"application\/ld+json\" class=\"yoast-schema-graph\">{\"@context\":\"https:\\\/\\\/schema.org\",\"@graph\":[{\"@type\":\"WebPage\",\"@id\":\"https:\\\/\\\/ogofurniture.com\\\/de\\\/ruecksendungen-und-umtausch\\\/\",\"url\":\"https:\\\/\\\/ogofurniture.com\\\/de\\\/ruecksendungen-und-umtausch\\\/\",\"name\":\"R\u00fccksendungen und Umtausch - ogofurniture\",\"isPartOf\":{\"@id\":\"https:\\\/\\\/ogofurniture.com\\\/de\\\/#website\"},\"datePublished\":\"2023-11-03T14:32:47+00:00\",\"dateModified\":\"2026-02-17T08:23:32+00:00\",\"inLanguage\":\"de\",\"potentialAction\":[{\"@type\":\"ReadAction\",\"target\":[\"https:\\\/\\\/ogofurniture.com\\\/de\\\/ruecksendungen-und-umtausch\\\/\"]}]},{\"@type\":\"WebSite\",\"@id\":\"https:\\\/\\\/ogofurniture.com\\\/de\\\/#website\",\"url\":\"https:\\\/\\\/ogofurniture.com\\\/de\\\/\",\"name\":\"ogofurniture\",\"description\":\"In &amp; Out Furniture\",\"potentialAction\":[{\"@type\":\"SearchAction\",\"target\":{\"@type\":\"EntryPoint\",\"urlTemplate\":\"https:\\\/\\\/ogofurniture.com\\\/de\\\/?s={search_term_string}\"},\"query-input\":{\"@type\":\"PropertyValueSpecification\",\"valueRequired\":true,\"valueName\":\"search_term_string\"}}],\"inLanguage\":\"de\"}]}<\/script>\n<!-- \/ Yoast SEO plugin. -->","yoast_head_json":{"title":"R\u00fccksendungen und Umtausch - ogofurniture","robots":{"index":"index","follow":"follow","max-snippet":"max-snippet:-1","max-image-preview":"max-image-preview:large","max-video-preview":"max-video-preview:-1"},"canonical":"https:\/\/ogofurniture.com\/de\/ruecksendungen-und-umtausch\/","og_locale":"de_DE","og_type":"article","og_title":"R\u00fccksendungen und Umtausch - ogofurniture","og_description":"Schreiben Sie an orders@ogofurniture.com, wenn Sie ein Produkt umtauschen oder zur\u00fcckgeben m\u00f6chten. Recht auf Widerruf Der Kunde hat das Recht, innerhalb einer Frist von 30 Kalendertagen ohne Angabe von Gr\u00fcnden von diesem Vertrag zur\u00fcckzutreten. Die Widerrufsfrist endet 30 Kalendertage nach dem Tag, an dem der Kunde oder ein von ihm benannter Dritter, der nicht der &hellip; Continued","og_url":"https:\/\/ogofurniture.com\/de\/ruecksendungen-und-umtausch\/","og_site_name":"ogofurniture","article_modified_time":"2026-02-17T08:23:32+00:00","twitter_card":"summary_large_image","twitter_misc":{"Gesch\u00e4tzte Lesezeit":"3\u00a0Minuten"},"schema":{"@context":"https:\/\/schema.org","@graph":[{"@type":"WebPage","@id":"https:\/\/ogofurniture.com\/de\/ruecksendungen-und-umtausch\/","url":"https:\/\/ogofurniture.com\/de\/ruecksendungen-und-umtausch\/","name":"R\u00fccksendungen und Umtausch - ogofurniture","isPartOf":{"@id":"https:\/\/ogofurniture.com\/de\/#website"},"datePublished":"2023-11-03T14:32:47+00:00","dateModified":"2026-02-17T08:23:32+00:00","inLanguage":"de","potentialAction":[{"@type":"ReadAction","target":["https:\/\/ogofurniture.com\/de\/ruecksendungen-und-umtausch\/"]}]},{"@type":"WebSite","@id":"https:\/\/ogofurniture.com\/de\/#website","url":"https:\/\/ogofurniture.com\/de\/","name":"ogofurniture","description":"In &amp; Out Furniture","potentialAction":[{"@type":"SearchAction","target":{"@type":"EntryPoint","urlTemplate":"https:\/\/ogofurniture.com\/de\/?s={search_term_string}"},"query-input":{"@type":"PropertyValueSpecification","valueRequired":true,"valueName":"search_term_string"}}],"inLanguage":"de"}]}},"jetpack_sharing_enabled":true,"_links":{"self":[{"href":"https:\/\/ogofurniture.com\/de\/wp-json\/wp\/v2\/pages\/13499","targetHints":{"allow":["GET"]}}],"collection":[{"href":"https:\/\/ogofurniture.com\/de\/wp-json\/wp\/v2\/pages"}],"about":[{"href":"https:\/\/ogofurniture.com\/de\/wp-json\/wp\/v2\/types\/page"}],"author":[{"embeddable":true,"href":"https:\/\/ogofurniture.com\/de\/wp-json\/wp\/v2\/users\/9"}],"replies":[{"embeddable":true,"href":"https:\/\/ogofurniture.com\/de\/wp-json\/wp\/v2\/comments?post=13499"}],"version-history":[{"count":1,"href":"https:\/\/ogofurniture.com\/de\/wp-json\/wp\/v2\/pages\/13499\/revisions"}],"predecessor-version":[{"id":13500,"href":"https:\/\/ogofurniture.com\/de\/wp-json\/wp\/v2\/pages\/13499\/revisions\/13500"}],"wp:attachment":[{"href":"https:\/\/ogofurniture.com\/de\/wp-json\/wp\/v2\/media?parent=13499"}],"curies":[{"name":"wp","href":"https:\/\/api.w.org\/{rel}","templated":true}]}}