{"id":13495,"date":"2023-11-03T12:56:58","date_gmt":"2023-11-03T12:56:58","guid":{"rendered":"https:\/\/ogofurniture.com\/?page_id=13495"},"modified":"2026-02-17T08:18:29","modified_gmt":"2026-02-17T08:18:29","slug":"rechtliche-hinweise-und-allgemeine-verkaufsbedingungen","status":"publish","type":"page","link":"https:\/\/ogofurniture.com\/de\/rechtliche-hinweise-und-allgemeine-verkaufsbedingungen\/","title":{"rendered":"Rechtliche Hinweise und allgemeine Verkaufsbedingungen"},"content":{"rendered":"\n<p>Dieses Dokument (zusammen mit allen beigef\u00fcgten Dokumenten) legt die Bedingungen f\u00fcr die Nutzung dieser Website (www.ogofurniture.com) und den Kauf von Produkten auf dieser Website fest (im Folgenden &#8222;Bedingungen&#8220; genannt). Wir bitten Sie, diese Bedingungen sowie unsere Datenschutz- und Cookie-Richtlinien vor der Nutzung dieser Website sorgf\u00e4ltig zu lesen. Durch die Nutzung dieser Website oder die Aufgabe einer Bestellung \u00fcber diese Website best\u00e4tigt der Nutzer, dass er sich des Zugangs und der Existenz dieser allgemeinen Verkaufsbedingungen sowie der Datenschutz- und Cookie-Politik bewusst ist, und erkl\u00e4rt sich damit einverstanden, an diese gebunden zu sein. Zu diesem Zweck gilt jede Person, die diese Website besucht oder nutzt, als &#8222;Nutzer&#8220;, unabh\u00e4ngig davon, ob sie ein auf dieser Website angebotenes Produkt kauft oder nicht.<\/p>\n\n\n\n<ol class=\"wp-block-list\">\n<li><strong>Datenschutzrichtlinie<\/strong><\/li>\n<\/ol>\n\n\n\n<p>Cookie-Richtlinie<\/p>\n\n\n\n<p>Bei Fragen zu dieser Politik k\u00f6nnen Sie sich an die in diesen Bedingungen angegebenen Kontaktm\u00f6glichkeiten wenden.<\/p>\n\n\n\n<p>1TAPIZA, S. L. (OGO Furniture) kann diese Allgemeinen Einkaufsbedingungen sowie die Nutzungsbedingungen und die Datenschutz- und Cookie-Richtlinien \u00e4ndern.<\/p>\n\n\n\n<p>Der Kauf- und Verkaufsvertrag f\u00fcr die auf der Website angebotenen Produkte wird in englischer Sprache abgefasst.<\/p>\n\n\n\n<p>Der Nutzer kann diese Vertragsbedingungen ausdrucken und archivieren, um sie vor dem Vertragsabschluss und w\u00e4hrend des Kaufvorgangs einzusehen.<\/p>\n\n\n\n<p><strong>2. Unsere Daten<br><\/strong>Der Verkauf von Artikeln \u00fcber diese Website erfolgt unter der Marke OGO Furniture durch die Firma 1TAPIZA, S. L, ein spanisches Unternehmen mit der StrNr. B96939798. Anschrift: Carrer Argenters, 31. \u2013 Poligono Industrial el Alter \u2013 46290 Alc\u00e8sser(Val\u00e8ncia).<\/p>\n\n\n\n<p>Registrierung: Eingetragen im Handelsregister von Valencia, Volume 6515, Book 3820, Folio 155, Abschnitt 8, Blatt V-69489- Im Falle eines Rechtsstreits unterwirft sich der K\u00e4ufer der Gerichtsbarkeit der Gerichte von Picassent und verzichtet auf seine eigene.<\/p>\n\n\n\n<p>Telefon: (+34) 961 241 764 Fax: (+34) 961 242 575<\/p>\n\n\n\n<p>E-Mail: pedidos@ogofurniture.com\/export@ogofurniture.com<\/p>\n\n\n\n<p>E-Mail zur Aus\u00fcbung der Rechte zum Schutz personenbezogener Daten: pedidos@ogofurniture.com<\/p>\n\n\n\n<p><strong>3. Zweck der Website<br><\/strong>Diese Website bietet einen Katalog von OGO Furniture Produkten, die von den Nutzern durch Online-Kauf erworben werden k\u00f6nnen. Wenn ein Nutzer ein Produkt von OGO Furniture erwirbt, gilt er im Sinne dieser Bedingungen als &#8222;Kunde&#8220;.<\/p>\n\n\n\n<p>Infolgedessen regeln diese Bedingungen den Verkauf der Produkte, die im Katalog auf dieser Website enthalten sind, ohne dass ihre Installation Gegenstand dieser Bedingungen ist, die direkt vom Kunden unter Beachtung der jedem Produkt beiliegenden Anweisungen durchgef\u00fchrt werden muss.<\/p>\n\n\n\n<p>Die auf dieser Website enthaltenen Bilder wurden digital erstellt und versuchen, das Endergebnis der M\u00f6bel so getreu wie m\u00f6glich darzustellen, obwohl das Produkt, das der Kunde zu Hause erh\u00e4lt, leichte Abweichungen im Farbton, in der Beschaffenheit der Materialien, etc. aufweisen kann.<\/p>\n\n\n\n<p><strong>4. Kundendaten<br><\/strong>Die Informationen und pers\u00f6nlichen Daten, die uns der Kunde zur Verf\u00fcgung stellt, werden gem\u00e4\u00df den Bestimmungen unserer Datenschutz- und Cookie-Richtlinie behandelt. Durch die Nutzung dieser Website erkl\u00e4rt sich der Kunde mit der Verarbeitung dieser Informationen und Daten einverstanden und erkl\u00e4rt, dass alle uns zur Verf\u00fcgung gestellten Informationen und Daten wahrheitsgem\u00e4\u00df sind und der Realit\u00e4t entsprechen. Wenn der Kunde nicht alle erforderlichen Angaben macht, kann seine Bestellung nicht bearbeitet werden.<\/p>\n\n\n\n<p>Der Kunde wird ausdr\u00fccklich darauf hingewiesen, dass seine Versanddaten ausschlie\u00dflich zu diesem Zweck an das Transportunternehmen weitergegeben werden, das die Lieferung der gekauften Produkte vornimmt.<\/p>\n\n\n\n<p><strong>5. Nutzung der Website durch den Kunden<br><\/strong>Der Kunde verpflichtet sich, keine falschen oder betr\u00fcgerischen Bestellungen aufzugeben, und unter diesen Umst\u00e4nden beh\u00e4lt sich OGO Furniture das Recht vor, die Bestellung zu stornieren und die entsprechenden Ma\u00dfnahmen zu ergreifen, einschlie\u00dflich der Benachrichtigung der zust\u00e4ndigen Beh\u00f6rden.<\/p>\n\n\n\n<p>Diese Online-Shopping-Website richtet sich an Erwachsene. Minderj\u00e4hrige sind nicht befugt, sie zu nutzen, und sollten daher ihre pers\u00f6nlichen Daten nicht an OGO Furniture senden. Der Nutzer dieser Website erkl\u00e4rt, dass er \u00fcber 18 Jahre alt ist und \u00fcber die erforderliche und ausreichende Rechts- und Gesch\u00e4ftsf\u00e4higkeit verf\u00fcgt, um Vertr\u00e4ge mit wirtschaftlichem Inhalt zu schlie\u00dfen. OGO Furniture ist nicht f\u00fcr die Nichteinhaltung dieser Klausel durch Nutzer und Kunden verantwortlich.<\/p>\n\n\n\n<ol start=\"6\" class=\"wp-block-list\">\n<li><strong>Kaufprozess<\/strong><\/li>\n<\/ol>\n\n\n\n<p>Um eine Bestellung aufzugeben, muss der Kunde die gew\u00fcnschten Produkte aus dem Angebot auf der Website ausw\u00e4hlen und sie in den Warenkorb legen. Zu jedem Produkt gibt es eine ausf\u00fchrliche Beschreibung, so dass davon ausgegangen wird, dass der Kunde diese gelesen und die Eigenschaften des Produkts verstanden hat, bevor er seinen Kauf best\u00e4tigt.<\/p>\n\n\n\n<p>Sobald dieser Schritt best\u00e4tigt ist, beginnt das Verfahren zur Auftragsbest\u00e4tigung und Bezahlung. In diesem Schritt werden die Rechnungs- und Versanddaten sowie die f\u00fcr die Zahlung erforderlichen Informationen erhoben. Sobald die Zahlung autorisiert ist, erh\u00e4lt der Kunde eine E-Mail mit der Best\u00e4tigung seiner Bestellung.<\/p>\n\n\n\n<p>Der Kunde wird per E-Mail \u00fcber den Versand des Produkts informiert.<\/p>\n\n\n\n<ol start=\"7\" class=\"wp-block-list\">\n<li><strong>Versand- und Lieferbedingungen<\/strong><\/li>\n<\/ol>\n\n\n\n<p>Versandbereiche<\/p>\n\n\n\n<p>Die auf dieser Website angebotenen Artikel sind derzeit nur f\u00fcr den Versand in das spanische Hoheitsgebiet verf\u00fcgbar, mit Ausnahme der Inselgebiete der Kanarischen Inseln, Ceuta und Melilla. F\u00fcr andere L\u00e4nder: siehe.<\/p>\n\n\n\n<p>Versandkosten<\/p>\n\n\n\n<p>Sie werden bei jeder Bestellung je nach m3, Menge und Fl\u00e4che bewertet.<\/p>\n\n\n\n<p>Versandzeit<\/p>\n\n\n\n<p>Die Lieferzeiten h\u00e4ngen von den einzelnen Artikeln ab und sind Richtwerte. In der Regel betragen die Lieferzeiten f\u00fcr best\u00e4tigte Bestellungen 15 bis 20 Arbeitstage. Bei Bestellungen von mehr als f\u00fcnfzig Einheiten erkundigen Sie sich bitte bei OGO nach den Lieferzeiten. Die im Produktblatt und in der Auftragsbest\u00e4tigung angegebenen Lieferzeiten sind Richtwerte und h\u00e4ngen von der Verf\u00fcgbarkeit des Produkts und anderen Umst\u00e4nden ab, die mit seiner Herstellung und\/oder Logistik zusammenh\u00e4ngen.<\/p>\n\n\n\n<p>Versandbedingungen<\/p>\n\n\n\n<p>Der Kunde ist daf\u00fcr verantwortlich, die Anzahl der erhaltenen Pakete und deren Zustand zu \u00fcberpr\u00fcfen und nach Pr\u00fcfung der Ware zu entscheiden, ob er die Lieferung annimmt oder nicht. Bei Besch\u00e4digung des Artikels darf dieser nicht angenommen und der Lieferschein nicht unterschrieben werden. Es ist nicht zul\u00e4ssig, Notizen zu hinterlassen oder darauf hinzuweisen, dass eine \u00dcberpr\u00fcfung noch aussteht. Im Sinne dieser Bedingungen gilt die Lieferung als in dem Moment erfolgt, in dem der Kunde oder ein von ihm benannter Dritter den materiellen Besitz an den Produkten erlangt, was durch die Unterzeichnung des Auftragseingangs in der vereinbarten Form best\u00e4tigt wird.<\/p>\n\n\n\n<p>Im Falle von Sch\u00e4den oder nicht sichtbaren M\u00e4ngeln betr\u00e4gt die Reklamationsfrist 7 Tage ab Lieferung. Der Kunde muss einen schriftlichen Bericht und gegebenenfalls Fotos \u00fcber die von ihm wahrgenommenen Sch\u00e4den oder Vorf\u00e4lle vorlegen. Der Antrag kann gestellt werden, indem die Unterlagen per E-Mail an die Adresse pedidos@ogofurniture.com geschickt werden. In allen F\u00e4llen m\u00fcssen die Antr\u00e4ge die f\u00fcr die Untersuchung beschriebenen Informationen enthalten. Nach Ablauf dieser Frist wird davon ausgegangen, dass das Produkt in einwandfreiem Zustand angekommen ist.<\/p>\n\n\n\n<ol start=\"8\" class=\"wp-block-list\">\n<li><strong>Produktverf\u00fcgbarkeit<\/strong><\/li>\n<\/ol>\n\n\n\n<p>Alle Bestellungen sind abh\u00e4ngig von der Verf\u00fcgbarkeit der Produkte. Wenn es Schwierigkeiten bei der Lieferung von Produkten gibt oder wenn keine Artikel mehr vorr\u00e4tig sind, werden sie z\u00fcgig informiert, um darauf hinzuweisen, dass sie mit dem Kauf nicht fortfahren k\u00f6nnen. In diesem Fall k\u00f6nnen Sie uns \u00fcber die in diesen Allgemeinen Gesch\u00e4ftsbedingungen angegebenen Kontaktdaten kontaktieren.<\/p>\n\n\n\n<ol start=\"9\" class=\"wp-block-list\">\n<li><strong>Fehler w\u00e4hrend des Kaufvorgangs<\/strong><\/li>\n<\/ol>\n\n\n\n<p>Sollten Sie feststellen, dass bei der Eingabe Ihrer pers\u00f6nlichen Daten ein Fehler aufgetreten ist, k\u00f6nnen Sie OGO Furniture diesen Umstand (i) \u00fcber das Kontaktformular auf der Website mitteilen; (ii) durch Senden einer E-Mail an die Adresse pedidos@ogofurniture.com; (iii) oder per Anruf unter (+34) 961 241 764, sobald als m\u00f6glich.<\/p>\n\n\n\n<ol start=\"10\" class=\"wp-block-list\">\n<li><strong>\u00dcbertragung von Risiko und Eigentum<\/strong><\/li>\n<\/ol>\n\n\n\n<p>Das Risiko f\u00fcr die Produkte tr\u00e4gt der Kunde ab dem Zeitpunkt, an dem sie ihm oder einem von ihm gem\u00e4\u00df den Bestimmungen des vorstehenden Artikels 7 angegebenen Dritten geliefert werden.<\/p>\n\n\n\n<p>Andererseits erwirbt der Kunde das Eigentum an den Produkten, wenn wir die vollst\u00e4ndige Zahlung aller f\u00e4lligen Betr\u00e4ge, einschlie\u00dflich der Versandkosten, erhalten haben, oder zum Zeitpunkt der Lieferung, wenn diese sp\u00e4ter erfolgt. OGO Furniture beh\u00e4lt sich das Eigentum an den Produkten bis zur vollst\u00e4ndigen Bezahlung ausdr\u00fccklich vor.<\/p>\n\n\n\n<ol start=\"12\" class=\"wp-block-list\">\n<li><strong>Preis<\/strong><\/li>\n<\/ol>\n\n\n\n<p>Die Preise auf der Website enthalten die Mehrwertsteuer.<\/p>\n\n\n\n<p>Der OGO Furniture Tarif kann sich \u00e4ndern, wobei immer die aktuellen Preise angezeigt werden. Tarif\u00e4nderungen wirken sich nicht auf bereits best\u00e4tigte Auftr\u00e4ge aus.<\/p>\n\n\n\n<ol start=\"13\" class=\"wp-block-list\">\n<li><strong>Zahlungen<\/strong><\/li>\n<\/ol>\n\n\n\n<p>Die Zahlungen mit Bankkarten erfolgen \u00fcber ein virtuelles POS-System, das von der Bank SANTANDER, S. A. bereitgestellt wird, und sind dank der Sicherheitsma\u00dfnahmen, die in \u00dcbereinstimmung mit den PCI-DSS-Vorschriften sowie den Vorschriften der Kartenmarken selbst implementiert wurden, absolut sicher. Dies erm\u00f6glicht es dem K\u00e4ufer, seine Eink\u00e4ufe in aller Sicherheit zu t\u00e4tigen.<\/p>\n\n\n\n<ol start=\"14\" class=\"wp-block-list\">\n<li><strong>Rechnung<\/strong><\/li>\n<\/ol>\n\n\n\n<p>OGO Furniture stellt eine elektronische Rechnung aus, die per E-Mail an den Kunden gesendet wird, wenn der Kunde sie anfordert. Die Rechnungsnummer oder die Bestellnummer ist ohne Unterschied die Referenz, die der Kunde im Falle von Zwischenf\u00e4llen mit den Produkten oder bei R\u00fccktritt vom Vertrag verwenden muss.<\/p>\n\n\n\n<p><strong>15. R\u00fcckgabe und Umtausch<br><\/strong>Recht auf Widerruf<\/p>\n\n\n\n<p>Der Kunde hat das Recht, innerhalb einer Frist von 30 Kalendertagen ohne Angabe von Gr\u00fcnden von diesem Vertrag zur\u00fcckzutreten.<\/p>\n\n\n\n<p>Die Widerrufsfrist endet 30 Kalendertage nach dem Tag, an dem der Kunde oder ein von ihm benannter Dritter, der nicht der Bef\u00f6rderer ist, die Waren in Besitz genommen hat, oder, falls die Waren, aus denen seine Bestellung besteht, getrennt geliefert werden, 30 Kalendertage nach dem Tag, an dem der Kunde oder ein von ihm benannter Dritter, der nicht der Bef\u00f6rderer ist, die letzte dieser Waren in Besitz genommen hat.<\/p>\n\n\n\n<p>Um Ihr Widerrufsrecht auszu\u00fcben, m\u00fcssen Sie uns Ihre Entscheidung zum Widerruf des Vertrags durch eine eindeutige Erkl\u00e4rung per E-Mail an pedidos@ogofurniture.com mitteilen.<\/p>\n\n\n\n<p>Der Kunde muss die gekauften Produkte unverz\u00fcglich, sp\u00e4testens jedoch innerhalb von 14 Kalendertagen ab dem Tag, an dem er seine Entscheidung zum R\u00fccktritt vom Vertrag mitgeteilt hat, an uns zur\u00fccksenden. Die Frist ist gewahrt, wenn Sie die Waren vor Ablauf der Frist zur\u00fccksenden.<\/p>\n\n\n\n<ol start=\"16\" class=\"wp-block-list\">\n<li><strong>Gesetzliche Garantie<\/strong><\/li>\n<\/ol>\n\n\n\n<p>Der Benutzer hat eine dreij\u00e4hrige Garantiezeit ab der Lieferung des Produkts. Diese Garantie erstreckt sich nicht auf M\u00e4ngel, die durch Fahrl\u00e4ssigkeit, Schl\u00e4ge\/St\u00f6\u00dfe, Benutzung oder unsachgem\u00e4\u00dfe Manipulationen durch den Benutzer verursacht wurden. Bis zum Beweis des Gegenteils wird davon ausgegangen, dass jede Vertragswidrigkeit, die sich in den sechs Monaten nach der Lieferung des Produkts manifestiert, bereits bei der Lieferung des Artikels bestand.<\/p>\n\n\n\n<p>Um diese Garantie in Anspruch nehmen zu k\u00f6nnen, muss der Nutzer die besch\u00e4digte(n) Ware(n) an unser Lager liefern, damit wir die Ursache des Schadens feststellen k\u00f6nnen. Nach dieser Beurteilung kann der Nutzer, wenn der Schaden auf Fahrl\u00e4ssigkeit, St\u00f6\u00dfe, Missbrauch oder unsachgem\u00e4\u00dfe Handhabung durch den Nutzer zur\u00fcckzuf\u00fchren ist, ein Transportunternehmen seiner Wahl beauftragen, das Produkt abzuholen und an die Wohnadresse des Nutzers zur\u00fcckzusenden, ohne Anspruch auf Ersatz oder R\u00fcckerstattung.<\/p>\n\n\n\n<p>Wenn der Schaden auf Herstellungsfehler, Materialien oder andere Herstellungsm\u00e4ngel zur\u00fcckzuf\u00fchren ist, erstattet OGO Furniture die Kosten f\u00fcr den Versand, der zur Inanspruchnahme dieser Garantie vereinbart wurde, und der Benutzer kann zwischen (1) dem Versand eines neuen Produkts oder (2) einer vollst\u00e4ndigen R\u00fcckerstattung der Kosten f\u00fcr den Artikel w\u00e4hlen.<\/p>\n\n\n\n<ol start=\"17\" class=\"wp-block-list\">\n<li><strong>Haftungsbeschr\u00e4nkung<\/strong><\/li>\n<\/ol>\n\n\n\n<p>OGO Furnitures Haftung beschr\u00e4nkt sich auf die hier genannten Verpflichtungen und auf einen H\u00f6chstbetrag, der dem Betrag entspricht, der dem Kunden f\u00fcr das fehlerhafte Produkt in Rechnung gestellt wurde. OGO Furniture haftet nicht f\u00fcr direkte oder indirekte Verluste oder Sch\u00e4den, die der Kunde oder ein Dritter aufgrund unserer Produkte erleidet, es sei denn, das Gesetz sieht etwas anderes vor.<\/p>\n\n\n\n<p>Der Nutzer erkennt an, dass die Nutzung der Website und ihrer Inhalte und Dienstleistungen unter seiner alleinigen Verantwortung erfolgt.<\/p>\n\n\n\n<ol start=\"18\" class=\"wp-block-list\">\n<li><strong>Geistiges und gewerbliches Eigentum<\/strong><\/li>\n<\/ol>\n\n\n\n<p>OGO Furniture ist eine international eingetragene Marke. Alle Entw\u00fcrfe, Modelle, Bilder und \/ oder Informationen, die in den Katalogen, auf der Website oder in anderen von OGO Furniture verwendeten Verbreitungsinstrumenten enthalten sind, sind Eigentum von OGO Furniture und geh\u00f6ren zu seinen geistigen und gewerblichen Eigentumsrechten.<\/p>\n\n\n\n<p>OGO Furniture beh\u00e4lt sich das geistige und industrielle Eigentum an den Produkten vor, die im Rahmen eines Projekts oder einer Sonderanfrage entwickelt werden.<\/p>\n\n\n\n<p>Der Kunde darf keine Produkte, Symbole, Bilder, Webseiten mit der Domain OGO Furniture oder eines der oben genannten Elemente oder andere, die denen von OGO Furniture gleich oder \u00e4hnlich sind oder mit ihnen zu tun haben, registrieren oder verwenden, wobei im letzten Fall davon ausgegangen wird, dass dies im Namen von OGO Furniture geschieht.<\/p>\n\n\n\n<p>Die unbefugte Nutzung des geistigen und gewerblichen Eigentums von OGO Furniture durch den Kunden zieht die entsprechende Haftung nach sich.<\/p>\n\n\n\n<ol start=\"19\" class=\"wp-block-list\">\n<li><strong>Force Majeure \/ H\u00f6here Gewalt<\/strong><\/li>\n<\/ol>\n\n\n\n<p>OGO Furniture haftet nicht f\u00fcr die Nichteinhaltung oder Verz\u00f6gerung bei der Nichteinhaltung einer der \u00fcbernommenen Verpflichtungen, wenn dies auf Ereignisse au\u00dferhalb unserer Kontrolle oder auf h\u00f6here Gewalt zur\u00fcckzuf\u00fchren ist.<\/p>\n\n\n\n<ol start=\"20\" class=\"wp-block-list\">\n<li><strong>R\u00fccktritt<\/strong><\/li>\n<\/ol>\n\n\n\n<p>Das Fehlen einer Forderung von OGO Furniture an den Kunden, eine der vom Kunden im Rahmen eines Vertrages oder dieser Bedingungen \u00fcbernommenen Verpflichtungen zu erf\u00fcllen, oder das Fehlen der Aus\u00fcbung von Rechten oder Handlungen unsererseits, die uns aufgrund des besagten Vertrages oder der Bedingungen zustehen k\u00f6nnen, bedeutet weder einen Verzicht oder eine Einschr\u00e4nkung in Bezug auf die besagten Rechte oder Handlungen, noch entbindet es den Kunden von der Erf\u00fcllung dieser Verpflichtungen.<\/p>\n\n\n\n<p>Kein Verzicht seitens OGO Furniture auf ein bestimmtes Recht oder eine bestimmte Handlung impliziert einen Verzicht auf andere Rechte oder Handlungen, die sich aus einem Vertrag oder den Bedingungen ergeben. Ein Verzicht unsererseits auf eine der vorliegenden Bedingungen oder auf die Rechte oder Handlungen, die sich aus einem Vertrag ergeben, ist nur dann wirksam, wenn er ausdr\u00fccklich als Verzicht bezeichnet und dem Kunden schriftlich mitgeteilt wird.<\/p>\n\n\n\n<ol start=\"21\" class=\"wp-block-list\">\n<li><strong>Teilweise Unwirksamkeit<\/strong><\/li>\n<\/ol>\n\n\n\n<p>Sollte eine der Klauseln oder Bestimmungen rechtswidrig oder unangemessen sein, so gilt sie als nicht ausgef\u00fchrt, ohne dass dies die \u00fcbrigen Klauseln ung\u00fcltig macht oder in irgendeiner Weise ber\u00fchrt, und unbeschadet des Willens der Parteien, die verbotenen oder rechtlich nicht durchsetzbaren Klauseln zu korrigieren.<\/p>\n\n\n\n<ol start=\"22\" class=\"wp-block-list\">\n<li><strong>Vollst\u00e4ndige Vereinbarung<\/strong><\/li>\n<\/ol>\n\n\n\n<p>Diese Bedingungen und andere Dokumente, auf die in ihnen ausdr\u00fccklich Bezug genommen wird, stellen den vollst\u00e4ndigen und ausschlie\u00dflichen Ausdruck der bestehenden Vereinbarung zwischen dem Kunden und OGO Furniture in Bezug auf den Gegenstand derselben dar und ersetzen, falls vorhanden, alle fr\u00fcheren Vertr\u00e4ge und Vereinbarungen. Unbeschadet der erg\u00e4nzenden Anwendung der allgemeinen Regeln des spanischen Rechtssystems f\u00fcr F\u00e4lle, die in den vorliegenden Bedingungen nicht ausdr\u00fccklich vorgesehen sind, wird dieses Dokument zur einzigen und aktuellen Manifestation ihrer gegenseitigen W\u00fcnsche.<\/p>\n\n\n\n<ol start=\"23\" class=\"wp-block-list\">\n<li><strong>\u00c4nderung der Bedingungen<\/strong><\/li>\n<\/ol>\n\n\n\n<p>OGO Furniture beh\u00e4lt sich das Recht vor, diese Bedingungen zu \u00e4ndern. Die eingef\u00fchrten \u00c4nderungen sind nicht r\u00fcckwirkend, daher wird dem Benutzer empfohlen, sie bei jeder Nutzung der Website zu \u00fcberpr\u00fcfen.<\/p>\n\n\n\n<ol start=\"24\" class=\"wp-block-list\">\n<li><strong>Geltende Rechtsvorschriften und Rechtsprechung<\/strong><\/li>\n<\/ol>\n\n\n\n<p>Die Nutzung dieser Website und die Vertr\u00e4ge \u00fcber den Kauf von Produkten \u00fcber diese Website unterliegen der spanischen Gesetzgebung.<\/p>\n\n\n\n<p>Alle Streitigkeiten, die sich aus der Nutzung der Website oder der genannten Vertr\u00e4ge ergeben oder damit zusammenh\u00e4ngen, unterliegen der nicht ausschlie\u00dflichen Zust\u00e4ndigkeit der spanischen Gerichte und Gerichtsh\u00f6fe gem\u00e4\u00df den jeweils geltenden Bestimmungen.<\/p>\n\n\n\n<p>Neueste Version: Juli 2025<\/p>\n\n\n\n<p><\/p>\n","protected":false},"excerpt":{"rendered":"<p>Dieses Dokument (zusammen mit allen beigef\u00fcgten Dokumenten) legt die Bedingungen f\u00fcr die Nutzung dieser Website (www.ogofurniture.com) und den Kauf von Produkten auf dieser Website fest (im Folgenden &#8222;Bedingungen&#8220; genannt). Wir bitten Sie, diese Bedingungen sowie unsere Datenschutz- und Cookie-Richtlinien vor der Nutzung dieser Website sorgf\u00e4ltig zu lesen. Durch die Nutzung dieser Website oder die Aufgabe &hellip; <a href=\"https:\/\/ogofurniture.com\/de\/rechtliche-hinweise-und-allgemeine-verkaufsbedingungen\/\">Continued<\/a><\/p>\n","protected":false},"author":9,"featured_media":0,"parent":0,"menu_order":0,"comment_status":"closed","ping_status":"closed","template":"template-legal.blade.php","meta":{"footnotes":""},"class_list":["post-13495","page","type-page","status-publish","hentry"],"acf":[],"yoast_head":"<!-- This site is optimized with the Yoast SEO plugin v27.4 - https:\/\/yoast.com\/product\/yoast-seo-wordpress\/ -->\n<title>Rechtliche Hinweise und allgemeine Verkaufsbedingungen - ogofurniture<\/title>\n<meta name=\"robots\" content=\"index, follow, max-snippet:-1, max-image-preview:large, max-video-preview:-1\" \/>\n<link rel=\"canonical\" href=\"https:\/\/ogofurniture.com\/de\/rechtliche-hinweise-und-allgemeine-verkaufsbedingungen\/\" \/>\n<meta property=\"og:locale\" content=\"de_DE\" \/>\n<meta property=\"og:type\" content=\"article\" \/>\n<meta property=\"og:title\" content=\"Rechtliche Hinweise und allgemeine Verkaufsbedingungen - ogofurniture\" \/>\n<meta property=\"og:description\" content=\"Dieses Dokument (zusammen mit allen beigef\u00fcgten Dokumenten) legt die Bedingungen f\u00fcr die Nutzung dieser Website (www.ogofurniture.com) und den Kauf von Produkten auf dieser Website fest (im Folgenden &#8222;Bedingungen&#8220; genannt). Wir bitten Sie, diese Bedingungen sowie unsere Datenschutz- und Cookie-Richtlinien vor der Nutzung dieser Website sorgf\u00e4ltig zu lesen. Durch die Nutzung dieser Website oder die Aufgabe &hellip; Continued\" \/>\n<meta property=\"og:url\" content=\"https:\/\/ogofurniture.com\/de\/rechtliche-hinweise-und-allgemeine-verkaufsbedingungen\/\" \/>\n<meta property=\"og:site_name\" content=\"ogofurniture\" \/>\n<meta property=\"article:modified_time\" content=\"2026-02-17T08:18:29+00:00\" \/>\n<meta name=\"twitter:card\" content=\"summary_large_image\" \/>\n<meta name=\"twitter:label1\" content=\"Gesch\u00e4tzte Lesezeit\" \/>\n\t<meta name=\"twitter:data1\" content=\"1\u00a0Minute\" \/>\n<script type=\"application\/ld+json\" class=\"yoast-schema-graph\">{\"@context\":\"https:\\\/\\\/schema.org\",\"@graph\":[{\"@type\":\"WebPage\",\"@id\":\"https:\\\/\\\/ogofurniture.com\\\/de\\\/rechtliche-hinweise-und-allgemeine-verkaufsbedingungen\\\/\",\"url\":\"https:\\\/\\\/ogofurniture.com\\\/de\\\/rechtliche-hinweise-und-allgemeine-verkaufsbedingungen\\\/\",\"name\":\"Rechtliche Hinweise und allgemeine Verkaufsbedingungen - ogofurniture\",\"isPartOf\":{\"@id\":\"https:\\\/\\\/ogofurniture.com\\\/de\\\/#website\"},\"datePublished\":\"2023-11-03T12:56:58+00:00\",\"dateModified\":\"2026-02-17T08:18:29+00:00\",\"inLanguage\":\"de\",\"potentialAction\":[{\"@type\":\"ReadAction\",\"target\":[\"https:\\\/\\\/ogofurniture.com\\\/de\\\/rechtliche-hinweise-und-allgemeine-verkaufsbedingungen\\\/\"]}]},{\"@type\":\"WebSite\",\"@id\":\"https:\\\/\\\/ogofurniture.com\\\/de\\\/#website\",\"url\":\"https:\\\/\\\/ogofurniture.com\\\/de\\\/\",\"name\":\"ogofurniture\",\"description\":\"In &amp; Out Furniture\",\"potentialAction\":[{\"@type\":\"SearchAction\",\"target\":{\"@type\":\"EntryPoint\",\"urlTemplate\":\"https:\\\/\\\/ogofurniture.com\\\/de\\\/?s={search_term_string}\"},\"query-input\":{\"@type\":\"PropertyValueSpecification\",\"valueRequired\":true,\"valueName\":\"search_term_string\"}}],\"inLanguage\":\"de\"}]}<\/script>\n<!-- \/ Yoast SEO plugin. -->","yoast_head_json":{"title":"Rechtliche Hinweise und allgemeine Verkaufsbedingungen - ogofurniture","robots":{"index":"index","follow":"follow","max-snippet":"max-snippet:-1","max-image-preview":"max-image-preview:large","max-video-preview":"max-video-preview:-1"},"canonical":"https:\/\/ogofurniture.com\/de\/rechtliche-hinweise-und-allgemeine-verkaufsbedingungen\/","og_locale":"de_DE","og_type":"article","og_title":"Rechtliche Hinweise und allgemeine Verkaufsbedingungen - ogofurniture","og_description":"Dieses Dokument (zusammen mit allen beigef\u00fcgten Dokumenten) legt die Bedingungen f\u00fcr die Nutzung dieser Website (www.ogofurniture.com) und den Kauf von Produkten auf dieser Website fest (im Folgenden &#8222;Bedingungen&#8220; genannt). Wir bitten Sie, diese Bedingungen sowie unsere Datenschutz- und Cookie-Richtlinien vor der Nutzung dieser Website sorgf\u00e4ltig zu lesen. Durch die Nutzung dieser Website oder die Aufgabe &hellip; Continued","og_url":"https:\/\/ogofurniture.com\/de\/rechtliche-hinweise-und-allgemeine-verkaufsbedingungen\/","og_site_name":"ogofurniture","article_modified_time":"2026-02-17T08:18:29+00:00","twitter_card":"summary_large_image","twitter_misc":{"Gesch\u00e4tzte Lesezeit":"1\u00a0Minute"},"schema":{"@context":"https:\/\/schema.org","@graph":[{"@type":"WebPage","@id":"https:\/\/ogofurniture.com\/de\/rechtliche-hinweise-und-allgemeine-verkaufsbedingungen\/","url":"https:\/\/ogofurniture.com\/de\/rechtliche-hinweise-und-allgemeine-verkaufsbedingungen\/","name":"Rechtliche Hinweise und allgemeine Verkaufsbedingungen - ogofurniture","isPartOf":{"@id":"https:\/\/ogofurniture.com\/de\/#website"},"datePublished":"2023-11-03T12:56:58+00:00","dateModified":"2026-02-17T08:18:29+00:00","inLanguage":"de","potentialAction":[{"@type":"ReadAction","target":["https:\/\/ogofurniture.com\/de\/rechtliche-hinweise-und-allgemeine-verkaufsbedingungen\/"]}]},{"@type":"WebSite","@id":"https:\/\/ogofurniture.com\/de\/#website","url":"https:\/\/ogofurniture.com\/de\/","name":"ogofurniture","description":"In &amp; Out Furniture","potentialAction":[{"@type":"SearchAction","target":{"@type":"EntryPoint","urlTemplate":"https:\/\/ogofurniture.com\/de\/?s={search_term_string}"},"query-input":{"@type":"PropertyValueSpecification","valueRequired":true,"valueName":"search_term_string"}}],"inLanguage":"de"}]}},"jetpack_sharing_enabled":true,"_links":{"self":[{"href":"https:\/\/ogofurniture.com\/de\/wp-json\/wp\/v2\/pages\/13495","targetHints":{"allow":["GET"]}}],"collection":[{"href":"https:\/\/ogofurniture.com\/de\/wp-json\/wp\/v2\/pages"}],"about":[{"href":"https:\/\/ogofurniture.com\/de\/wp-json\/wp\/v2\/types\/page"}],"author":[{"embeddable":true,"href":"https:\/\/ogofurniture.com\/de\/wp-json\/wp\/v2\/users\/9"}],"replies":[{"embeddable":true,"href":"https:\/\/ogofurniture.com\/de\/wp-json\/wp\/v2\/comments?post=13495"}],"version-history":[{"count":2,"href":"https:\/\/ogofurniture.com\/de\/wp-json\/wp\/v2\/pages\/13495\/revisions"}],"predecessor-version":[{"id":13498,"href":"https:\/\/ogofurniture.com\/de\/wp-json\/wp\/v2\/pages\/13495\/revisions\/13498"}],"wp:attachment":[{"href":"https:\/\/ogofurniture.com\/de\/wp-json\/wp\/v2\/media?parent=13495"}],"curies":[{"name":"wp","href":"https:\/\/api.w.org\/{rel}","templated":true}]}}