{"id":13004,"date":"2023-06-09T06:23:27","date_gmt":"2023-06-09T06:23:27","guid":{"rendered":"https:\/\/ogofurniture.com\/?page_id=13004"},"modified":"2026-02-17T08:10:24","modified_gmt":"2026-02-17T08:10:24","slug":"datenschutzrichtlinie","status":"publish","type":"page","link":"https:\/\/ogofurniture.com\/de\/datenschutzrichtlinie\/","title":{"rendered":"Datenschutzrichtlinie"},"content":{"rendered":"\n<p>Diese Datenschutzrichtlinie steht im Einklang mit der Verordnung (EU) 2016\/679 des Europ\u00e4ischen Parlaments und des Rates vom 27. April 2016 zum Schutz nat\u00fcrlicher Personen bei der Verarbeitung personenbezogener Daten und zum freien Datenverkehr (DSGVO), dem Organgesetz 3\/2018 vom 5. Dezember, \u00fcber den Schutz personenbezogener Daten und die Gew\u00e4hrleistung digitaler Rechte (LOPDGDD), sowie, soweit dies nicht im Widerspruch zu den genannten Verordnungen steht, zum Organgesetz 15\/1999, Schutz personenbezogener Daten (LOPD) und seinen Durchf\u00fchrungsbestimmungen und \/ oder denjenigen, die sie in Zukunft ersetzen oder aktualisieren werden.<\/p>\n\n\n\n<p>Unsere Unternehmen ist dem Schutz Ihrer pers\u00f6nlichen Daten verpflichtet. Die zur Verf\u00fcgung gestellten personenbezogenen Daten sind f\u00fcr die Erbringung unserer Dienstleistungen erforderlich und werden auf rechtm\u00e4\u00dfige, faire und transparente Weise behandelt, wobei eine angemessene Sicherheit gew\u00e4hrleistet wird, einschlie\u00dflich des Schutzes vor unbefugter oder unrechtm\u00e4\u00dfiger Verarbeitung und vor zuf\u00e4lligem Verlust, Zerst\u00f6rung oder Besch\u00e4digung durch Anwendung technischer und organisatorischer Ma\u00dfnahmen.<\/p>\n\n\n\n<p>Mit diesem Dokument m\u00f6chten wir Ihnen auf transparente und loyale Weise alle notwendigen Informationen \u00fcber die Verarbeitung Ihrer pers\u00f6nlichen Daten durch diese Organisation geben.<\/p>\n\n\n\n<ol class=\"wp-block-list\">\n<li><strong>Grundlegende Informationen zum Schutz personenbezogener Daten<\/strong><\/li>\n<\/ol>\n\n\n\n<p>Nutzer: jede Person, die unsere Website nutzt, unabh\u00e4ngig davon, ob sie eines der Produkte kauft oder nicht.<\/p>\n\n\n\n<p>F\u00fcr die Verarbeitung Verantwortlicher: nat\u00fcrliche oder juristische Person, die f\u00fcr die Entscheidung \u00fcber die Verarbeitung personenbezogener Daten zust\u00e4ndig ist.<\/p>\n\n\n\n<p>Zweck der Datenverarbeitung: Dies ist die Grundlage, auf die sich die Verarbeitung personenbezogener Daten durch uns st\u00fctzt. Sie wird unter Punkt 5 n\u00e4her erl\u00e4utert. Warum ben\u00f6tigen wir Ihre pers\u00f6nlichen Daten?<\/p>\n\n\n\n<p>Empf\u00e4nger: ist der Nutzer der Website www.actiu. store<\/p>\n\n\n\n<p>Benutzerrechte: Zugang, Berichtigung und L\u00f6schung sowie die Forderung, die Verarbeitung Ihrer personenbezogenen Daten einzuschr\u00e4nken, Widerspruch einzulegen, ihre \u00dcbertragbarkeit zu beantragen (soweit technisch m\u00f6glich) oder gegebenenfalls die erteilte Einwilligung zu widerrufen, sofern sie nicht Gegenstand einer Entscheidung ist, die ausschlie\u00dflich auf einer automatisierten Verarbeitung, einschlie\u00dflich Profiling, beruht.<\/p>\n\n\n\n<ol start=\"2\" class=\"wp-block-list\">\n<li><strong>Informationen \u00fcber den Verantwortlichen f\u00fcr die Datenverarbeitung<\/strong><\/li>\n<\/ol>\n\n\n\n<p>Der Verantwortliche f\u00fcr die Verarbeitung ist das spanische Unternehmen 1TAPIZA, S. L. (OGO Furniture), mit StrNr B96939798, und Sitz in Carrer Argenters, 31. \u2013 Poligono Industrial el Alter \u2013 46290 Alc\u00e8sser (Valencia). Tel. (+34) 961 241 764 Fax: (+34) 961 242 575. Web: www.ogofurniture.com. Registereintrag im Handelsregister von Valencia, Volume 6515, Book 3820, Folio 155, Abschnitt 8, Blatt V-69489- Im Falle eines Rechtsstreits unterwirft sich der K\u00e4ufer der Gerichtsbarkeit der Gerichte von Picassent und verzichtet auf seine eigene.<br>Wenn Sie eines Ihrer Rechte aus\u00fcben m\u00f6chten oder einfach nur weitere Informationen w\u00fcnschen, wenden Sie sich an unseren Datenschutzbeauftragten pedidos@ogofurniture.com oder per Post an 1TAPIZA, S. L. (OGO Furniture), Sitz in Carrer Argenters, 31. \u2013 Poligono Industrial el Alter \u2013 46290 Alc\u00e8sser (Valencia).<\/p>\n\n\n\n<p>Unternehmen in den Vereinigten Staaten: OGO FURNITURE LLC.<\/p>\n\n\n\n<p>Postanschrift<br>5050 QUORUM DR, STE 700<br>DALLAS TX, USA 75254<\/p>\n\n\n\n<p>EIN Steuernummer 301392977<\/p>\n\n\n\n<ol start=\"3\" class=\"wp-block-list\">\n<li><strong>Wie kommen wir an Ihre Daten? Einwilligung<\/strong><\/li>\n<\/ol>\n\n\n\n<p>Wenn Sie uns Ihre personenbezogenen Daten zur Verf\u00fcgung stellen, um eine Transaktion abzuschlie\u00dfen, Ihre Kreditkarte zu \u00fcberpr\u00fcfen, eine Bestellung aufzugeben, eine Lieferung zu veranlassen, eine R\u00fccksendung vorzunehmen oder Sie in unsere &#8222;Mitglieder&#8220;-Datenbank aufzunehmen, wenn Sie sich \u00fcber diese Option registrieren, gehen wir davon aus, dass Sie der Erhebung und Verwendung dieser Daten ausschlie\u00dflich f\u00fcr diesen bestimmten Zweck zustimmen.<\/p>\n\n\n\n<p>Wenn wir Ihre pers\u00f6nlichen Daten f\u00fcr einen sekund\u00e4ren Grund, wie z. B. Marketing, ben\u00f6tigen, werden wir Sie direkt um Ihre ausdr\u00fcckliche Zustimmung bitten oder Ihnen die M\u00f6glichkeit geben, dies abzulehnen.<\/p>\n\n\n\n<ol start=\"4\" class=\"wp-block-list\">\n<li><strong>Welche Informationen erhalten wir? Was machen wir mit Ihren Informationen?<\/strong><\/li>\n<\/ol>\n\n\n\n<p>Mit der Eingabe Ihrer Daten garantieren Sie, dass diese wahrheitsgem\u00e4\u00df, genau, vollst\u00e4ndig und aktuell sind. Ebenso m\u00fcssen Sie uns jede \u00c4nderung dieser Daten \u00fcber den f\u00fcr die Kommunikation mit uns vorgesehenen Kanal mitteilen. Wenn Sie dieser Verpflichtung nicht nachkommen, sind Sie f\u00fcr alle direkten oder indirekten Sch\u00e4den oder Verluste verantwortlich, die sich aus dieser Nichteinhaltung ergeben k\u00f6nnen.<\/p>\n\n\n\n<p>F\u00fcr den Fall, dass Sie Daten von Dritten zur Verf\u00fcgung stellen, die Ihnen nicht geh\u00f6ren, erkl\u00e4ren Sie, dass Sie das Einverst\u00e4ndnis dieser Personen haben und verpflichten sich, sie \u00fcber die in diesem Punkt enthaltenen Informationen zu informieren, wobei Sie uns von jeglicher Verantwortung freistellen, die sich aus der Nichtbeachtung dieser Verpflichtung ergibt.<\/p>\n\n\n\n<ol start=\"5\" class=\"wp-block-list\">\n<li><strong>Grundlegende Informationen zum Schutz personenbezogener Daten<\/strong><\/li>\n<\/ol>\n\n\n\n<p>Der Zweck der Verarbeitung der von uns erhobenen personenbezogenen Daten wird im Folgenden n\u00e4her erl\u00e4utert:<\/p>\n\n\n\n<p>Um alle Ihre Fragen zu beantworten.<br>Um Ihnen Neuigkeiten und Werbeaktionen zu pr\u00e4sentieren.<br>Um Sie \u00fcber den Status Ihrer Bestellung zu informieren.<br>Zur Einhaltung der gesetzlichen Vorschriften.<br>Um Sie als Kunden auf unserer Website zu identifizieren.<br>Um die Darstellung unserer Website an Ihr Endger\u00e4t (Handy, Computer oder Tablet) anzupassen<br>Um in der Lage zu sein, Handelsstatistiken zu erstellen<br>Um eine Historie Ihrer Eink\u00e4ufe zu f\u00fchren<\/p>\n\n\n\n<ol start=\"6\" class=\"wp-block-list\">\n<li><strong>Wie sch\u00fctzen wir Ihre pers\u00f6nlichen Daten?<\/strong><\/li>\n<\/ol>\n\n\n\n<p>Um Ihre pers\u00f6nlichen Daten zu sch\u00fctzen, ergreifen wir angemessene Vorsichtsma\u00dfnahmen und befolgen die besten Praktiken der Branche, um sicherzustellen, dass sie nicht in unangemessener Weise verloren gehen, missbraucht, aufgerufen, offengelegt, ver\u00e4ndert oder zerst\u00f6rt werden.<\/p>\n\n\n\n<p>Wenn Sie Ihre Bestellung online bezahlen, wird die Zahlung dank einer sicheren Transaktion im SSL-Modus (Secure Sockets Layer) automatisch an den Server der Bank \u00fcbertragen. Die Informationen zu Ihrer Bankkarte werden nur in den Datenbanken von BANCO SANTANDER, S. A. und nicht in denen von 1TAPIZA, S. L. gespeichert. (OGO Furniture). Wir erhalten, speichern oder bewahren in keiner Weise irgendwelche Elemente auf, die sich auf Ihre Bankdaten beziehen.<\/p>\n\n\n\n<p>Wir garantieren die Sicherheit der Daten, die Sie an uns \u00fcbermitteln, indem wir auf allen Seiten unserer Website das SSL-Zertifikat (Secure Sockets Layer) verwenden.<\/p>\n\n\n\n<ol start=\"7\" class=\"wp-block-list\">\n<li><strong>Zahlungen<\/strong><\/li>\n<\/ol>\n\n\n\n<p>Zahlung mit Karte:<\/p>\n\n\n\n<p>Die Zahlungen mit Bankkarten erfolgen \u00fcber ein virtuelles POS-System, das von der Bank SANTANDER, S. A. bereitgestellt wird, und sind dank der Sicherheitsma\u00dfnahmen, die in \u00dcbereinstimmung mit den PCI-DSS-Vorschriften sowie den Vorschriften der Kartenmarken selbst implementiert wurden, absolut sicher. Dies erm\u00f6glicht es dem K\u00e4ufer, seine Eink\u00e4ufe in aller Sicherheit zu t\u00e4tigen.<\/p>\n\n\n\n<ol start=\"8\" class=\"wp-block-list\">\n<li><strong>Bekanntmachung<\/strong><\/li>\n<\/ol>\n\n\n\n<p>Wir k\u00f6nnen Ihre pers\u00f6nlichen Daten offenlegen, wenn wir dazu gesetzlich verpflichtet sind oder wenn Sie gegen unsere Nutzungsbedingungen versto\u00dfen.<\/p>\n\n\n\n<ol start=\"9\" class=\"wp-block-list\">\n<li><strong>Datenverarbeitung durch Dritte<\/strong><\/li>\n<\/ol>\n\n\n\n<p>Wir informieren Sie dar\u00fcber, dass die Dienstanbieter 1TAPIZA, S. L. (OGO Furniture) Zugang zu Ihren Daten haben kann, wenn dies f\u00fcr die Verwaltung der mit 1TAPIZA, S. L. erbrachten Dienstleistungen oder der vertraglichen Beziehungen mit diesem Unternehmen (OGO Furniture) sowie f\u00fcr die Wartung ihrer Systeme (Finanzunternehmen, Datenspeicherung, Computerunterst\u00fctzung und Systemwartung, Rechts-, Steuer- oder Buchhaltungsberatung) erforderlich ist. Einige dieser Unternehmen k\u00f6nnten ihren Sitz au\u00dferhalb der Europ\u00e4ischen Union haben, so dass wir sicherstellen werden, dass diese Lieferanten die Garantieanforderungen erf\u00fcllen, die in den geltenden Vorschriften zum Schutz personenbezogener Daten vorgeschrieben sind. Wenn Sie Informationen \u00fcber die Anbieter, die Zugang zu Ihren Daten haben, anfordern m\u00f6chten, k\u00f6nnen Sie sich an uns wenden unter pedidos@ogofurniture.com<\/p>\n\n\n\n<p>Wenn Sie sich \u00fcber eines unserer Formulare an uns wenden, um Informationen jeglicher Art anzufordern oder eines unserer Produkte oder Dienstleistungen zu erwerben, um auf Ihre Fragen zu antworten oder die aufgeworfenen Bed\u00fcrfnisse zu analysieren, werden wir in der Lage sein, Ihnen direkt oder \u00fcber die Mitglieder unseres Netzes von H\u00e4ndlern oder Mitarbeitern an Ihrem Wohnort zu antworten.<\/p>\n\n\n\n<p>Alle in diesem Abschnitt genannten Stellen verwenden diese Daten zu denselben Zwecken und unter denselben Bedingungen, wie sie in dieser Datenschutzrichtlinie festgelegt sind.<\/p>\n\n\n\n<ol start=\"10\" class=\"wp-block-list\">\n<li><strong>Schutzalter<\/strong><\/li>\n<\/ol>\n\n\n\n<p>Durch die Nutzung dieser Website versichern Sie, dass Sie in dem Land, in dem Sie Ihren Wohnsitz haben, mindestens vollj\u00e4hrig sind, oder dass Sie in dem Land, in dem Sie Ihren Wohnsitz haben, vollj\u00e4hrig sind und uns Ihr Einverst\u00e4ndnis gegeben haben, dass Ihre minderj\u00e4hrigen Familienangeh\u00f6rigen diese Website nutzen d\u00fcrfen.<\/p>\n\n\n\n<p>11.  <strong>Wie kann ich meine Zustimmung widerrufen oder \u00e4ndern?<\/strong><\/p>\n\n\n\n<p>Wenn Sie nach Ihrer Zustimmung Ihre Meinung \u00e4ndern, k\u00f6nnen Sie Ihre Zustimmung zur Kontaktaufnahme mit Ihnen, zur Erhebung, Verwendung oder Weitergabe Ihrer Daten jederzeit widerrufen oder \u00e4ndern, indem Sie uns unter folgender Adresse kontaktieren oder uns schreiben: pedidos@ogofurniture.com 1TAPIZA, S. L. (OGO Furniture), mit StrNr. B96939798 und Anschrift in Carrer Argenters, 31. \u2013 Poligono Industrial el Alter \u2013 46290 Alc\u00e8sser (Valencia).<\/p>\n\n\n\n<p>Ebenso k\u00f6nnen Sie uns auf dem angegebenen Weg kontaktieren, wenn Sie weitere Informationen \u00fcber die Verarbeitung personenbezogener Daten w\u00fcnschen.<\/p>\n\n\n\n<p>12. <strong>\u00c4nderungen an dieser Datenschutzrichtlinie<\/strong><\/p>\n\n\n\n<p>Wir behalten uns das Recht vor, diese Datenschutzerkl\u00e4rung jederzeit und ohne Vorank\u00fcndigung zu \u00e4ndern, insbesondere aufgrund m\u00f6glicher \u00c4nderungen von Vorschriften, der Rechtsprechung oder der Kriterien der zust\u00e4ndigen Beh\u00f6rde oder der spanischen Datenschutzbeh\u00f6rde, so dass wir empfehlen, sie regelm\u00e4\u00dfig zu besuchen. \u00c4nderungen und Klarstellungen treten unmittelbar nach der Ver\u00f6ffentlichung auf der Website in Kraft. Wenn wir wesentliche \u00c4nderungen an dieser Politik vornehmen, werden wir Sie an dieser Stelle \u00fcber die Aktualisierung informieren.<\/p>\n\n\n\n<p><\/p>\n","protected":false},"excerpt":{"rendered":"<p>Diese Datenschutzrichtlinie steht im Einklang mit der Verordnung (EU) 2016\/679 des Europ\u00e4ischen Parlaments und des Rates vom 27. April 2016 zum Schutz nat\u00fcrlicher Personen bei der Verarbeitung personenbezogener Daten und zum freien Datenverkehr (DSGVO), dem Organgesetz 3\/2018 vom 5. Dezember, \u00fcber den Schutz personenbezogener Daten und die Gew\u00e4hrleistung digitaler Rechte (LOPDGDD), sowie, soweit dies nicht &hellip; <a href=\"https:\/\/ogofurniture.com\/de\/datenschutzrichtlinie\/\">Continued<\/a><\/p>\n","protected":false},"author":9,"featured_media":0,"parent":0,"menu_order":0,"comment_status":"closed","ping_status":"open","template":"template-legal.blade.php","meta":{"footnotes":""},"class_list":["post-13004","page","type-page","status-publish","hentry"],"acf":[],"yoast_head":"<!-- This site is optimized with the Yoast SEO plugin v27.4 - https:\/\/yoast.com\/product\/yoast-seo-wordpress\/ -->\n<title>Datenschutzrichtlinie - ogofurniture<\/title>\n<meta name=\"robots\" content=\"index, follow, max-snippet:-1, max-image-preview:large, max-video-preview:-1\" \/>\n<link rel=\"canonical\" href=\"https:\/\/ogofurniture.com\/de\/datenschutzrichtlinie\/\" \/>\n<meta property=\"og:locale\" content=\"de_DE\" \/>\n<meta property=\"og:type\" content=\"article\" \/>\n<meta property=\"og:title\" content=\"Datenschutzrichtlinie - ogofurniture\" \/>\n<meta property=\"og:description\" content=\"Diese Datenschutzrichtlinie steht im Einklang mit der Verordnung (EU) 2016\/679 des Europ\u00e4ischen Parlaments und des Rates vom 27. April 2016 zum Schutz nat\u00fcrlicher Personen bei der Verarbeitung personenbezogener Daten und zum freien Datenverkehr (DSGVO), dem Organgesetz 3\/2018 vom 5. Dezember, \u00fcber den Schutz personenbezogener Daten und die Gew\u00e4hrleistung digitaler Rechte (LOPDGDD), sowie, soweit dies nicht &hellip; Continued\" \/>\n<meta property=\"og:url\" content=\"https:\/\/ogofurniture.com\/de\/datenschutzrichtlinie\/\" \/>\n<meta property=\"og:site_name\" content=\"ogofurniture\" \/>\n<meta property=\"article:modified_time\" content=\"2026-02-17T08:10:24+00:00\" \/>\n<meta name=\"twitter:card\" content=\"summary_large_image\" \/>\n<meta name=\"twitter:label1\" content=\"Gesch\u00e4tzte Lesezeit\" \/>\n\t<meta name=\"twitter:data1\" content=\"7\u00a0Minuten\" \/>\n<script type=\"application\/ld+json\" class=\"yoast-schema-graph\">{\"@context\":\"https:\\\/\\\/schema.org\",\"@graph\":[{\"@type\":\"WebPage\",\"@id\":\"https:\\\/\\\/ogofurniture.com\\\/de\\\/datenschutzrichtlinie\\\/\",\"url\":\"https:\\\/\\\/ogofurniture.com\\\/de\\\/datenschutzrichtlinie\\\/\",\"name\":\"Datenschutzrichtlinie - ogofurniture\",\"isPartOf\":{\"@id\":\"https:\\\/\\\/ogofurniture.com\\\/de\\\/#website\"},\"datePublished\":\"2023-06-09T06:23:27+00:00\",\"dateModified\":\"2026-02-17T08:10:24+00:00\",\"inLanguage\":\"de\",\"potentialAction\":[{\"@type\":\"ReadAction\",\"target\":[\"https:\\\/\\\/ogofurniture.com\\\/de\\\/datenschutzrichtlinie\\\/\"]}]},{\"@type\":\"WebSite\",\"@id\":\"https:\\\/\\\/ogofurniture.com\\\/de\\\/#website\",\"url\":\"https:\\\/\\\/ogofurniture.com\\\/de\\\/\",\"name\":\"ogofurniture\",\"description\":\"In &amp; Out Furniture\",\"potentialAction\":[{\"@type\":\"SearchAction\",\"target\":{\"@type\":\"EntryPoint\",\"urlTemplate\":\"https:\\\/\\\/ogofurniture.com\\\/de\\\/?s={search_term_string}\"},\"query-input\":{\"@type\":\"PropertyValueSpecification\",\"valueRequired\":true,\"valueName\":\"search_term_string\"}}],\"inLanguage\":\"de\"}]}<\/script>\n<!-- \/ Yoast SEO plugin. -->","yoast_head_json":{"title":"Datenschutzrichtlinie - ogofurniture","robots":{"index":"index","follow":"follow","max-snippet":"max-snippet:-1","max-image-preview":"max-image-preview:large","max-video-preview":"max-video-preview:-1"},"canonical":"https:\/\/ogofurniture.com\/de\/datenschutzrichtlinie\/","og_locale":"de_DE","og_type":"article","og_title":"Datenschutzrichtlinie - ogofurniture","og_description":"Diese Datenschutzrichtlinie steht im Einklang mit der Verordnung (EU) 2016\/679 des Europ\u00e4ischen Parlaments und des Rates vom 27. April 2016 zum Schutz nat\u00fcrlicher Personen bei der Verarbeitung personenbezogener Daten und zum freien Datenverkehr (DSGVO), dem Organgesetz 3\/2018 vom 5. Dezember, \u00fcber den Schutz personenbezogener Daten und die Gew\u00e4hrleistung digitaler Rechte (LOPDGDD), sowie, soweit dies nicht &hellip; Continued","og_url":"https:\/\/ogofurniture.com\/de\/datenschutzrichtlinie\/","og_site_name":"ogofurniture","article_modified_time":"2026-02-17T08:10:24+00:00","twitter_card":"summary_large_image","twitter_misc":{"Gesch\u00e4tzte Lesezeit":"7\u00a0Minuten"},"schema":{"@context":"https:\/\/schema.org","@graph":[{"@type":"WebPage","@id":"https:\/\/ogofurniture.com\/de\/datenschutzrichtlinie\/","url":"https:\/\/ogofurniture.com\/de\/datenschutzrichtlinie\/","name":"Datenschutzrichtlinie - ogofurniture","isPartOf":{"@id":"https:\/\/ogofurniture.com\/de\/#website"},"datePublished":"2023-06-09T06:23:27+00:00","dateModified":"2026-02-17T08:10:24+00:00","inLanguage":"de","potentialAction":[{"@type":"ReadAction","target":["https:\/\/ogofurniture.com\/de\/datenschutzrichtlinie\/"]}]},{"@type":"WebSite","@id":"https:\/\/ogofurniture.com\/de\/#website","url":"https:\/\/ogofurniture.com\/de\/","name":"ogofurniture","description":"In &amp; Out Furniture","potentialAction":[{"@type":"SearchAction","target":{"@type":"EntryPoint","urlTemplate":"https:\/\/ogofurniture.com\/de\/?s={search_term_string}"},"query-input":{"@type":"PropertyValueSpecification","valueRequired":true,"valueName":"search_term_string"}}],"inLanguage":"de"}]}},"jetpack_sharing_enabled":true,"_links":{"self":[{"href":"https:\/\/ogofurniture.com\/de\/wp-json\/wp\/v2\/pages\/13004","targetHints":{"allow":["GET"]}}],"collection":[{"href":"https:\/\/ogofurniture.com\/de\/wp-json\/wp\/v2\/pages"}],"about":[{"href":"https:\/\/ogofurniture.com\/de\/wp-json\/wp\/v2\/types\/page"}],"author":[{"embeddable":true,"href":"https:\/\/ogofurniture.com\/de\/wp-json\/wp\/v2\/users\/9"}],"replies":[{"embeddable":true,"href":"https:\/\/ogofurniture.com\/de\/wp-json\/wp\/v2\/comments?post=13004"}],"version-history":[{"count":4,"href":"https:\/\/ogofurniture.com\/de\/wp-json\/wp\/v2\/pages\/13004\/revisions"}],"predecessor-version":[{"id":13494,"href":"https:\/\/ogofurniture.com\/de\/wp-json\/wp\/v2\/pages\/13004\/revisions\/13494"}],"wp:attachment":[{"href":"https:\/\/ogofurniture.com\/de\/wp-json\/wp\/v2\/media?parent=13004"}],"curies":[{"name":"wp","href":"https:\/\/api.w.org\/{rel}","templated":true}]}}