{"id":12803,"date":"2023-06-09T07:51:40","date_gmt":"2023-06-09T07:51:40","guid":{"rendered":"https:\/\/ogofurniture.com\/discover-ogo-modern-outdoor-furniture-lifestyle-design\/"},"modified":"2026-04-21T10:50:00","modified_gmt":"2026-04-21T10:50:00","slug":"discover-ogo-modern-outdoor-furniture-lifestyle-design","status":"publish","type":"page","link":"https:\/\/ogofurniture.com\/de\/discover-ogo-modern-outdoor-furniture-lifestyle-design\/","title":{"rendered":"\u00dcber uns"},"content":{"rendered":"\n<h1 class=\"wp-block-heading\">Die perfekte Erg\u00e4nzung f\u00fcr den Au\u00dfenbereich<\/h1>\n\n\n\n<p>Tauchen Sie ein in das Meer, sp\u00fcren Sie den Sand, die leichte Brise und die W\u00e4rme der Sonne. Um die Natur wahrhaftig zu umarmen, m\u00fcssen Sie zuerst <strong>OGO entdecken<\/strong>.<\/p>\n\n\n\n<p>Wir sind eine innovative Marke, die ihre mediterranen Wurzeln niemals vergisst. Diese Spuren zeigen sich in jedem Produkt \u2013 von den lebendigen Farben bis hin zur gelassenen Ruhe unserer organischen Formen. Wir wissen genau, wohin wir gehen, aber wir ehren bei jedem neuen Design, das wir auf den Markt bringen, auch unsere Herkunft<\/p>\n\n\n\n<blockquote class=\"wp-block-quote is-layout-flow wp-block-quote-is-layout-flow\">\n<h2 class=\"wp-block-heading\">&#8222;OGO schafft Produkte, mit denen Sie Spa\u00df haben, sich entspannen und die beste Erfahrung in jedem Raum machen k\u00f6nnen. &#8222;<\/h2>\n<\/blockquote>\n\n\n\n<h2 class=\"wp-block-heading\"><strong>Entworfen f\u00fcr unvergessliche Momente<\/strong><\/h2>\n\n\n\n<p>Nacho Timon und das OGO-Designteam haben diese Kollektion entworfen, damit Sie unvergessliche Momente mit Ihren Liebsten genie\u00dfen und auskosten k\u00f6nnen. Wir m\u00f6chten Teil Ihres Lebens und Ihrer kostbarsten Erinnerungen sein. Deshalb sind die Produkte von OGO einzigartig: Sie wurden akribisch entworfen, um Erlebnisse zu schaffen, und nicht nur, um einen Raum zu f\u00fcllen.<\/p>\n\n\n\n<p>Sobald Sie <strong>OGO entdecken<\/strong>, werden Sie merken, dass wir Ihren Lebensstil verstehen. Wir wissen, dass Sie es lieben zu reisen, zu erkunden und das Leben zu genie\u00dfen; dass Sie die Sommersonne ebenso lieben wie die Winterk\u00e4lte, das Drau\u00dfensein ebenso wie das Zuhause. Unsere Produkte sind originell und minimalistisch, aber auch unglaublich n\u00fctzlich und praktisch. Ihr Ziel ist es nicht nur, Ihren Garten oder Poolbereich zu versch\u00f6nern, sondern sicherzustellen, dass Sie Spa\u00df haben. OGO ist da, damit Sie das Leben in vollen Z\u00fcgen genie\u00dfen k\u00f6nnen.<\/p>\n\n\n\n<h2 class=\"wp-block-heading\"><strong>\u00dcberragende Qualit\u00e4t und Innovation<\/strong><\/h2>\n\n\n\n<p>Wir arbeiten mit Materialien von h\u00f6chster Qualit\u00e4t, um Ihr Erlebnis un\u00fcbertroffen zu machen. Ganz gleich, ob Sie in unserem gesamten <a href=\"https:\/\/ogofurniture.com\/wp-content\/uploads\/2025\/03\/CATALOGO-OGO-FURNITURE-2025-MR.pdf\" type=\"link\" id=\"https:\/\/ogofurniture.com\/wp-content\/uploads\/2025\/03\/CATALOGO-OGO-FURNITURE-2025-MR.pdf\">Katalog <\/a>st\u00f6bern oder nach einem ganz bestimmten St\u00fcck suchen \u2013 Sie werden den Unterschied schon bei der ersten Ber\u00fchrung sp\u00fcren.<\/p>\n\n\n\n<p>Die Produkte von OGO sind nicht nur wasser- und UV-best\u00e4ndig, sondern auch flecken- und schimmelresistent \u2013 echte Allrounder, damit Sie sich um nichts anderes k\u00fcmmern m\u00fcssen, als das Leben zu genie\u00dfen!<\/p>\n\n\n\n<h3 class=\"wp-block-heading\">Schwimmende Designs: Eine neue Art der Entspannung<\/h3>\n\n\n\n<p>Einige unserer St\u00fccke sind weit mehr als nur Outdoor-M\u00f6bel und Sitzs\u00e4cke. Dank unserer speziellen wasserresistenten Stoffe sind viele unserer Designs tats\u00e4chlich schwimmf\u00e4hig. Z\u00f6gern Sie nicht, sie nass zu machen und ein erfrischendes Bad zu genie\u00dfen! Dieses Bekenntnis zur Innovation ist es, was Menschen dazu bringt, <strong>OGO zu entdecken<\/strong> und nie wieder zur\u00fcckzublicken. Wir sind stolz darauf, Hochleistungstextilien zu verwenden, die internationalen Standards wie <strong><a href=\"https:\/\/www.oeko-tex.com\" target=\"_blank\" rel=\"noreferrer noopener\">OEKO-TEX\u00ae<\/a><\/strong> entsprechen und so Sicherheit und Nachhaltigkeit garantieren.<\/p>\n\n\n\n<p>Wenn man Design und Originalit\u00e4t mit Vielseitigkeit und Nutzen verbindet, ist das Ergebnis OGO: Produkte, die den Raum bereichern und einen echten Unterschied machen. Ob Sommer oder Winter, zu Hause oder im Freien \u2013 OGO findet seinen Platz und integriert sich perfekt in Ihr Leben. Sind Sie bereit, <strong>OGO zu entdecken<\/strong>?  <\/p>\n\n\n\n<p><\/p>\n","protected":false},"excerpt":{"rendered":"<p>Die perfekte Erg\u00e4nzung f\u00fcr den Au\u00dfenbereich Tauchen Sie ein in das Meer, sp\u00fcren Sie den Sand, die leichte Brise und die W\u00e4rme der Sonne. Um die Natur wahrhaftig zu umarmen, m\u00fcssen Sie zuerst OGO entdecken. Wir sind eine innovative Marke, die ihre mediterranen Wurzeln niemals vergisst. Diese Spuren zeigen sich in jedem Produkt \u2013 von &hellip; <a href=\"https:\/\/ogofurniture.com\/de\/discover-ogo-modern-outdoor-furniture-lifestyle-design\/\">Continued<\/a><\/p>\n","protected":false},"author":4,"featured_media":12805,"parent":0,"menu_order":0,"comment_status":"closed","ping_status":"closed","template":"page-about.blade.php","meta":{"footnotes":""},"class_list":["post-12803","page","type-page","status-publish","has-post-thumbnail","hentry"],"acf":[],"yoast_head":"<!-- This site is optimized with the Yoast SEO plugin v27.5 - https:\/\/yoast.com\/product\/yoast-seo-wordpress\/ -->\n<title>\u00dcber uns - ogofurniture<\/title>\n<meta name=\"description\" content=\"Discover OGO and explore our unique collection of floating furniture and outdoor essentials. High-end design meets ultimate comfort.\" \/>\n<meta name=\"robots\" content=\"index, follow, max-snippet:-1, max-image-preview:large, max-video-preview:-1\" \/>\n<link rel=\"canonical\" href=\"https:\/\/ogofurniture.com\/de\/discover-ogo-modern-outdoor-furniture-lifestyle-design\/\" \/>\n<meta property=\"og:locale\" content=\"de_DE\" \/>\n<meta property=\"og:type\" content=\"article\" \/>\n<meta property=\"og:title\" content=\"\u00dcber uns - ogofurniture\" \/>\n<meta property=\"og:description\" content=\"Discover OGO and explore our unique collection of floating furniture and outdoor essentials. High-end design meets ultimate comfort.\" \/>\n<meta property=\"og:url\" content=\"https:\/\/ogofurniture.com\/de\/discover-ogo-modern-outdoor-furniture-lifestyle-design\/\" \/>\n<meta property=\"og:site_name\" content=\"ogofurniture\" \/>\n<meta property=\"article:modified_time\" content=\"2026-04-21T10:50:00+00:00\" \/>\n<meta property=\"og:image\" content=\"https:\/\/ogofurniture.com\/wp-content\/uploads\/2023\/07\/DON-OUT_OGO_CasaSardinera_-9-1.jpg\" \/>\n\t<meta property=\"og:image:width\" content=\"1911\" \/>\n\t<meta property=\"og:image:height\" content=\"1275\" \/>\n\t<meta property=\"og:image:type\" content=\"image\/jpeg\" \/>\n<meta name=\"twitter:card\" content=\"summary_large_image\" \/>\n<meta name=\"twitter:label1\" content=\"Gesch\u00e4tzte Lesezeit\" \/>\n\t<meta name=\"twitter:data1\" content=\"3\u00a0Minuten\" \/>\n<script type=\"application\/ld+json\" class=\"yoast-schema-graph\">{\"@context\":\"https:\\\/\\\/schema.org\",\"@graph\":[{\"@type\":\"WebPage\",\"@id\":\"https:\\\/\\\/ogofurniture.com\\\/de\\\/discover-ogo-modern-outdoor-furniture-lifestyle-design\\\/\",\"url\":\"https:\\\/\\\/ogofurniture.com\\\/de\\\/discover-ogo-modern-outdoor-furniture-lifestyle-design\\\/\",\"name\":\"\u00dcber uns - ogofurniture\",\"isPartOf\":{\"@id\":\"https:\\\/\\\/ogofurniture.com\\\/de\\\/#website\"},\"primaryImageOfPage\":{\"@id\":\"https:\\\/\\\/ogofurniture.com\\\/de\\\/discover-ogo-modern-outdoor-furniture-lifestyle-design\\\/#primaryimage\"},\"image\":{\"@id\":\"https:\\\/\\\/ogofurniture.com\\\/de\\\/discover-ogo-modern-outdoor-furniture-lifestyle-design\\\/#primaryimage\"},\"thumbnailUrl\":\"https:\\\/\\\/ogofurniture.com\\\/wp-content\\\/uploads\\\/2023\\\/07\\\/DON-OUT_OGO_CasaSardinera_-9-1.jpg\",\"datePublished\":\"2023-06-09T07:51:40+00:00\",\"dateModified\":\"2026-04-21T10:50:00+00:00\",\"description\":\"Discover OGO and explore our unique collection of floating furniture and outdoor essentials. High-end design meets ultimate comfort.\",\"inLanguage\":\"de\",\"potentialAction\":[{\"@type\":\"ReadAction\",\"target\":[\"https:\\\/\\\/ogofurniture.com\\\/de\\\/discover-ogo-modern-outdoor-furniture-lifestyle-design\\\/\"]}]},{\"@type\":\"ImageObject\",\"inLanguage\":\"de\",\"@id\":\"https:\\\/\\\/ogofurniture.com\\\/de\\\/discover-ogo-modern-outdoor-furniture-lifestyle-design\\\/#primaryimage\",\"url\":\"https:\\\/\\\/ogofurniture.com\\\/wp-content\\\/uploads\\\/2023\\\/07\\\/DON-OUT_OGO_CasaSardinera_-9-1.jpg\",\"contentUrl\":\"https:\\\/\\\/ogofurniture.com\\\/wp-content\\\/uploads\\\/2023\\\/07\\\/DON-OUT_OGO_CasaSardinera_-9-1.jpg\",\"width\":1911,\"height\":1275,\"caption\":\"Don out pouf outdoor patio garden furniture\"},{\"@type\":\"WebSite\",\"@id\":\"https:\\\/\\\/ogofurniture.com\\\/de\\\/#website\",\"url\":\"https:\\\/\\\/ogofurniture.com\\\/de\\\/\",\"name\":\"ogofurniture\",\"description\":\"In &amp; Out Furniture\",\"potentialAction\":[{\"@type\":\"SearchAction\",\"target\":{\"@type\":\"EntryPoint\",\"urlTemplate\":\"https:\\\/\\\/ogofurniture.com\\\/de\\\/?s={search_term_string}\"},\"query-input\":{\"@type\":\"PropertyValueSpecification\",\"valueRequired\":true,\"valueName\":\"search_term_string\"}}],\"inLanguage\":\"de\"}]}<\/script>\n<!-- \/ Yoast SEO plugin. -->","yoast_head_json":{"title":"\u00dcber uns - ogofurniture","description":"Discover OGO and explore our unique collection of floating furniture and outdoor essentials. High-end design meets ultimate comfort.","robots":{"index":"index","follow":"follow","max-snippet":"max-snippet:-1","max-image-preview":"max-image-preview:large","max-video-preview":"max-video-preview:-1"},"canonical":"https:\/\/ogofurniture.com\/de\/discover-ogo-modern-outdoor-furniture-lifestyle-design\/","og_locale":"de_DE","og_type":"article","og_title":"\u00dcber uns - ogofurniture","og_description":"Discover OGO and explore our unique collection of floating furniture and outdoor essentials. High-end design meets ultimate comfort.","og_url":"https:\/\/ogofurniture.com\/de\/discover-ogo-modern-outdoor-furniture-lifestyle-design\/","og_site_name":"ogofurniture","article_modified_time":"2026-04-21T10:50:00+00:00","og_image":[{"width":1911,"height":1275,"url":"https:\/\/ogofurniture.com\/wp-content\/uploads\/2023\/07\/DON-OUT_OGO_CasaSardinera_-9-1.jpg","type":"image\/jpeg"}],"twitter_card":"summary_large_image","twitter_misc":{"Gesch\u00e4tzte Lesezeit":"3\u00a0Minuten"},"schema":{"@context":"https:\/\/schema.org","@graph":[{"@type":"WebPage","@id":"https:\/\/ogofurniture.com\/de\/discover-ogo-modern-outdoor-furniture-lifestyle-design\/","url":"https:\/\/ogofurniture.com\/de\/discover-ogo-modern-outdoor-furniture-lifestyle-design\/","name":"\u00dcber uns - ogofurniture","isPartOf":{"@id":"https:\/\/ogofurniture.com\/de\/#website"},"primaryImageOfPage":{"@id":"https:\/\/ogofurniture.com\/de\/discover-ogo-modern-outdoor-furniture-lifestyle-design\/#primaryimage"},"image":{"@id":"https:\/\/ogofurniture.com\/de\/discover-ogo-modern-outdoor-furniture-lifestyle-design\/#primaryimage"},"thumbnailUrl":"https:\/\/ogofurniture.com\/wp-content\/uploads\/2023\/07\/DON-OUT_OGO_CasaSardinera_-9-1.jpg","datePublished":"2023-06-09T07:51:40+00:00","dateModified":"2026-04-21T10:50:00+00:00","description":"Discover OGO and explore our unique collection of floating furniture and outdoor essentials. High-end design meets ultimate comfort.","inLanguage":"de","potentialAction":[{"@type":"ReadAction","target":["https:\/\/ogofurniture.com\/de\/discover-ogo-modern-outdoor-furniture-lifestyle-design\/"]}]},{"@type":"ImageObject","inLanguage":"de","@id":"https:\/\/ogofurniture.com\/de\/discover-ogo-modern-outdoor-furniture-lifestyle-design\/#primaryimage","url":"https:\/\/ogofurniture.com\/wp-content\/uploads\/2023\/07\/DON-OUT_OGO_CasaSardinera_-9-1.jpg","contentUrl":"https:\/\/ogofurniture.com\/wp-content\/uploads\/2023\/07\/DON-OUT_OGO_CasaSardinera_-9-1.jpg","width":1911,"height":1275,"caption":"Don out pouf outdoor patio garden furniture"},{"@type":"WebSite","@id":"https:\/\/ogofurniture.com\/de\/#website","url":"https:\/\/ogofurniture.com\/de\/","name":"ogofurniture","description":"In &amp; Out Furniture","potentialAction":[{"@type":"SearchAction","target":{"@type":"EntryPoint","urlTemplate":"https:\/\/ogofurniture.com\/de\/?s={search_term_string}"},"query-input":{"@type":"PropertyValueSpecification","valueRequired":true,"valueName":"search_term_string"}}],"inLanguage":"de"}]}},"jetpack_sharing_enabled":true,"_links":{"self":[{"href":"https:\/\/ogofurniture.com\/de\/wp-json\/wp\/v2\/pages\/12803","targetHints":{"allow":["GET"]}}],"collection":[{"href":"https:\/\/ogofurniture.com\/de\/wp-json\/wp\/v2\/pages"}],"about":[{"href":"https:\/\/ogofurniture.com\/de\/wp-json\/wp\/v2\/types\/page"}],"author":[{"embeddable":true,"href":"https:\/\/ogofurniture.com\/de\/wp-json\/wp\/v2\/users\/4"}],"replies":[{"embeddable":true,"href":"https:\/\/ogofurniture.com\/de\/wp-json\/wp\/v2\/comments?post=12803"}],"version-history":[{"count":9,"href":"https:\/\/ogofurniture.com\/de\/wp-json\/wp\/v2\/pages\/12803\/revisions"}],"predecessor-version":[{"id":19921,"href":"https:\/\/ogofurniture.com\/de\/wp-json\/wp\/v2\/pages\/12803\/revisions\/19921"}],"wp:featuredmedia":[{"embeddable":true,"href":"https:\/\/ogofurniture.com\/de\/wp-json\/wp\/v2\/media\/12805"}],"wp:attachment":[{"href":"https:\/\/ogofurniture.com\/de\/wp-json\/wp\/v2\/media?parent=12803"}],"curies":[{"name":"wp","href":"https:\/\/api.w.org\/{rel}","templated":true}]}}